{"id":1150,"date":"2018-08-13T09:29:31","date_gmt":"2018-08-13T09:29:31","guid":{"rendered":"http:\/\/byanca.select-themes.com\/?page_id=1150"},"modified":"2021-08-18T13:29:54","modified_gmt":"2021-08-18T10:29:54","slug":"faq","status":"publish","type":"page","link":"https:\/\/www.parlor.ro\/ro\/faq\/","title":{"rendered":"FAQ"},"content":{"rendered":"<div class=\"container-m\">\n<h3>CUM FAC O CUMP\u0102RARE?<\/h3>\n<p>Cump\u0103r\u0103turile la PARLOR sunt u\u0219or:<\/p>\n<p>Odat\u0103 ce a\u021bi g\u0103sit un articol, alege\u021bi m\u0103rimea \u0219i face\u021bi clic pe butonul \u201eAD\u0102UGA\u021aI \u00ceN CO\u0218\u201d de pe pagina produsului.<br \/>\nExamina\u021bi articolele din co\u0219ul dvs. de cump\u0103r\u0103turi f\u0103c\u00e2nd clic pe link-ul \u201eCOSUL DE CUMP\u0102RURI\u201d din partea de sus a paginii.<br \/>\nFace\u021bi clic pe \u201ePROCED\u0102 LA CHECKOUT\u201d pentru a finaliza comanda.<\/p>\n<h3>INFORMA\u021aIILE MELE PERSONALE P\u0102STR\u0102 PRIVATE?<\/h3>\n<p>V\u0103 asigur\u0103m c\u0103 informa\u021biile dumneavoastr\u0103 personale sunt p\u0103strate private \u0219i confiden\u021biale \u0219i \u00een niciun moment nu le vom \u00eemp\u0103rt\u0103\u0219i cu o ter\u021b\u0103 parte. Pentru mai multe informa\u021bii, v\u0103 rug\u0103m s\u0103 citi\u021bi <a href=\"https:\/\/www.parlor.ro\/ro\/politica-de-confidentialitate\/\">Politica de confiden\u021bialitate<\/a> \u00een \u00eentregime.<\/p>\n<h3>MI-AM UITAT PAROLA \u2014 CE TREBUIE S\u0102 FAC?<\/h3>\n<p>Pentru a v\u0103 reseta parola, urma\u021bi instruc\u021biunile \u201ePAROLA Pierdut\u0103\u201d de pe pagina de CONECTARE. V\u0103 rug\u0103m s\u0103 re\u021bine\u021bi c\u0103, din motive de securitate, nu v\u0103 putem trimite vechea parol\u0103 prin e-mail.<\/p>\n<h3>CE METODE DE PLAT\u0102 ACCEPT\u0102 PARLOR \u0218I ESTE SIGUR S\u0102 UTILIZA\u021aI CARDUL MEU DE CREDIT ONLINE?<\/h3>\n<p>Pute\u021bi pl\u0103ti folosind cardul dvs. Toate pl\u0103\u021bile sunt procesate printr-un sistem securizat de plat\u0103 oferit de NETOPIA.<\/p>\n<p>De asemenea, comenzile pentru prima dat\u0103 trebuie trimise la adresa de facturare sau la adresa de serviciu a titularului cardului. Acest proces nu este doar pentru securitatea dvs., ci \u0219i pentru a v\u0103 putea verifica datele \u00een mod independent. Pentru a v\u0103 asigura c\u0103 nu ave\u021bi \u00eent\u00e2rzieri la comanda dumneavoastr\u0103, v\u0103 rug\u0103m s\u0103 v\u0103 asigura\u021bi c\u0103 toate detaliile dumneavoastr\u0103 sunt introduse corect.<\/p>\n<h3>PACHETUL MEU ESTE ASIGURAT \u0218I TREBUIE S\u0102 SEMNEZ PENTRU COMANDA MEA?<\/h3>\n<p>Toate achizi\u021biile dvs. sunt asigurate \u00eempotriva furtului \u0219i daunelor accidentale \u00een timpul tranzitului de la PARLOR la adresa dvs. de expediere. Odat\u0103 ce pachetul dvs. a fost livrat \u0219i semnat la adresa specificat\u0103, acesta nu mai este acoperit.<\/p>\n<p>Pentru a ne asigura c\u0103 achizi\u021biile dumneavoastr\u0103 ajung \u00een siguran\u021b\u0103 \u0219i \u00een stare perfect\u0103, avem nevoie de dovada livr\u0103rii pentru toate comenzile \u0219i nu putem autoriza ca pachetele s\u0103 fie livrate f\u0103r\u0103 semn\u0103tur\u0103.<\/p>\n<h3>PARLOR SE EXPIDE LA MULTIPLE ADRESE?<\/h3>\n<p>Putem livra doar la o singur\u0103 adres\u0103 per comand\u0103. Dac\u0103 dori\u021bi s\u0103 trimite\u021bi achizi\u021biile la mai multe adrese, v\u0103 suger\u0103m s\u0103 plasa\u021bi o comand\u0103 separat\u0103 pentru fiecare destina\u021bie.<\/p>\n<h3>CUM POT URMAR COMANDA?<\/h3>\n<p>Odat\u0103 ce comanda dvs. a fost expediat\u0103, ve\u021bi primi un e-mail care con\u021bine num\u0103rul documentului de transport aerian pentru a v\u0103 urm\u0103ri pachetul.<\/p>\n<p>Dac\u0103 v-a\u021bi \u00eenregistrat, pute\u021bi urm\u0103ri, de asemenea, progresul livr\u0103rii, conect\u00e2ndu-v\u0103 la contul dvs. \u0219i select\u00e2nd Contul meu, urmat de Starea comenzii.<\/p>\n<h3>V\u0102 FI RASTURS\u0102 \u00ceN TOTAL\u0102 VALOARE A COMANDEI MELE?<\/h3>\n<p>Toate taxele pe v\u00e2nz\u0103ri sunt incluse \u00een rambursarea dumneavoastr\u0103 dac\u0103 comanda dumneavoastr\u0103 a fost trimis\u0103 c\u0103tre o destina\u021bie din UE. \u00cen afara UE, taxele vamale \u0219i taxele de v\u00e2nzare sunt nerambursabile. Este posibil s\u0103 pute\u021bi recupera aceste costuri contact\u00e2nd direct biroul vamal local.<\/p>\n<p>Re\u021bine\u021bi c\u0103 poate dura p\u00e2n\u0103 la 10 zile lucr\u0103toare pentru ca rambursarea s\u0103 apar\u0103 \u00een contul dvs.<\/p>\n<\/div>","protected":false},"excerpt":{"rendered":"<p>HOW DO I MAKE A PURCHASE? Shopping at PARLOR is easy: Once you have found an item, choose your size and click on the \u2018ADD TO CART\u2019 button on the product page. Review the items in your shopping bag by clicking the \u2018SHOPPING CART\u2019 link at the top of the page. Click on \u2018PROCEED TO [&hellip;]<\/p>\n","protected":false},"author":2,"featured_media":0,"parent":0,"menu_order":0,"comment_status":"closed","ping_status":"closed","template":"page-wide.php","meta":{"footnotes":""},"class_list":["post-1150","page","type-page","status-publish","hentry"],"post_mailing_queue_ids":[],"_links":{"self":[{"href":"https:\/\/www.parlor.ro\/ro\/wp-json\/wp\/v2\/pages\/1150","targetHints":{"allow":["GET"]}}],"collection":[{"href":"https:\/\/www.parlor.ro\/ro\/wp-json\/wp\/v2\/pages"}],"about":[{"href":"https:\/\/www.parlor.ro\/ro\/wp-json\/wp\/v2\/types\/page"}],"author":[{"embeddable":true,"href":"https:\/\/www.parlor.ro\/ro\/wp-json\/wp\/v2\/users\/2"}],"replies":[{"embeddable":true,"href":"https:\/\/www.parlor.ro\/ro\/wp-json\/wp\/v2\/comments?post=1150"}],"version-history":[{"count":0,"href":"https:\/\/www.parlor.ro\/ro\/wp-json\/wp\/v2\/pages\/1150\/revisions"}],"wp:attachment":[{"href":"https:\/\/www.parlor.ro\/ro\/wp-json\/wp\/v2\/media?parent=1150"}],"curies":[{"name":"wp","href":"https:\/\/api.w.org\/{rel}","templated":true}]}}