{"id":5467,"date":"2018-08-03T12:47:45","date_gmt":"2018-08-03T12:47:45","guid":{"rendered":"http:\/\/byanca.select-themes.com\/?page_id=3"},"modified":"2020-10-14T07:22:34","modified_gmt":"2020-10-14T07:22:34","slug":"politica-de-confidentialitate","status":"publish","type":"page","link":"https:\/\/www.parlor.ro\/ro\/privacy-policy\/","title":{"rendered":"Politica de confiden\u021bialitate"},"content":{"rendered":"<div class=\"wpb_text_column wpb_content_element\">\n<div class=\"wpb_wrapper\">\n<p>Societatea \u201eParlor\u201d, sc PARLOR STORE srl, societate organizata si existenta in conditiile legii Romaniei, cu sediul social in Bucuresti, str. Silvestru nr. 6, inregistrata la Registrul Comertului sub Nr. RO 24144011, Cod Unic de Inregistrare J40\/11702\/2008 , tel. +40212105458, e-mail atelier@parlor.ro.<\/p>\n<p>\u201eCompania\u201d este \u00eenregistrat\u0103 la Registrul \u00cenregistr\u0103rilor Prelucr\u0103rii Datelor cu Caracter Personal sub Nr.<\/p>\n<p>Conform cerin\u021belor Legii nr. 677\/2001 pentru protec\u021bia persoanelor \u00een leg\u0103tur\u0103 cu prelucrarea datelor cu caracter personal \u0219i libera circula\u021bie a acestor date, cu modific\u0103rile \u0219i complet\u0103rile ulterioare (denumit\u0103 \u00een continuare \u201eLegea 677\/2001\u201d), Societatea trebuie s\u0103 se descurce \u00een condi\u021bii de siguran\u021b\u0103. conditii si numai pentru scopurile specificate datele personale pe care ni le furnizati prin intermediul Site-ului.<\/p>\n<p>Protec\u021bia datelor cu caracter personal este o prioritate pentru Companie. Apreciem \u00eencrederea dumneavoastr\u0103 \u0219i de aceea aplic\u0103m cele mai \u00eenalte standarde de protec\u021bie datelor dumneavoastr\u0103 cu caracter personal. Stocarea datelor dumneavoastr\u0103 personale pe serverele Companiei se face \u00een conformitate cu standardele legale de securitate \u0219i protec\u021bie \u00eempotriva accesului neautorizat.<\/p>\n<p>Prin politica sa de protec\u021bie a datelor cu caracter personal, Compania urm\u0103re\u0219te s\u0103 respecte prevederile legisla\u021biei rom\u00e2ne relevante, \u00een special prevederile Legii nr. 677\/2001 \u0219i ale Legii nr. 506\/2004 privind prelucrarea datelor cu caracter personal \u0219i protec\u021bia vie\u021bii private \u00een domeniul electronic. comunicatii. \u00cen ceea ce prive\u0219te prelucrarea datelor dumneavoastr\u0103 cu caracter personal, Compania v\u0103 recunoa\u0219te \u0219i respect\u0103 drepturile prev\u0103zute de Legea nr. 677\/2001, inclusiv, f\u0103r\u0103 limitare, dreptul de acces la datele, dreptul de modificare a datelor \u0219i dreptul de opozi\u021bie.<\/p>\n<p>Vom detalia \u00een continuare modul \u00een care Compania prelucreaz\u0103 datele dumneavoastr\u0103 cu caracter personal. Cu excep\u021bia cazului \u00een care este definit altfel \u00een mod expres, termenii cu majuscule vor avea sensul care le este atribuit \u00een Termenii \u0219i Condi\u021biile Magazinului Online www.parlor.ro.<\/p>\n<\/div>\n<\/div>\n<h5 class=\"vc_custom_heading\">Dac\u0103 nu sunte\u021bi de acord cu prelucrarea datelor \u00een conformitate cu aceast\u0103 Politic\u0103 de confiden\u021bialitate, v\u0103 rug\u0103m s\u0103 \u00eenceta\u021bi utilizarea acestui site web.<\/h5>\n<div class=\"vc_empty_space\"><\/div>\n<h5 class=\"vc_custom_heading\">1. COLECTAREA \u0218I PRELUCRAREA DATELOR. DEZV\u0102LUIRE<\/h5>\n<div class=\"wpb_text_column wpb_content_element\">\n<div class=\"wpb_wrapper\">\n<ol>\n<li>Compania va colecta \u0219i prelucra datele dumneavoastr\u0103 cu caracter personal privind: nume \u0219i prenume, adresa de e-mail, adresa de e-mail, conduita Site-ului, Comenzile anterioare plasate pe Website sau alte elemente necesare pentru furnizarea serviciilor Companiei, num\u0103rul personal de identificare (CNP). De asemenea, Fi\u0219ierele Jurnal de Server ale Site-ului stocheaz\u0103 informa\u021biile furnizate automat de computerul dumneavoastr\u0103, adic\u0103 versiunea browserului dumneavoastr\u0103, sistemul de operare, adresa URL (pagina vizitat\u0103 anterior), adresa IP, ora la care a fost accesat serverul. \u00cen scopul acestei Politici de confiden\u021bialitate, datele \u0219i informa\u021biile furnizate aici vor fi denumite \u00een mod colectiv \u201eDate personale\u201d.<\/li>\n<li>Datele cu caracter personal sunt colectate pentru (a) preluarea, validarea, expedierea \u0219i facturarea Comenzii, (b) executarea \u0219i executarea Contractului, (c) rezolvarea cererilor de anulare sau orice fel de probleme referitoare la o Comand\u0103 sau un Contract, (d ) furnizeaz\u0103 informa\u021bii despre o Comand\u0103 \u0219i campaniile promo\u021bionale ale Companiei (\u201d<br \/>\nBuletine informative\u201c) \u0219i (e) s\u0103 efectueze diverse analize statistice (inclusiv pentru a \u00eembun\u0103t\u0103\u021bi experien\u021ba de navigare sau serviciile Companiei).<\/li>\n<li>Compania se oblig\u0103 s\u0103 utilizeze datele cu caracter personal colectate numai \u00een conformitate cu scopurile declarate \u0219i s\u0103 nu fac\u0103 publice, s\u0103 v\u00e2nd\u0103, s\u0103 \u00eenchirieze, s\u0103 licen\u021bieze, s\u0103 transfere etc. baza de date cu date cu caracter personal c\u0103tre niciun ter\u021b care nu este implicat \u00een \u00eendeplinirea scopurile men\u021bionate mai sus. Pentru evitarea oric\u0103rui dubiu, procesatorii de carduri bancare agreate de Companie vor fi considera\u021bi ter\u021bi\/p\u0103r\u021bi implica\u021bi \u0219i, prin urmare, vor avea dreptul de a accesa\/vedea orice tip de date\/documente generate \u00een urma unei Comenzi emise, anulate. , Contract, Contract anulat sau Contract \u00eendeplinit.<\/li>\n<li>Solicitarea autorit\u0103\u021bilor competente de a transfera\/accesa\/consulta etc. Datele cu Caracter Personal \u00een cazurile prev\u0103zute de legile \u00een vigoare constituie o excep\u021bie de la prevederile pct. 1.3.<\/li>\n<li>Prin completarea datelor dumneavoastr\u0103 \u00een formularul de creare a contului \u0219i\/sau formularul de comand\u0103 \u0219i bif\u00e2nd c\u0103su\u021ba de acceptare a prelucr\u0103rii datelor cu caracter personal, declara\u021bi \u00een mod expres c\u0103 accepta\u021bi necondi\u021bionat ca datele dumneavoastr\u0103 cu caracter personal s\u0103 fie introduse \u00een baza de date a Companiei \u0219i s\u0103 fie stocate, utilizate \u0219i prelucrate pe o perioad\u0103 de 20 de ani de c\u0103tre Companie \u0219i\/sau contractorii s\u0103i strict \u00een scopurile men\u021bionate mai sus.<br \/>\n<h5 class=\"vc_custom_heading\">2. DREPTUL LA INFORMA\u021aIE \u0218I ALTE DREPTURI \u00ceN LEGEA NR. 677\/2001<\/h5>\n<div class=\"wpb_text_column wpb_content_element\">\n<div class=\"wpb_wrapper\">\n<ol>\n<li>\u00cencrederea dumneavoastr\u0103 este foarte important\u0103 pentru compania noastr\u0103. Acesta este motivul pentru care, \u00een timpul orelor de lucru, suntem disponibili pentru a v\u0103 oferi informa\u021bii suplimentare cu privire la prelucrarea datelor dumneavoastr\u0103 cu caracter personal de c\u0103tre Companie. Ave\u021bi dreptul de a primi informa\u021bii cu privire la datele Site-ului, originea \u0219i destinatarii, scopul, perioada \u0219i metodele de prelucrare a datelor. Dac\u0103 dori\u021bi s\u0103 primi\u021bi informa\u021bii despre datele \u00eenregistrate, v\u0103 rug\u0103m s\u0103 contacta\u021bi Departamentul de Asisten\u021b\u0103 Clien\u021bi (email: atelier@parlor.ro).<\/li>\n<li>De asemenea, ave\u021bi dreptul s\u0103 solicita\u021bi \u0219i s\u0103 ob\u021bine\u021bi, \u00een mod gratuit: (a) o dat\u0103 pe an, o confirmare c\u0103 Compania v\u0103 prelucreaz\u0103 sau nu datele \u0219i (b) dup\u0103 caz, rectificarea, actualizarea, blocarea sau \u0219tergerea Datele dumneavoastr\u0103 cu caracter personal a c\u0103ror prelucrare nu este conform\u0103 cu legea, \u00een special datele incomplete sau inexacte. V\u0103 pute\u021bi exercita acest drept trimi\u021b\u00e2nd Societ\u0103\u021bii o cerere scris\u0103, datat\u0103 \u0219i semnat\u0103 la urm\u0103toarea adres\u0103: Bucure\u0219ti, str. Silvestru nr. 6, sector 2, 020735, Rom\u00e2nia, \u00een aten\u021bia Administratorului.<\/li>\n<\/ol>\n<\/div>\n<\/div>\n<h5 class=\"vc_custom_heading\">3. DREPTUL DE OPOZI\u021aIE<\/h5>\n<div class=\"wpb_text_column wpb_content_element\">\n<div class=\"wpb_wrapper\">\n<ol>\n<li>Conform Legii nr. 677\/2001, ave\u021bi dreptul s\u0103 v\u0103 opune\u021bi pentru motive rezonabile \u0219i legitime, de la caz la caz, prelucr\u0103rii datelor dumneavoastr\u0103 cu caracter personal. V\u0103 pute\u021bi exercita acest drept trimi\u021b\u00e2nd Societ\u0103\u021bii o cerere scris\u0103, datat\u0103 \u0219i semnat\u0103 la urm\u0103toarea adres\u0103: Bucure\u0219ti, str. Silvestru nr. 6, sector 2, 020735, Rom\u00e2nia, \u00een aten\u021bia Administratorului. \u00cen cazul \u00een care a fost formulat\u0103 o opozi\u021bie \u00eentemeiat\u0103, prelucrarea nu mai poate avea \u00een vedere astfel de date, cu excep\u021bia cazului \u00een care legea prevede altfel (\u00een cazurile \u00een care Societatea are obliga\u021bia legal\u0103 de a stoca Datele cu Caracter Personal).<\/li>\n<li>De asemenea, ave\u021bi dreptul s\u0103 v\u0103 opune\u021bi \u00een orice moment, \u00een mod gratuit \u0219i f\u0103r\u0103 motiv, prelucr\u0103rii datelor dumneavoastr\u0103 cu caracter personal \u00een scopuri de marketing direct (Buletine informative). V\u0103 pute\u021bi exercita acest drept trimi\u021b\u00e2nd Societ\u0103\u021bii o cerere scris\u0103, datat\u0103 \u0219i semnat\u0103 la urm\u0103toarea adres\u0103 Bucure\u0219ti, str. Silvestru nr. 6, sector 2, 020735, Rom\u00e2nia \u00een aten\u021bia Administratorului.<\/li>\n<li>Datele din c\u00e2mpurile obligatorii sunt necesare pentru procesarea cererilor sau Comenzilor dumneavoastr\u0103.<\/li>\n<\/ol>\n<\/div>\n<\/div>\n<h5 class=\"vc_custom_heading\">4. BULETERNE \u0218I ALTE INFORMA\u021aII COMERCIALE<\/h5>\n<div class=\"wpb_text_column wpb_content_element\">\n<div class=\"wpb_wrapper\">\n<ol>\n<li>Buletinele informative ale Companiei \u0219i celelalte informa\u021bii comerciale trimise pe adresa dumneavoastr\u0103 de e-mail v\u0103 permit s\u0103 r\u0103m\u00e2ne\u021bi la curent cu cele mai recente oferte \u0219i informa\u021bii comerciale ale Companiei.<\/li>\n<li>Ve\u021bi primi buletinele informative ale Companiei \u0219i alte informa\u021bii comerciale de la Companie numai dac\u0103 sunte\u021bi de acord \u00een mod expres s\u0103 primi\u021bi astfel de notific\u0103ri la adresa dumneavoastr\u0103 de e-mail. Trimite\u021bi adresa dvs. de e-mail \u0219i confirma\u021bi c\u0103 sunte\u021bi de acord s\u0103 primi\u021bi informa\u021bii comerciale acces\u00e2nd linkul trimis c\u0103tre adresa dvs. de e-mail confirmat\u0103. Accesarea acestui link \u00eenseamn\u0103 c\u0103 sunte\u021bi de acord cu:\n<ol>\n<li>s\u0103 fie trimise informa\u021bii comerciale prin newsletter de pe site;<\/li>\n<li>utilizarea Datelor cu caracter personal de c\u0103tre Companie \u00een scopuri legate de livrarea Newsletter-ului \u0219i a altor informa\u021bii comerciale.<\/li>\n<\/ol>\n<\/li>\n<li>Ave\u021bi acces \u00een orice moment la datele dumneavoastr\u0103 cu caracter personal \u0219i le pute\u021bi modifica sau alege s\u0103 v\u0103 dezabona\u021bi de la newsletter sau s\u0103 nu primi\u021bi orice informa\u021bii comerciale pe adresa dumneavoastr\u0103 de e-mail, f\u0103r\u0103 costuri suplimentare. Pentru a v\u0103 dezabona de la Newsletter \u0219i orice fel de informa\u021bii comerciale, v\u0103 rug\u0103m s\u0103 utiliza\u021bi op\u021biunea de la sf\u00e2r\u0219itul fiec\u0103rui Newsletter. Utilizatorii \u00eenregistra\u021bi se pot dezabona de la Newsletter \u0219i de la celelalte tipuri de informa\u021bii comerciale acces\u00e2nd \u201eContul dvs.\u201d de pe Site.<\/li>\n<li>Datorit\u0103 func\u021bionalit\u0103\u021bii Newsletter-ului Companiei, putem urm\u0103ri informa\u021bii de interes pentru Utilizatorii site-ului (inclusiv prin cookie-uri). Rezultatele unor astfel de analize sunt folosite doar \u00een scopul \u00eembun\u0103t\u0103\u021birii ofertelor Companiei.<br \/>\n<h5 class=\"vc_custom_heading\">5. SECURITATE<\/h5>\n<div class=\"wpb_text_column wpb_content_element\">\n<div class=\"wpb_wrapper\">\n<ol>\n<li>Datele cu caracter personal sunt prelucrate prin utilizarea protocolului criptografic de securitate SSL (Secure Socket Layer) folosind o cheie de 256 de bi\u021bi, marcat\u0103 de o pictogram\u0103 mic\u0103 de lac\u0103t \u00een partea de jos a ferestrei browserului. Aceast\u0103 tehnic\u0103 ofer\u0103 un nivel ridicat de securitate a datelor.<\/li>\n<\/ol>\n<\/div>\n<\/div>\n<h5 class=\"vc_custom_heading\">6. SECURITATEA PLATILOR ONLINE<\/h5>\n<div class=\"wpb_text_column wpb_content_element\">\n<div class=\"wpb_wrapper\">\n<ol>\n<li>Site-ul web permite plata prin serviciul online Pay Pal prin transfer bancar, card de credit sau numerar la livrare. Toate metodele de plat\u0103 sunt protejate la standardele de securitate men\u021bionate mai sus.<\/li>\n<li>Site-ul web \u00eendepline\u0219te cerin\u021bele Standardului de securitate a datelor din industria cardurilor de plat\u0103 (PCI-DSS). Compania nu solicit\u0103 \u0219i nu stocheaz\u0103 niciun fel de informa\u021bii pe cardul Utilizatorului, care sunt procesate direct pe serverele furnizorilor de servicii de plat\u0103 online.<br \/>\n<h5 class=\"vc_custom_heading\">7. COOKIE-uri<\/h5>\n<div class=\"wpb_text_column wpb_content_element\">\n<div class=\"wpb_wrapper\">\n<ol>\n<li>Cookie-urile sunt fi\u0219iere care permit conectarea corespunz\u0103toare a Utilizatorului la Website \u0219i plasarea u\u0219oar\u0103 a Comenzilor, precum \u0219i efectuarea de analize statistice.<\/li>\n<li>Mecanismul cookie reprezint\u0103 un avantaj pentru vizitator, deoarece \u00ee\u0219i poate aminti op\u021biunile de navigare pe site-ul dvs., cum ar fi limba \u00een care este accesat site-ul \u0219i tipul de filtre la afi\u0219area anumitor pagini web. Prin utilizarea cookie-urilor, Compania poate analiza interesul vizitatorilor pentru sec\u021biunile Site-ului, ceea ce \u00eei permite s\u0103 \u00eembun\u0103t\u0103\u021beasc\u0103 \u00een continuare experien\u021ba de navigare prin introducerea de con\u021binut relevant pentru Utilizator etc. Unii dintre partenerii de afaceri ai Companiei, de exemplu cei care fac publicitate pe site-ul web, utiliza\u021bi cookie-urile site-ului web. Compania nu are acces \u0219i nu poate controla aceste cookie-uri.<\/li>\n<li>Utilizatorul poate limita sau interzice accesul fi\u0219ierelor cookie la computerul s\u0103u folosind set\u0103rile browserului.<\/li>\n<li>Compania folose\u0219te propriile cookie-uri \u00een urm\u0103torul scop:\n<ol>\n<li>Configurarea serviciilor, inclusiv:\n<ol>\n<li>ajustarea con\u021binutului site-ului prin referire la preferin\u021bele utilizatorului \u0219i optimizarea utiliz\u0103rii site-ului;<\/li>\n<li>recunoa\u0219terea dispozitivelor Utilizatorului \u0219i localizarea Utilizatorului, precum \u0219i afi\u0219area corect\u0103 a Site-ului, pentru nevoi personale;<\/li>\n<li>amintirea set\u0103rilor selectate \u0219i personalizarea interfe\u021bei utilizatorului, de exemplu \u00een leg\u0103tur\u0103 cu limba selectat\u0103 sau regiunea utilizatorului;<\/li>\n<li>amintirea istoricului paginilor web vizitate.<\/li>\n<\/ol>\n<\/li>\n<li>Autentificarea utilizatorului \u0219i eficientizarea sesiunii utilizatorului pe server:\n<ol>\n<li>men\u021binerea sesiunii de Utilizator (dup\u0103 autentificare), ceea ce \u00eenseamn\u0103 c\u0103 Utilizatorul se poate autentifica automat \u0219i nu trebuie s\u0103 introduc\u0103 numele de utilizator \u0219i parola de fiecare dat\u0103;<\/li>\n<li>configurarea corect\u0103 a func\u021biilor selectate, permi\u021b\u00e2nd astfel o verificare detaliat\u0103 a autenticit\u0103\u021bii sesiunii;<\/li>\n<li>op\u021biunea de chat;<\/li>\n<li>asigurarea proceselor necesare pentru ca Website-ul (tranzac\u021biile) s\u0103 fie pe deplin opera\u021bional;<\/li>\n<li>ajustarea con\u021binutului site-ului prin referire la preferin\u021bele Utilizatorului \u0219i optimizarea utiliz\u0103rii paginilor web. Mai exact, aceste fi\u0219iere permit cunoa\u0219terea parametrilor de baz\u0103 \u00een dispozitivul Utilizatorului \u0219i \u00eenc\u0103rcarea corect\u0103 a paginilor web care sunt de interes pentru Utilizator.<\/li>\n<\/ol>\n<\/li>\n<li>Memorarea loca\u021biei Utilizatorului pentru procesarea corect\u0103 a Comenzilor \u0219i pentru a detecta abuzurile \u00een plasarea Comenzilor<\/li>\n<li>Analiza audien\u021bei, cercetare \u0219i audit<\/li>\n<li>Statisticile ne ajut\u0103 s\u0103 \u00een\u021belegem modul \u00een care utilizatorii serviciilor folosesc site-ul web. Acest lucru ne permite s\u0103 \u00eembun\u0103t\u0103\u021bim ofertele site-ului.<\/li>\n<\/ol>\n<\/li>\n<li>Compania folose\u0219te dou\u0103 tipuri de cookie-uri:\n<ol>\n<li>Cookie-uri temporare, care sunt salvate \u0219i r\u0103m\u00e2n \u00een computerul utilizatorului p\u00e2n\u0103 la \u00eenchiderea sesiunii. C\u00e2nd sesiunea este \u00eenchis\u0103, acestea sunt \u0219terse definitiv din memoria computerului. Mecanismul cookie temporar nu permite stocarea datelor personale ale Utilizatorului sau a altor informa\u021bii confiden\u021biale ale Utilizatorului.<\/li>\n<li>Cookie-uri permanente: sunt salvate \u0219i r\u0103m\u00e2n \u00een computerul Utilizatorului p\u00e2n\u0103 c\u00e2nd sunt \u0219terse. \u00cencheierea sesiunii de navigare pe site sau \u00eenchiderea computerului nu are ca rezultat \u0219tergerea acestora. Mecanismul cookie permanent nu permite stocarea datelor personale ale Utilizatorului sau a altor informa\u021bii confiden\u021biale.<\/li>\n<\/ol>\n<\/li>\n<li>Utilizatorul poate limita sau dezactiva fi\u0219ierele cookie stocate \u00een computerul s\u0103u. Dezactivarea accesului la Cookie-uri nu \u00eempiedic\u0103 utilizarea serverului, cu excep\u021bia acelor func\u021bii care nu pot fi efectuate f\u0103r\u0103 cookie-uri, cum ar fi autentificarea \u00een contul Utilizatorului, achizi\u021bionarea de produse sau plata Comenzilor.<br \/>\n<h5 class=\"vc_custom_heading\">8. ACTUALIZARE A POLITICII DE CONFIDENTIALITATE<\/h5>\n<div class=\"wpb_text_column wpb_content_element\">\n<div class=\"wpb_wrapper\">\n<ol>\n<li>Compania \u00ee\u0219i rezerv\u0103 dreptul de a actualiza \u0219i modifica aceste reguli de protec\u021bie a datelor cu caracter personal \u00een orice moment \u0219i f\u0103r\u0103 notificare prealabil\u0103. Noile reguli intr\u0103 \u00een vigoare de la data public\u0103rii lor pe site-ul: www.parlor.ro.<\/li>\n<\/ol>\n<\/div>\n<\/div>\n<h5 class=\"vc_custom_heading\">9. CAZ FORTUIT<\/h5>\n<div class=\"wpb_text_column wpb_content_element\">\n<div class=\"wpb_wrapper\">\n<ol>\n<li>Compania nu este r\u0103spunz\u0103toare pentru deficien\u021bele cauzate de evenimente fortuite care pot pune \u00een pericol securitatea serverului pe care este g\u0103zduit\u0103 baza de date cu Date personale.<\/li>\n<\/ol>\n<\/div>\n<\/div>\n<h5 class=\"vc_custom_heading\">10. DISPOZI\u021aII FINALE<\/h5>\n<div class=\"wpb_text_column wpb_content_element\">\n<div class=\"wpb_wrapper\">\n<ol>\n<li>Compania nu este responsabil\u0103 pentru politica de confiden\u021bialitate a oric\u0103rei alte p\u0103r\u021bi ter\u021be care poate fi accesat\u0103 prin link-uri din afara Site-ului. Regulile furnizate aici se aplic\u0103 numai datelor colectate de site-ul web.<\/li>\n<\/ol>\n<p>Compania nu este r\u0103spunz\u0103toare pentru defec\u021biuni care pot pune \u00een pericol securitatea serverului pe care este g\u0103zduit\u0103 baza de date cu Date personale.<\/p>\n<\/div>\n<\/div>\n<\/li>\n<\/ol>\n<\/div>\n<\/div>\n<\/li>\n<\/ol>\n<\/div>\n<\/div>\n<\/li>\n<\/ol>\n<\/div>\n<\/div>\n<\/li>\n<\/ol>\n<\/div>\n<\/div>","protected":false},"excerpt":{"rendered":"<p>The company \u201cParlor\u201d, sc PARLOR STORE srl, a company organized and existing under the laws of Romania, with registered office in Bucharest 6th Silvestru Street, registered with the Trade Registry under No. RO 24144011, Sole Registration Code J40\/11702\/2008, tel. +40212105458, e-mail atelier@parlor.ro. \u201cCompany\u201d is registered with the Registry of Personal Data Processing Records under No. [&hellip;]<\/p>\n","protected":false},"author":2,"featured_media":0,"parent":0,"menu_order":0,"comment_status":"closed","ping_status":"closed","template":"","meta":{"footnotes":""},"class_list":["post-5467","page","type-page","status-publish","hentry"],"post_mailing_queue_ids":[],"_links":{"self":[{"href":"https:\/\/www.parlor.ro\/ro\/wp-json\/wp\/v2\/pages\/5467","targetHints":{"allow":["GET"]}}],"collection":[{"href":"https:\/\/www.parlor.ro\/ro\/wp-json\/wp\/v2\/pages"}],"about":[{"href":"https:\/\/www.parlor.ro\/ro\/wp-json\/wp\/v2\/types\/page"}],"author":[{"embeddable":true,"href":"https:\/\/www.parlor.ro\/ro\/wp-json\/wp\/v2\/users\/2"}],"replies":[{"embeddable":true,"href":"https:\/\/www.parlor.ro\/ro\/wp-json\/wp\/v2\/comments?post=5467"}],"version-history":[{"count":0,"href":"https:\/\/www.parlor.ro\/ro\/wp-json\/wp\/v2\/pages\/5467\/revisions"}],"wp:attachment":[{"href":"https:\/\/www.parlor.ro\/ro\/wp-json\/wp\/v2\/media?parent=5467"}],"curies":[{"name":"wp","href":"https:\/\/api.w.org\/{rel}","templated":true}]}}