{"id":5736,"date":"2020-09-09T11:27:37","date_gmt":"2020-09-09T11:27:37","guid":{"rendered":"https:\/\/www.parlor.ro\/?page_id=5736"},"modified":"2021-08-18T14:02:46","modified_gmt":"2021-08-18T11:02:46","slug":"politica-de-date","status":"publish","type":"page","link":"https:\/\/www.parlor.ro\/ro\/data-policy\/","title":{"rendered":"Politica de date"},"content":{"rendered":"<h5 class=\"vc_custom_heading\">PRELUCRAREA DATELOR CU CARACTER PERSONAL<\/h5>\n<div class=\"wpb_text_column wpb_content_element\">\n<div class=\"wpb_wrapper\">\n<p>Subscrisa, sc PARLOR STORE srl, cu sediul in Bucure\u0219ti, Strada Silvestru 6, sector 2, Bucure\u0219ti, \u00eenregistrat\u0103 la Registrul Comertului, Nr.ord.reg.com J40\/11702\/2008, CUI 24144011 (\u201enoi\u201d sau \u201dSocietatea\u201d) poate prelucra datele dvs. cu caracter personal (\u201eDatele Personale\u201d).<\/p>\n<p>\u00cen calitate de operator de date cu caracter personal depunem diligen\u021bele pentru a respecta legisla\u021bia aplicabil\u0103 privind protec\u021bia datelor, inclusiv prevederile Regulamentului (UE) 2016\/679 al Parlamentului European \u0219i al Consiliului din data de 27 aprilie 2016 privind protec\u021bia persoanelor fizice \u00een ceea ce prive\u0219te prelucrarea datele cu caracter personal \u0219i privind libera circula\u021bie a acestor date \u0219i de abrogare a Directivei 95\/46\/CE, precum \u0219i orice alte reglement\u0103ri aplicabile privind protec\u021bia. datele conform Legilor din Rom\u00e2nia, aplicabile deschis cu 25 mai 2018 (\u201eGDPR\u201d).<\/p>\n<p>Prin urmare, aceast\u0103 not\u0103 de informare descrie modul \u00een care vom prelucra datele dvs. \u0219i vom respecta drepturile pe care le-a avut \u00een calitate de persoan\u0103 vizat\u0103 odat\u0103 cu intrarea \u00een vigoare a GDPR.<\/p>\n<h5 class=\"vc_custom_heading\">1. CUM UTILIZ\u0102M DATELE PERSONALE \u0218I CARE ESTE TEMEIUL PRELUCR\u0102RII<\/h5>\n<div class=\"wpb_text_column wpb_content_element\">\n<div class=\"wpb_wrapper\">\n<p>Vom prelucra datele dvs. cu personale \u00een scopuri:<\/p>\n<\/div>\n<\/div>\n<div class=\"wpb_text_column wpb_content_element\">\n<div class=\"wpb_wrapper\">\n<h6>MARKETING DIRECT \u0218I ALTE COMUNIC\u0102RI COMERCIALE, PARTICIPAREA LA CONCURSURI, CHESTIONARE SAU SONDAJE<\/h6>\n<p>\u00cen scopuri de marketing direct, respectiv pentru a v\u0103 prezenta materiale promo\u021bionale, a v\u0103 informa\u021bi \u00een leg\u0103tur\u0103 cu noile noastre produse ori servicii, de a v\u0103 lansa invita\u021bii de a participa la loterii promo\u021bionale, de sondaje sau de a r\u0103spunde la chestionare \u0219i pentru a v\u0103. comunica alte informa\u021bii similare care pot fi de interes pentru dvs., inclusiv dac\u0103 sunte\u021bi de acord, prin transmiterea de materiale promo\u021bionale \/ comunic\u0103ri de marketing privind produsele \/ serviciile partenerilor Societ\u0103\u021bii;<\/p>\n<p>Temei juridic: art. 6 (1)(a) GDPR, sau, \u00een cazul comunic\u0103rilor de marketing la distan\u021b\u0103 cu privire la produsele \/ serviciile noastre, prelucrarea se face pentru c\u0103 a\u021bi fost incluse \u00een lista noastr\u0103 de servicii ca urmare a unei comenzi f\u0103cute la noi.<\/p>\n<\/div>\n<\/div>\n<div class=\"wpb_text_column wpb_content_element\">\n<div class=\"wpb_wrapper\">\n<h6>ANALIZA INTERAC\u021aIUNII DVS. CU SOCIETATEA NOASTR\u0102 \u00ceN VEDEREA FURNIZ\u0102RII UNOR OFERTE PERSONALIZATE<\/h6>\n<p>\u00cen anumite situa\u021bii, putem utiliza informa\u021biile colectate de la dvs. \u00een combina\u021bie cu datele pe care s\u0103 le ob\u021binem de la echipele noastre de v\u00e2nz\u0103ri \u0219i\/sau de marketing cu privire la interac\u021biunea dvs. cu noi, pe care s\u0103 le folosim \u00een contextul comunic\u0103rilor noastre de marketing. Dorim s\u0103 eficientiz\u0103m activitatea noastr\u0103 de marketing, oferind oferilor no\u0219tri produse \/ servicii c\u00e2t mai relevante.<\/p>\n<p>Spre exemplu, dac\u0103 a\u021bi comandat \u00een mod recurent anumite tipuri de \/ servicii vom, vom putea folosi aceste informa\u021bii pentru a v\u0103 face sau ofert\u0103 de produse \/ servicii similare care am \u00een mod rezonabil c\u0103 ar putea fi de interes pentru dvs.<\/p>\n<p>Temei juridic: art. 6 (1) litera (f) GDPR interes legitim<\/p>\n<\/div>\n<\/div>\n<div class=\"wpb_text_column wpb_content_element\">\n<div class=\"wpb_wrapper\">\n<h6>EXECUTAREA CONTRACTULUI \u00ceNCHEIAT CU NOI<\/h6>\n<p>Pentru livrarea comenzilor pe care le-a\u021bi f\u0103cut la Societate \u0219i pentru exercitarea oric\u0103ror drepturi \u0219i \u00eendeplinirea oric\u0103ror obliga\u021bii \u00een leg\u0103tur\u0103 cu acestea.<\/p>\n<p>Temei juridic: art. 6 (1) (b) GDPR \u2014 pentru scopul contractului la care este parte operatorul<\/p>\n<\/div>\n<\/div>\n<div class=\"wpb_text_column wpb_content_element\">\n<div class=\"wpb_wrapper\">\n<div class=\"wpb_text_column wpb_content_element\">\n<div class=\"wpb_wrapper\">\n<h6>\u00ceNDEPLINIREA UNOR OBLIGA\u021aII LEGALE<\/h6>\n<p>pentru \u00eendeplinirea unor obliga\u021bii legale ale Societ\u0103\u021bii, cum ar fi:<br \/>\na) utilizarea Datelor Personale \u00een vederea conform\u0103rii cu asigurarea public\u0103 a rezultatelor loteriilor promo\u021bionale la care participa\u021bi;<br \/>\nb) plata impozitelor \u0219i a contribu\u021biilor relevante, raportarea autorit\u0103\u021bilor fiscale relevante \u0219i \u021binerea unor eviden\u021be contabile;<br \/>\nc) arhivarea datelor conform legisla\u021biei aplicabile.<\/p>\n<p>Temei juridic: art. 6 (1) (c) GDPR \u2013 executarea unei obliga\u021bii legale<\/p>\n<\/div>\n<\/div>\n<div class=\"wpb_text_column wpb_content_element\">\n<div class=\"wpb_wrapper\">\n<h6>AP\u0102RAREA DREPTURILOR \u0218I INTERESELOR \u00ceN JUSTI\u021aIE<\/h6>\n<p>Pentru constatarea, exercitarea sau ap\u0103rarea unui drept \u00een justi\u021bie \u00een cadrul unei proceduri \u00een fa\u021ba unei instan\u021be, a unei proceduri administrative sau a unor proceduri oficiale \u00een care este implicat\u0103 Societatea.<\/p>\n<p>Temei juridic: art. 6 (1) (f) GDPR \u2013 ap\u0103rarea drepturilor \u0219i intereselor operatorului<\/p>\n<\/div>\n<\/div>\n<h5 class=\"vc_custom_heading\">2. DEZV\u0102LUIREA DATELOR PERSONALE<\/h5>\n<div class=\"wpb_text_column wpb_content_element\">\n<div class=\"wpb_wrapper\">\n<p>Putem dezv\u0103lui Datele Personale c\u0103tre entit\u0103\u021bi \u0219i\/sau persoane \u00eemputernicite de noi (din Rom\u00e2nia sau alte \u021b\u0103ri UE) implicate \u00een livrarea de materiale de marketing, livrarea de produse, prelucrarea pl\u0103\u021bilor sau organizarea loteriilor noastre; partenerilor Societ\u0103\u021bii dac\u0103 sunte\u021bi de acord pentru scop de marketing direct; dac\u0103 avem obliga\u021bia de a divulga Datele personale \u00een scopul conform\u0103rii cu orice obliga\u021bie legal\u0103 sau decizie a unei autorit\u0103\u021bi judiciare, autorit\u0103\u021bi publice sau organ guvernamental; sau dac\u0103 nu se cere sau nu se permite \u00een alt mod s\u0103 fac\u0103 acest lucru prin legea aplicabil\u0103.<\/p>\n<h5 class=\"vc_custom_heading\">3. STOCAREA DATELOR CU CARACTER PERSONAL<\/h5>\n<div class=\"wpb_text_column wpb_content_element\">\n<div class=\"wpb_wrapper\">\n<p>Nu vom p\u0103stra Datele Personale mai mult dec\u00e2t este necesar \u00een scopul avut \u00een vedere sau \u00een scopul \u00een care au fost colectate ini\u021biale. \u00cen ceea ce prive\u0219te activit\u0103\u021bile de marketing direct, vom p\u0103stra Datele personale ale ultimei dvs. comand\u0103 adresat\u0103 Societ\u0103\u021bii sau de la data ultimei interac\u021biuni cu Societatea ca urmare a ofertelor transmise de noi, cu excep\u021bia cazului \u00een care v\u0103 opune\u021bi prelucr\u0103rii \u00een scop de marketing mai devreme.<\/p>\n<p>\u00cen anumite situa\u021bii, vom putea p\u0103stra Datele dvs. Personale pentru o munc\u0103 mai lung\u0103 de timp, spre exemplu, pentru a ne \u00eendeplini obliga\u021biile legale de stocare a datelor conform legisla\u021biei contabile \/ fiscale sau a politicilor de arhivare aplicabile la nivelul Societ\u0103\u021bii.<\/p>\n<\/div>\n<\/div>\n<h5 class=\"vc_custom_heading\">4. DREPTURILE DE CARE BENEFICIA\u021aI<\/h5>\n<div class=\"wpb_text_column wpb_content_element\">\n<div class=\"wpb_wrapper\">\n<p>Conform legii, beneficia\u021bi de o serie de drepturi, \u00een calitatea persoanei vizate, respectiv:<\/p>\n<p>o. Dreptul de acces: Ave\u021bi dreptul de a ob\u021bine de la Societatea s\u0103 confirme Datele Personale, precum \u0219i informa\u021bii privind specificul prelucr\u0103rii precum: scopul, categoriile de date cu caracter personal prelucrate, destinatarii datelor, perioada pentru care datele sunt p\u0103strate, existen\u021ba dreptului de rectificare. , \u0219tergere sau restric\u021bionare a prelucr\u0103rii. Acest drept v\u0103 permite s\u0103 ob\u021bine\u021bi gratuit o copie a datelor prelucrate, precum \u0219i contracost orice copii suplimentare.<\/p>\n<p>b. Dreptul de rectificare a datelor: Ave\u021bi dreptul de a nu solicita s\u0103 modific\u0103m Datele Personale incorecte ori, dup\u0103 caz, s\u0103 complet\u0103m datele care sunt incomplete.<\/p>\n<p>c. Dreptul la stergere: Ave\u021bi dreptul de a solicita \u0219tergerea Datelor Personale atunci c\u00e2nd:<\/p>\n<ul>\n<li>acestea nu mai sunt necesare pentru scopurile pentru care le-am colectat \u0219i le prelucr\u0103m;<\/li>\n<li>v-a\u021bi retras consim\u021b\u0103m\u00e2ntul pentru prelucrarea Datelor Personale \u0219i noi nu mai putem prelucra datele pe alte temeiuri legale;<\/li>\n<li>Datele Personale sunt prelucrate contrar legii;<\/li>\n<li>Datele Personale trebuie s\u0103 \u0219terse conform legisla\u021biei relevante.<\/li>\n<li>Retragerea consim\u021b\u0103m\u00e2ntului: Ave\u021bi dreptul de a v\u0103 retrage oric\u00e2nd consim\u021b\u0103m\u00e2ntul cu privire la prelucrarea Datelor Personale.<\/li>\n<\/ul>\n<p>e. Restric\u021bionare: Ave\u021bi dreptul de a solicita ca restric\u021bionarea prelucr\u0103rii datelor \u00een urm\u0103toarele situa\u021bii:<\/p>\n<ul>\n<li>\u00cen cazul \u00een care contesta\u021bi corectitudinea datelor, pentru o via\u021b\u0103 care nu permite s\u0103 verifica\u021bi exactitatea datelor \u00een cauz\u0103;<\/li>\n<li>\u00cen cazul \u00een care prelucrarea este ilegal\u0103, iar dvs. v\u0103 opune\u021bi \u0219tergerii datele cu caracter personal, solicit\u00e2nd \u00een schimb restric\u021bionarea utiliz\u0103rii lor;<\/li>\n<li>\u00cen cazul \u00een care nu mai avem nevoie de Datele Personale \u00een scopul prelucr\u0103rii, dar dvs. ni le solicita\u021bi pentru o ac\u021biune \u00een instan\u021b\u0103;<\/li>\n<li>\u00cen cazul \u00een care v-a\u021bi opus prelucr\u0103rii, pentru intervalul de timp \u00een care se verific\u0103 dac\u0103 drepturile noastre legitime ca operatori prevaleaz\u0103 asupra celorlal\u021bi persoane vizate.<\/li>\n<\/ul>\n<p>f. Dreptul la portabilitate: \u00cen m\u0103sura \u00een care vom prelucra Datele prin mijloace automate, s\u0103 furnizeze personale s\u0103 nu solicite Datele Personal \u00eentr-o form\u0103 structurat\u0103 poate utiliza frecvent \u0219i care s\u0103 fi citit \u00een mod automatizat (spre exemplu \u00een format Excel). Dac\u0103 nu solicita\u021bi acest lucru, putem s\u0103 transmitem Datele Personale unei alte organiza\u021bii, dac\u0103 acest lucru este fezabil din punct de vedere tehnic. Cu toate acestea, nu suntem obliga\u021bi s\u0103 adopt\u0103m sau s\u0103 men\u021binem sisteme de procesare care sunt compatibile din punct de vedere tehnic cu alte organiza\u021bii.<\/p>\n<h6>PENTRU EXERCITAREA DREPTURILOR MEN\u021aIONATE LA PUNCTELE A) \u2014 F) DE MAI SUS NE PUTE\u021aI CONTACTA UTILIZ\u00c2ND DATELE DE CONTACT MEN\u021aIONATE LA SEC\u021aIUNEA 5.<\/h6>\n<p>g. Dreptul de a depune o pl\u00e2ngere la autoritatea de supraveghere: Ave\u021bi dreptul de a depune o pl\u00e2ngere la autoritatea de supraveghere a prelucr\u0103rii datelor \u00een cazul \u00een care ave\u021bi \u00een vedere c\u0103 v-au fost \u00eenc\u0103lcate drepturile:<\/p>\n<p>Autoritatea Na\u021bional\u0103 pentru Supravegherea Datelor cu Caracter Personal din Rom\u00e2nia. B-dul G-ral. Gheorghe Magheru 28-30 Sector 1, cod postal 010336 Bucure\u0219ti, Rom\u00e2nia \u2014 <a href=\"mailto:anspdcp@dataprotection.ro\">anspdcp@dataprotection.ro<\/a><\/p>\n<h5 class=\"vc_custom_heading\">5. DATA CONTACTULUI<\/h5>\n<div class=\"wpb_text_column wpb_content_element\">\n<div class=\"wpb_wrapper\">\n<p>Dac\u0103 ave\u021bi orice fel de \u00eentrebare despre aceast\u0103 not\u0103 de informare, pute\u021bi s\u0103 v\u0103 exercita\u021bi drepturi cum sunt acestea mai sus, nu pute\u021bi contacta urm\u0103toarea dat\u0103 de contact:<br \/>\nAdres\u0103 de Coresponden\u021b\u0103. Strada Armeneasc\u0103 12, Etaj 1, Ap. 2, Bucure\u0219ti<br \/>\nE-mail. <a href=\"mailto:atelier@parlor.ro\">atelier@parlor.ro<\/a><br \/>\ntelefon. 0747501974<br \/>\n\u00cen aten\u021bia. Elena B\u0103gescu<\/p>\n<\/div>\n<\/div>\n<\/div>\n<\/div>\n<\/div>\n<\/div>\n<\/div>\n<\/div>\n<\/div>\n<\/div>","protected":false},"excerpt":{"rendered":"<p>PRELUCRAREA DATELOR CU CARACTER PERSONAL Subscrisa, sc PARLOR STORE srl, cu sediul in Bucure\u0219ti, Strada Silvestru 6, sector 2, Bucure\u0219ti, \u00eenregistrat\u0103 la Registrul Comertului, Nr.ord.reg.com J40\/11702\/2008, CUI 24144011 (\u201enoi\u201d sau \u201dSocietatea\u201d) poate prelucra datele dvs. cu caracter personal (\u201eDatele Personale\u201d). \u00cen calitate de operator de date cu caracter personal depunem diligen\u021bele pentru a respecta legisla\u021bia [&hellip;]<\/p>\n","protected":false},"author":2,"featured_media":0,"parent":0,"menu_order":0,"comment_status":"closed","ping_status":"closed","template":"page-wide.php","meta":{"footnotes":""},"class_list":["post-5736","page","type-page","status-publish","hentry"],"post_mailing_queue_ids":[],"_links":{"self":[{"href":"https:\/\/www.parlor.ro\/ro\/wp-json\/wp\/v2\/pages\/5736","targetHints":{"allow":["GET"]}}],"collection":[{"href":"https:\/\/www.parlor.ro\/ro\/wp-json\/wp\/v2\/pages"}],"about":[{"href":"https:\/\/www.parlor.ro\/ro\/wp-json\/wp\/v2\/types\/page"}],"author":[{"embeddable":true,"href":"https:\/\/www.parlor.ro\/ro\/wp-json\/wp\/v2\/users\/2"}],"replies":[{"embeddable":true,"href":"https:\/\/www.parlor.ro\/ro\/wp-json\/wp\/v2\/comments?post=5736"}],"version-history":[{"count":0,"href":"https:\/\/www.parlor.ro\/ro\/wp-json\/wp\/v2\/pages\/5736\/revisions"}],"wp:attachment":[{"href":"https:\/\/www.parlor.ro\/ro\/wp-json\/wp\/v2\/media?parent=5736"}],"curies":[{"name":"wp","href":"https:\/\/api.w.org\/{rel}","templated":true}]}}