{"id":5750,"date":"2020-09-09T12:07:31","date_gmt":"2020-09-09T12:07:31","guid":{"rendered":"https:\/\/www.parlor.ro\/?page_id=5750"},"modified":"2021-08-18T14:02:21","modified_gmt":"2021-08-18T11:02:21","slug":"politica-de-cookie-uri","status":"publish","type":"page","link":"https:\/\/www.parlor.ro\/ro\/cookie-policy\/","title":{"rendered":"Politica cookie"},"content":{"rendered":"<h5 class=\"vc_custom_heading\">cookie-uri<\/h5>\n<div class=\"wpb_text_column wpb_content_element\">\n<div class=\"wpb_wrapper\">\n<ol>\n<li>Cookie-urile sunt fi\u0219iere care permit conectarea corespunz\u0103toare a Utilizatorului la Website \u0219i plasarea u\u0219oar\u0103 a Comenzilor, precum \u0219i efectuarea de analize statistice.<\/li>\n<li>Mecanismul cookie reprezint\u0103 un avantaj pentru vizitator, deoarece \u00ee\u0219i poate aminti op\u021biunile de navigare pe site-ul dvs., cum ar fi limba \u00een care este accesat site-ul \u0219i tipul de filtre la afi\u0219area anumitor pagini web. Prin utilizarea cookie-urilor, Compania poate analiza interesul vizitatorilor pentru sec\u021biunile Site-ului, ceea ce \u00eei permite s\u0103 \u00eembun\u0103t\u0103\u021beasc\u0103 \u00een continuare experien\u021ba de navigare prin introducerea de con\u021binut relevant pentru Utilizator etc. Unii dintre partenerii de afaceri ai Companiei, de exemplu cei care fac publicitate pe site-ul web, utiliza\u021bi cookie-urile site-ului web. Compania nu are acces \u0219i nu poate controla aceste cookie-uri.<\/li>\n<li>Utilizatorul poate limita sau interzice accesul fi\u0219ierelor cookie la computerul s\u0103u folosind set\u0103rile browserului.<\/li>\n<li>Compania folose\u0219te propriile cookie-uri \u00een urm\u0103torul scop:\n<ol>\n<li>Configurarea serviciilor, inclusiv:\n<ol>\n<li>ajustarea con\u021binutului site-ului prin referire la preferin\u021bele utilizatorului \u0219i optimizarea utiliz\u0103rii site-ului;<\/li>\n<li>recunoa\u0219terea dispozitivelor Utilizatorului \u0219i localizarea Utilizatorului, precum \u0219i afi\u0219area corect\u0103 a Site-ului, pentru nevoi personale;<\/li>\n<li>amintirea set\u0103rilor selectate \u0219i personalizarea interfe\u021bei utilizatorului, de exemplu \u00een leg\u0103tur\u0103 cu limba selectat\u0103 sau regiunea utilizatorului;<\/li>\n<li>amintirea istoricului paginilor web vizitate.<\/li>\n<\/ol>\n<\/li>\n<li>Autentificarea utilizatorului \u0219i eficientizarea sesiunii utilizatorului pe server:\n<ol>\n<li>men\u021binerea sesiunii de Utilizator (dup\u0103 autentificare), ceea ce \u00eenseamn\u0103 c\u0103 Utilizatorul se poate autentifica automat \u0219i nu trebuie s\u0103 introduc\u0103 numele de utilizator \u0219i parola de fiecare dat\u0103;<\/li>\n<li>configurarea corect\u0103 a func\u021biilor selectate, permi\u021b\u00e2nd astfel o verificare detaliat\u0103 a autenticit\u0103\u021bii sesiunii;<\/li>\n<li>op\u021biunea de chat;<\/li>\n<li>asigurarea proceselor necesare pentru ca Website-ul (tranzac\u021biile) s\u0103 fie pe deplin opera\u021bional;<\/li>\n<li>ajustarea con\u021binutului site-ului prin referire la preferin\u021bele Utilizatorului \u0219i optimizarea utiliz\u0103rii paginilor web. Mai exact, aceste fi\u0219iere permit cunoa\u0219terea parametrilor de baz\u0103 \u00een dispozitivul Utilizatorului \u0219i \u00eenc\u0103rcarea corect\u0103 a paginilor web care sunt de interes pentru Utilizator.<\/li>\n<\/ol>\n<\/li>\n<li>Memorarea loca\u021biei Utilizatorului pentru procesarea corect\u0103 a Comenzilor \u0219i pentru a detecta abuzurile \u00een plasarea Comenzilor<\/li>\n<li>Analiza audien\u021bei, cercetare \u0219i audit<\/li>\n<li>Statisticile ne ajut\u0103 s\u0103 \u00een\u021belegem modul \u00een care utilizatorii serviciilor folosesc site-ul web. Acest lucru ne permite s\u0103 \u00eembun\u0103t\u0103\u021bim ofertele site-ului.<\/li>\n<\/ol>\n<\/li>\n<li>Compania folose\u0219te dou\u0103 tipuri de cookie-uri:\n<ol>\n<li>Cookie-uri temporare, care sunt salvate \u0219i r\u0103m\u00e2n \u00een computerul utilizatorului p\u00e2n\u0103 la \u00eenchiderea sesiunii. C\u00e2nd sesiunea este \u00eenchis\u0103, acestea sunt \u0219terse definitiv din memoria computerului. Mecanismul cookie temporar nu permite stocarea datelor personale ale Utilizatorului sau a altor informa\u021bii confiden\u021biale ale Utilizatorului.<\/li>\n<li>Cookie-uri permanente: sunt salvate \u0219i r\u0103m\u00e2n \u00een computerul Utilizatorului p\u00e2n\u0103 c\u00e2nd sunt \u0219terse. \u00cencheierea sesiunii de navigare pe site sau \u00eenchiderea computerului nu are ca rezultat \u0219tergerea acestora. Mecanismul cookie permanent nu permite stocarea datelor personale ale Utilizatorului sau a altor informa\u021bii confiden\u021biale.<\/li>\n<\/ol>\n<\/li>\n<li>Utilizatorul poate limita sau dezactiva fi\u0219ierele cookie stocate \u00een computerul s\u0103u. Dezactivarea accesului la Cookie-uri nu \u00eempiedic\u0103 utilizarea serverului, cu excep\u021bia acelor func\u021bii care nu pot fi efectuate f\u0103r\u0103 cookie-uri, cum ar fi autentificarea \u00een contul Utilizatorului, achizi\u021bionarea de produse sau plata Comenzilor.<\/li>\n<\/ol>\n<\/div>\n<\/div>","protected":false},"excerpt":{"rendered":"<p>COOKIES Cookies are files allowing the appropriate connection of the User to the Website and the easy placing of Orders, as well as the performance of statistic analyses. The cookie mechanism is an advantage for the visitor, as it can remember your website browsing options, such as the language in which the website is accessed [&hellip;]<\/p>\n","protected":false},"author":2,"featured_media":0,"parent":0,"menu_order":0,"comment_status":"closed","ping_status":"closed","template":"page-wide.php","meta":{"footnotes":""},"class_list":["post-5750","page","type-page","status-publish","hentry"],"post_mailing_queue_ids":[],"_links":{"self":[{"href":"https:\/\/www.parlor.ro\/ro\/wp-json\/wp\/v2\/pages\/5750","targetHints":{"allow":["GET"]}}],"collection":[{"href":"https:\/\/www.parlor.ro\/ro\/wp-json\/wp\/v2\/pages"}],"about":[{"href":"https:\/\/www.parlor.ro\/ro\/wp-json\/wp\/v2\/types\/page"}],"author":[{"embeddable":true,"href":"https:\/\/www.parlor.ro\/ro\/wp-json\/wp\/v2\/users\/2"}],"replies":[{"embeddable":true,"href":"https:\/\/www.parlor.ro\/ro\/wp-json\/wp\/v2\/comments?post=5750"}],"version-history":[{"count":0,"href":"https:\/\/www.parlor.ro\/ro\/wp-json\/wp\/v2\/pages\/5750\/revisions"}],"wp:attachment":[{"href":"https:\/\/www.parlor.ro\/ro\/wp-json\/wp\/v2\/media?parent=5750"}],"curies":[{"name":"wp","href":"https:\/\/api.w.org\/{rel}","templated":true}]}}