{"id":843,"date":"2018-08-10T11:06:28","date_gmt":"2018-08-10T08:06:28","guid":{"rendered":"http:\/\/byanca.select-themes.com\/?page_id=843"},"modified":"2022-12-04T20:06:59","modified_gmt":"2022-12-04T17:06:59","slug":"despre","status":"publish","type":"page","link":"https:\/\/www.parlor.ro\/ro\/about\/","title":{"rendered":"Despre"},"content":{"rendered":"<p><img loading=\"lazy\" decoding=\"async\" class=\"aligncenter wp-image-11479 size-large\" src=\"https:\/\/www.parlor.ro\/wp-content\/uploads\/about-2--1024x576.jpg\" alt=\"Despre Parlor Designs by Veronica Zaharia\" width=\"640\" height=\"360\" srcset=\"https:\/\/www.parlor.ro\/wp-content\/uploads\/about-2--1024x576.jpg 1024w, https:\/\/www.parlor.ro\/wp-content\/uploads\/about-2--680x383.jpg 680w, https:\/\/www.parlor.ro\/wp-content\/uploads\/about-2--768x432.jpg 768w, https:\/\/www.parlor.ro\/wp-content\/uploads\/about-2--1536x864.jpg 1536w, https:\/\/www.parlor.ro\/wp-content\/uploads\/about-2--600x338.jpg 600w, https:\/\/www.parlor.ro\/wp-content\/uploads\/about-2-.jpg 1920w\" sizes=\"auto, (max-width: 640px) 100vw, 640px\" \/><\/p>\n<div class=\"container-s\">\n<p>&nbsp;<\/p>\n<p>&nbsp;<\/p>\n<p style=\"text-align: left;\"><strong>#inspira\u021bie<\/strong><\/p>\n<p style=\"text-align: left;\">Parlor \u00ee\u0219i g\u0103se\u0219te inspira\u021bia \u00een epoca victorian\u0103 t\u00e2rzie, precum \u0219i \u00een anii '40 \u0219i '20. Elemente ca umerii supreadimensionati, rochii voluminoase, broderie realizat\u0103 manual, nasturi \u00eembr\u0103ca\u021bi, <strong>umerii supreadimensionati<\/strong>, rochii voluminoase, broderie realizat\u0103 manual, <strong>nasturi \u00eembr\u0103ca\u021bi<\/strong>, \u201e<strong>silueta clepsidra\"<\/strong>\u201d sunt doar c\u00e2teva motive pe care Parlor le folose\u0219te pentru a crea piese vestimentare care arat\u0103 <strong>rafinament<\/strong>, <strong>elegan\u0163\u0103<\/strong> \u0219i o anumit\u0103 maturitate care face atemporale <strong>piesele propuse.<\/strong>.<\/p>\n<p style=\"text-align: left;\"><strong>#consciousdesign<\/strong><\/p>\n<p><strong>#ConsciousDesign<\/strong> \u00centregul nostru proces de proiectare\u2013 de la schi\u021b\u0103 p\u00e2n\u0103 la produsul final - <strong>se realizeaz\u0103 cu de\u0219euri minime.<\/strong> #ConsciousDesign este nucleul brandului nostru.<strong> v\u00e2ndute<\/strong> celor mai bine v\u00e2ndute modele ale noastre <strong>evit\u00e2nd astfel<\/strong> producerea de\u0219eurilor <strong>resurse<\/strong>. Credem \u00een #<strong>#designdurabil si<\/strong> in<strong>#DesignforReuse<\/strong>.<\/p>\n<p>Una dintre <strong>cele mai mari satisfactii<\/strong> ale noastre este c\u00e2nd vedem o femeie purt\u00e2nd un design Parlor din colec\u021biile anterioare. <strong>Parlor<\/strong> propune<strong>tinute<\/strong> cu t\u0103ieturi care flateaz\u0103 <strong>resurse<\/strong>feminitatea, <strong>sunt versatile si  raman<\/strong>actuale de-a <strong>lungul anilor<\/strong>.<\/p>\n<p><strong>#keepitlocal<\/strong><\/p>\n<p>Fiecare <strong>piesa<\/strong> care poarta semnatura Parlor <strong>este lucrat\u0103 manual<\/strong> \u00een <strong>atelierul nostru<\/strong>, unde <strong>atentia<\/strong> la <strong>detaliu<\/strong> este <strong>cheia unicitatii<\/strong>. Multe dintre detaliile <strong>pe<\/strong> din <strong>le folosim<\/strong>cum ar fi <strong>nasturii<\/strong> imbracati <strong>sunt produsul final<\/strong>al colabor\u0103rii <strong>pe<\/strong> cu <strong>le avem<\/strong> cu furnizori locali. <strong>Echipa noastr\u0103<\/strong> a ramas <strong>neschimbata<\/strong> de-a lungul anilor deoarece <strong>impreuna \u00eemp\u0103rt\u0103\u0219im<\/strong> aceeasi pasiune pentru <strong>detalii realizate cu atentie si migala.<\/strong>.<\/p>\n<p><strong>#etica<\/strong><\/p>\n<p>Tesaturile <strong>cu care lucram<\/strong> sunt achizi\u021bionate de la <strong>surse responsabile<\/strong> din <strong>punct de vedere etic<\/strong> , folosim tesaturi naturale si <strong>poliester reciclat,<\/strong> iar printurile sunt ecologice <strong>pe baza de apa<\/strong> . Producem serii mici, <strong>tu<\/strong> nu mai mult de 30 de piese per design <strong>simte-te special<\/strong> acesta fiind un motiv in plus pentru a te sim\u021bi special\u0103 cand imbraci tinutele <strong>Parlor <\/strong>cat si un motiv de a te mandri ca porti un <strong>designer roman<\/strong> care nu produce <strong>stocuri<\/strong> excesive<\/p>\n<\/div>\n<div class=\"container-m\" style=\"text-align: center;\">\n<h1 style=\"text-align: center; font-size: 2.5em; margin: .67em 0;\" title=\"Despre Parlor Designs by Veronica Zaharia\"><b style=\"font-weight: normal;\">Despre Parlor Designs by Veronica Zaharia<\/b><\/h1>\n<p><b style=\"font-weight: normal !important;\">Despre<\/b> <i style=\"font-style: normal !important;\">Crea\u021biile Parlor<\/i> de <strong style=\"font-weight: normal !important;\">Veronica Zaharia<\/strong>Rochiile noastre au o identitate de design foarte bine definita, sunt versatile si atemporale. . Vrei s\u0103 afli mai multe? Contacta\u0163i-ne! Parlor.Ro \u2013 I Love Parlor | <a style=\"font-weight: normal !important;\" title=\"Imbracaminte pentru femei de salon\" href=\"https:\/\/www.parlor.ro\/ro\/\">\u00cembr\u0103c\u0103minte pentru femei<\/a> &amp; Moda pentru femei \u2013 Cum arat\u0103 rochia ta de vis? <a style=\"font-weight: normal !important;\" title=\"Salon Magazin de mod\u0103 pentru femei\" href=\"https:\/\/www.parlor.ro\/ro\/magazin\/\">Magazin de moda pentru femei<\/a> Acceseaza magazinul nostru online \u0219i g\u0103se\u0219te-\u021bi rochia ACUM! Sau vizita\u021bi showroom-ul nostru pentru a g\u0103si rochia de vis. Sun\u0103 pentru programare la 0747501974! <a style=\"font-weight: normal !important;\" title=\"Crea\u021biile Parlor\" href=\"https:\/\/www.parlor.ro\/ro\/\">Crea\u021biile Parlor<\/a> \u2013 P\u00c2N\u0102 LA 50% OFF Ast\u0103zi!<\/p>\n<\/div>","protected":false},"excerpt":{"rendered":"<p>&nbsp; &nbsp; #inspiration Our designs find inspiration in the late Victorian era, as well as the \u201840s and \u201920s. Elements like wide padded shoulders, voluminous wind-blown dresses, hand made embroidery, covered buttons, the \u201chourglass figure\u201d, the \u201cfullness effect\u201d are just a few motifs that Parlor uses to create garments that show refinement, elegance and a [&hellip;]<\/p>\n","protected":false},"author":2,"featured_media":0,"parent":0,"menu_order":0,"comment_status":"closed","ping_status":"closed","template":"page-wide.php","meta":{"footnotes":""},"class_list":["post-843","page","type-page","status-publish","hentry"],"post_mailing_queue_ids":[],"_links":{"self":[{"href":"https:\/\/www.parlor.ro\/ro\/wp-json\/wp\/v2\/pages\/843","targetHints":{"allow":["GET"]}}],"collection":[{"href":"https:\/\/www.parlor.ro\/ro\/wp-json\/wp\/v2\/pages"}],"about":[{"href":"https:\/\/www.parlor.ro\/ro\/wp-json\/wp\/v2\/types\/page"}],"author":[{"embeddable":true,"href":"https:\/\/www.parlor.ro\/ro\/wp-json\/wp\/v2\/users\/2"}],"replies":[{"embeddable":true,"href":"https:\/\/www.parlor.ro\/ro\/wp-json\/wp\/v2\/comments?post=843"}],"version-history":[{"count":0,"href":"https:\/\/www.parlor.ro\/ro\/wp-json\/wp\/v2\/pages\/843\/revisions"}],"wp:attachment":[{"href":"https:\/\/www.parlor.ro\/ro\/wp-json\/wp\/v2\/media?parent=843"}],"curies":[{"name":"wp","href":"https:\/\/api.w.org\/{rel}","templated":true}]}}