{"id":10004,"date":"2020-11-24T18:05:40","date_gmt":"2020-11-24T15:05:40","guid":{"rendered":"https:\/\/www.parlor.ro\/?post_type=product&#038;p=10004"},"modified":"2025-09-25T03:58:57","modified_gmt":"2025-09-25T00:58:57","slug":"costum-de-seninatate","status":"publish","type":"product","link":"https:\/\/www.parlor.ro\/ro\/product\/serenity-suit\/","title":{"rendered":"Costum Serenity"},"content":{"rendered":"<p>Costum Serenity<\/p>\n<p>100% vascoza<\/p>\n<p><strong>Sp\u0103lare delicat\u0103 la ma\u0219in\u0103<\/strong><\/p>\n<p>Acest produs este realizat din \u021bes\u0103turi furnizate de produc\u0103tori certifica\u021bi conform standardelor europene.<\/p>\n<p>Imprimeurile sunt realizate cu vopsea ecologic\u0103 OEKO-TEX\u00ae.<\/p>\n<p>Acest produs este testat \u00een atelierul nostru \u0219i nu prezint\u0103 riscuri pentru s\u0103n\u0103tate si siguran\u021ba consumatorului.<\/p>\n<hr style=\"color: #404040; height: 1px;\" \/>\n<p><b style=\"text-align: left; font-size: 1.8em;\" title=\"Serenity Suit - Parlor Women's Suit\"><b style=\"font-weight: normal;\">Serenity Suit &#8211; Parlor Women&#8217;s Suit<\/b><\/b><br \/>\n<strong style=\"font-weight: normal !important;\">Costum Serenity<\/strong> &#8211; <b style=\"font-weight: normal !important;\">Parlor Women&#8217;s Suit<\/b>. We are madly in love with this foamy star print pyjama suit. Best price today! I Love Parlor | Women&#8217;s Clothing &amp; Women&#8217;s Fashion. Parlor <a style=\"font-weight: normal !important;\" title=\"Crea\u021biile Parlor\" href=\"https:\/\/www.parlor.ro\/ro\/\">Design<\/a> by Veronica Zaharia. #ConsciousDesign is the core of our brand. It translates into reinterpreting our best selling items with minimum use of resources. Our dresses are head turning, effortlessly cool and can go from day to evening in an instant. What does <i style=\"font-style: normal !important;\">your dream dress look like<\/i>? Browse our Women&#8217;s <a style=\"font-weight: normal !important;\" title=\"Magazin de rochii dama\" href=\"https:\/\/www.parlor.ro\/ro\/magazin\/\">Magazin de rochii<\/a> (pantaloni, fuste, rochii, jachete, salopete, topuri) si g\u0103se\u0219te-ti <a style=\"font-weight: normal !important;\" title=\"rochia ta\" href=\"https:\/\/www.parlor.ro\/ro\/categorie-produs\/i-%e2%99%a5-salon\/rochii\/\">rochia ta<\/a> ACUM! Sau vizita\u021bi showroom-ul nostru pentru a v\u0103 g\u0103si rochia perfect\u0103 \/ suna\u021bi pentru programare la 0747501974! Recomand\u0103ri de cump\u0103r\u0103turi pentru tine: <a style=\"font-weight: normal !important;\" title=\"ROCHIE PASSION\" href=\"https:\/\/www.parlor.ro\/ro\/produs\/rochie-pasiune\/\">ROCHIE PASSION<\/a>, <a style=\"font-weight: normal !important;\" title=\"ROCHIE HOPE\" href=\"https:\/\/www.parlor.ro\/ro\/produs\/rochie-sper-2\/\">ROCHIE HOPE<\/a>. P\u00c2N\u0102 LA 50% REDUCERE Azi!<\/p>","protected":false},"excerpt":{"rendered":"<p>Costum cu bluza si pantaloni din tesatura gri deschis, imprimata cu motive astrale. Bluza are inchidere in fata, guler, buzunare pe bust si maneci lungi cu mansete. Pantalonii sunt 1\/3, tiv asimetric si talia etastica.<\/p>\n<p>#MADEin ROMANIA<\/p>\n<p>#FABRICATinROMANIA<\/p>\n<p>Suntem incantati sa v\u0103 dezv\u0103luim modelele noastre si \u00een showroom: suna\u021bi pentru programare 0747501974.<\/p>","protected":false},"featured_media":10784,"template":"","meta":[],"product_brand":[],"product_cat":[97,109],"product_tag":[],"class_list":{"0":"post-10004","1":"product","2":"type-product","3":"status-publish","4":"has-post-thumbnail","6":"product_cat-i--parlor","7":"product_cat-overall","8":"pa_item-type-tops","9":"pa_size-74","10":"pa_size-75","11":"pif-has-gallery","13":"first","14":"outofstock","15":"shipping-taxable","16":"purchasable","17":"product-type-variable"},"post_mailing_queue_ids":[],"_links":{"self":[{"href":"https:\/\/www.parlor.ro\/ro\/wp-json\/wp\/v2\/product\/10004","targetHints":{"allow":["GET"]}}],"collection":[{"href":"https:\/\/www.parlor.ro\/ro\/wp-json\/wp\/v2\/product"}],"about":[{"href":"https:\/\/www.parlor.ro\/ro\/wp-json\/wp\/v2\/types\/product"}],"wp:featuredmedia":[{"embeddable":true,"href":"https:\/\/www.parlor.ro\/ro\/wp-json\/wp\/v2\/media\/10784"}],"wp:attachment":[{"href":"https:\/\/www.parlor.ro\/ro\/wp-json\/wp\/v2\/media?parent=10004"}],"wp:term":[{"taxonomy":"product_brand","embeddable":true,"href":"https:\/\/www.parlor.ro\/ro\/wp-json\/wp\/v2\/product_brand?post=10004"},{"taxonomy":"product_cat","embeddable":true,"href":"https:\/\/www.parlor.ro\/ro\/wp-json\/wp\/v2\/product_cat?post=10004"},{"taxonomy":"product_tag","embeddable":true,"href":"https:\/\/www.parlor.ro\/ro\/wp-json\/wp\/v2\/product_tag?post=10004"}],"curies":[{"name":"wp","href":"https:\/\/api.w.org\/{rel}","templated":true}]}}