{"id":10073,"date":"2020-12-01T12:45:15","date_gmt":"2020-12-01T09:45:15","guid":{"rendered":"https:\/\/www.parlor.ro\/?post_type=product&#038;p=10073"},"modified":"2025-09-19T04:14:45","modified_gmt":"2025-09-19T01:14:45","slug":"costum-alb-plat","status":"publish","type":"product","link":"https:\/\/www.parlor.ro\/ro\/product\/flatwhite-suit\/","title":{"rendered":"Costum Flat White"},"content":{"rendered":"<p>Costum Flat White<\/p>\n<p>100% ca\u0219mir<\/p>\n<p>100% bumbac.<\/p>\n<p><strong>Cur\u0103\u021bare uscat\u0103<\/strong><\/p>\n<p>Acest produs este realizat din \u021bes\u0103turi furnizate de produc\u0103tori certifica\u021bi conform standardelor europene.<\/p>\n<p>Imprimeurile sunt realizate cu vopsea ecologic\u0103 OEKO-TEX\u00ae.<\/p>\n<p>Acest produs este testat \u00een atelierul nostru \u0219i nu prezint\u0103 riscuri pentru s\u0103n\u0103tate si siguran\u021ba consumatorului.<\/p>\n<hr style=\"color:#404040; height: 1px;\" \/>\n<p><b style=\"text-align: left; font-size:1.8em;\" title=\"Flat White Suit - Designer Women's Suit \" name=\"Flat White Suit - Designer Women's Suit \"><b style=\"font-weight: normal;\">Flat White Suit &#8211; Designer Women&#8217;s Suit <\/b><\/b><br \/>\n<strong style=\"font-weight: normal !important;\">Costum Flat White<\/strong> &#8211; <b style=\"font-weight: normal !important;\">Designer Women&#8217;s Suit<\/b>. The power of power dressing reinterpreted into a cozy and soft cashmere suit. Is perfect for you! <i style=\"font-style: normal !important;\">I \u2665 Parlor<\/i> | \u00cembr\u0103c\u0103minte pentru femei \u0219i mod\u0103 pentru femei. <a style=\"font-weight: normal !important;\" title=\"Crea\u021biile Parlor\" href=\"https:\/\/www.parlor.ro\/ro\/\">Crea\u021biile Parlor<\/a> de Veronica Zaharia. #ConsciousDesign este nucleul brandului nostru. El se traduce prin reinterpretarea celor mai bine v\u00e2ndute modele ale noastre, evit\u00e2nd astfel producerea de\u0219eurilor in exces. Rochiile noastre sunt atemporale, usor de purtat, potrivite at\u00e2t ziua c\u00e2t si seara. Cum arat\u0103 rochia ta de vis? R\u0103sfoi\u021bi crea\u021biile noastre pentru femei <a style=\"font-weight: normal !important;\" title=\"Magazin de rochii dama\" href=\"https:\/\/www.parlor.ro\/ro\/magazin\/\">aici<\/a> (bottoms, dresses, jackets, overall, tops) and <a style=\"font-weight: normal !important;\" title=\"find your dress\" href=\"https:\/\/www.parlor.ro\/ro\/categorie-produs\/i-%e2%99%a5-salon\/rochii\/\">find your dress<\/a> ACUM! Sau vizita\u021bi showroom-ul nostru pentru a v\u0103 g\u0103si rochia perfect\u0103 \/ suna\u021bi pentru programare la 0747501974! Recomand\u0103ri de cump\u0103r\u0103turi pentru tine: <a style=\"font-weight: normal !important;\" title=\"ROCHIE CRUSH\" href=\"https:\/\/www.parlor.ro\/ro\/produs\/rochie-zdrobita-3\/\">ROCHIE CRUSH<\/a>, <a style=\"font-weight: normal !important;\" title=\"ROCHIE SPICE\" href=\"https:\/\/www.parlor.ro\/ro\/produs\/rochie-condimentata-4\/\">ROCHIE SPICE<\/a>. P\u00c2N\u0102 LA 50% REDUCERE Azi! <\/p>","protected":false},"excerpt":{"rendered":"<p>Costum din casmir gri inchis. Bluza cu nasturi in fata, maneci lungi, buzunar la bust, detalii in contrast pe guler si mansete, tiv asimetric.  Pantaloni drepti cu elastic si nasturi in fata.<\/p>\n<p>&nbsp;<\/p>\n<p>#MADEin ROMANIA<\/p>\n<p>#FABRICATinROMANIA<\/p>\n<p>&nbsp;<\/p>\n<p>Alice poarta marimea 38. Lungime pantaloni 104 cm.<\/p>\n<p><a href=\"https:\/\/www.parlor.ro\/wp-content\/uploads\/2021\/04\/size-_chart-_Parlor.jpg\">VEZI TABELUL M\u0102RIMILOR<\/a><\/p>","protected":false},"featured_media":10076,"template":"","meta":[],"product_brand":[],"product_cat":[96],"product_tag":[],"class_list":{"0":"post-10073","1":"product","2":"type-product","3":"status-publish","4":"has-post-thumbnail","6":"product_cat-alice-cavaleru-x-i--parlor","7":"pa_item-type-overall","8":"pa_size-74","9":"pa_size-75","10":"pa_size-76","11":"pif-has-gallery","13":"first","14":"outofstock","15":"shipping-taxable","16":"purchasable","17":"product-type-variable"},"post_mailing_queue_ids":[],"_links":{"self":[{"href":"https:\/\/www.parlor.ro\/ro\/wp-json\/wp\/v2\/product\/10073","targetHints":{"allow":["GET"]}}],"collection":[{"href":"https:\/\/www.parlor.ro\/ro\/wp-json\/wp\/v2\/product"}],"about":[{"href":"https:\/\/www.parlor.ro\/ro\/wp-json\/wp\/v2\/types\/product"}],"wp:featuredmedia":[{"embeddable":true,"href":"https:\/\/www.parlor.ro\/ro\/wp-json\/wp\/v2\/media\/10076"}],"wp:attachment":[{"href":"https:\/\/www.parlor.ro\/ro\/wp-json\/wp\/v2\/media?parent=10073"}],"wp:term":[{"taxonomy":"product_brand","embeddable":true,"href":"https:\/\/www.parlor.ro\/ro\/wp-json\/wp\/v2\/product_brand?post=10073"},{"taxonomy":"product_cat","embeddable":true,"href":"https:\/\/www.parlor.ro\/ro\/wp-json\/wp\/v2\/product_cat?post=10073"},{"taxonomy":"product_tag","embeddable":true,"href":"https:\/\/www.parlor.ro\/ro\/wp-json\/wp\/v2\/product_tag?post=10073"}],"curies":[{"name":"wp","href":"https:\/\/api.w.org\/{rel}","templated":true}]}}