{"id":10078,"date":"2020-12-01T13:58:18","date_gmt":"2020-12-01T10:58:18","guid":{"rendered":"https:\/\/www.parlor.ro\/?post_type=product&#038;p=10078"},"modified":"2025-09-17T21:08:07","modified_gmt":"2025-09-17T18:08:07","slug":"rochie-muffin","status":"publish","type":"product","link":"https:\/\/www.parlor.ro\/ro\/product\/muffin-dress\/","title":{"rendered":"Rochie Muffin"},"content":{"rendered":"<p>100% ca\u0219mir<\/p>\n<p>100% bumbac<\/p>\n<p><strong>Cur\u0103\u021bare uscat\u0103<\/strong><\/p>\n<p>Acest produs este realizat din \u021bes\u0103turi furnizate de produc\u0103tori certifica\u021bi conform standardelor europene.<\/p>\n<p>Imprimeurile sunt realizate cu vopsea ecologic\u0103 OEKO-TEX\u00ae.<\/p>\n<p>Acest produs este testat \u00een atelierul nostru \u0219i nu prezint\u0103 riscuri pentru s\u0103n\u0103tate si siguran\u021ba consumatorului.<\/p>\n<hr style=\"color:#404040; height: 1px;\" \/>\n<p><b style=\"text-align: left; font-size:1.8em;\" title=\"Muffin Dress - Amazing Women's Dress\" name=\"Muffin Dress - Amazing Women's Dress\"><b style=\"font-weight: normal;\">Muffin Dress &#8211; Amazing Women&#8217;s Dress<\/b><\/b><br \/>\n<strong style=\"font-weight: normal !important;\">Rochie Muffin<\/strong> &#8211; <b style=\"font-weight: normal !important;\">Rochie special\u0103 pentru femei<\/b>. From early fall to late spring, you will love the Muffin dress more every time you wear it. I Love Parlor | Women&#8217;s Clothing &#038; <a style=\"font-weight: normal !important;\" title=\"Moda pentru femei\" href=\"https:\/\/www.parlor.ro\/ro\/\">Parlor<\/a> Mod\u0103. Design Parlor de Veronica Zaharia. #ConsciousDesign este nucleul brandului nostru. El se traduce prin reinterpretarea celor mai bine v\u00e2ndute modele ale noastre, evit\u00e2nd astfel producerea de\u0219eurilor in exces. Rochiile noastre sunt atemporale, usor de purtat, potrivite at\u00e2t ziua c\u00e2t si seara. Cum arat\u0103 rochia ta de vis? R\u0103sfoi\u021bi <a style=\"font-weight: normal !important;\" title=\"Rochii de dama\" href=\"https:\/\/www.parlor.ro\/ro\/categorie-produs\/i-%e2%99%a5-salon\/rochii\/\">Rochii de dama<\/a> Shop (bottoms, dresses, jackets, overall, tops) and find your dress NOW! Or visit our showroom to find your <i style=\"font-style: normal !important;\">rochia perfecta<\/i> \/ call for appointment 0747501974! <a style=\"font-weight: normal !important;\" title=\"Shopping\" href=\"https:\/\/www.parlor.ro\/ro\/magazin\/\">Shopping<\/a> recommendations for you: <a style=\"font-weight: normal !important;\" title=\"ROCHIE LOVE MAGENTA\" href=\"https:\/\/www.parlor.ro\/ro\/produs\/rochie-de-dragoste-magenta\/\">ROCHIE LOVE MAGENTA<\/a>, <a style=\"font-weight: normal !important;\" title=\"ROCHIE CRUSH\" href=\"https:\/\/www.parlor.ro\/ro\/produs\/rochie-zdrobita-3\/\">ROCHIE CRUSH <\/a>. P\u00c2N\u0102 LA 50% REDUCERE Azi!<\/p>","protected":false},"excerpt":{"rendered":"<p>Rochie mini din casmir gri inchis, cu detail din volane si maneci 1\/3 cu mansete late, inchidere cu siret la spate. Este dublat\u0103 cu vascoza.<\/p>\n<p>&nbsp;<\/p>\n<p>#MadeinRomania<\/p>\n<p>#FabricatinRomania<\/p>\n<p>&nbsp;<\/p>\n<p>Alice poarta marimea 38. Lungime rochie 80cm.<\/p>\n<p><a href=\"https:\/\/www.parlor.ro\/wp-content\/uploads\/2021\/04\/size-_chart-_Parlor.jpg\">VEZI TABELUL M\u0102RIMILOR<\/a><\/p>","protected":false},"featured_media":10082,"template":"","meta":[],"product_brand":[],"product_cat":[96],"product_tag":[],"class_list":{"0":"post-10078","1":"product","2":"type-product","3":"status-publish","4":"has-post-thumbnail","6":"product_cat-alice-cavaleru-x-i--parlor","7":"pa_item-type-dresses","8":"pa_size-74","9":"pa_size-75","10":"pa_size-76","11":"pif-has-gallery","13":"first","14":"outofstock","15":"shipping-taxable","16":"purchasable","17":"product-type-variable"},"post_mailing_queue_ids":[],"_links":{"self":[{"href":"https:\/\/www.parlor.ro\/ro\/wp-json\/wp\/v2\/product\/10078","targetHints":{"allow":["GET"]}}],"collection":[{"href":"https:\/\/www.parlor.ro\/ro\/wp-json\/wp\/v2\/product"}],"about":[{"href":"https:\/\/www.parlor.ro\/ro\/wp-json\/wp\/v2\/types\/product"}],"wp:featuredmedia":[{"embeddable":true,"href":"https:\/\/www.parlor.ro\/ro\/wp-json\/wp\/v2\/media\/10082"}],"wp:attachment":[{"href":"https:\/\/www.parlor.ro\/ro\/wp-json\/wp\/v2\/media?parent=10078"}],"wp:term":[{"taxonomy":"product_brand","embeddable":true,"href":"https:\/\/www.parlor.ro\/ro\/wp-json\/wp\/v2\/product_brand?post=10078"},{"taxonomy":"product_cat","embeddable":true,"href":"https:\/\/www.parlor.ro\/ro\/wp-json\/wp\/v2\/product_cat?post=10078"},{"taxonomy":"product_tag","embeddable":true,"href":"https:\/\/www.parlor.ro\/ro\/wp-json\/wp\/v2\/product_tag?post=10078"}],"curies":[{"name":"wp","href":"https:\/\/api.w.org\/{rel}","templated":true}]}}