{"id":10464,"date":"2021-03-29T21:06:56","date_gmt":"2021-03-29T18:06:56","guid":{"rendered":"https:\/\/www.parlor.ro\/?post_type=product&#038;p=10464"},"modified":"2025-09-17T20:58:45","modified_gmt":"2025-09-17T17:58:45","slug":"sper-rochie-fucsia","status":"publish","type":"product","link":"https:\/\/www.parlor.ro\/ro\/product\/hope-dress-fucsia\/","title":{"rendered":"ROCHIE HOPE FUCSIA"},"content":{"rendered":"<p>100% muselin\u0103 de m\u0103tase<\/p>\n<p><strong>Cur\u0103\u021bare uscat\u0103<\/strong><\/p>\n<p>Acest produs este realizat din \u021bes\u0103turi furnizate de produc\u0103tori certifica\u021bi conform standardelor europene.<\/p>\n<p>Imprimeurile sunt realizate cu vopsea ecologic\u0103 OEKO-TEX\u00ae.<\/p>\n<p>Acest produs este testat \u00een atelierul nostru \u0219i nu prezint\u0103 riscuri pentru s\u0103n\u0103tate si siguran\u021ba consumatorului.<\/p>\n<hr style=\"color:#404040; height: 1px;\" \/>\n<p><b style=\"text-align: left; font-size:1.8em;\" title=\"HOPE DRESS FUCSIA - Stylish Women's Dress\" name=\"HOPE DRESS FUCSIA - Stylish Women's Dress\"><b style=\"font-weight: normal;\">HOPE DRESS FUCSIA &#8211; Stylish Women&#8217;s Dress<\/b><\/b><br \/>\n<strong style=\"font-weight: normal !important;\">ROCHIE HOPE FUCSIA<\/strong> &#8211; <b style=\"font-weight: normal !important;\">Rochie elegant\u0103 pentru femei<\/b>. Perfectly crafted from color block silk muslin, with delicate ruffles and bow details on the shoulder. I Love Parlor | Women&#8217;s Clothing &#038; <a style=\"font-weight: normal !important;\" title=\"Moda pentru femei\" href=\"https:\/\/www.parlor.ro\/ro\/\">Moda pentru femei<\/a>. Design Parlor de <i style=\"font-style: normal !important;\">Veronica Zaharia<\/i>. #ConsciousDesign este nucleul brandului nostru. El se traduce prin reinterpretarea celor mai bine v\u00e2ndute modele ale noastre, evit\u00e2nd astfel producerea de\u0219eurilor in exces. Rochiile noastre sunt atemporale, usor de purtat, potrivite at\u00e2t ziua c\u00e2t si seara . <a style=\"font-weight: normal !important;\" title=\"Cum arata rochia visurilor tale?\" href=\"https:\/\/www.parlor.ro\/ro\/categorie-produs\/i-%e2%99%a5-salon\/rochii\/\">Cum arata rochia visurilor tale?<\/a> R\u0103sfoi\u021bi rochiile noastre pentru femei <a style=\"font-weight: normal !important;\" title=\"Viziteaza shop-ul nostru online\" href=\"https:\/\/www.parlor.ro\/ro\/magazin\/\">Parlor Shop<\/a> (pantaloni, fuste, rochii, jachete, salopete, topuri) \u0219i g\u0103se\u0219te-\u021bi rochia ACUM! Sau vizita\u021bi showroom-ul nostru pentru a v\u0103 g\u0103si rochia perfect\u0103 \/ suna\u021bi pentru programare la 0747501974! Recomand\u0103ri de cump\u0103r\u0103turi pentru tine: <a style=\"font-weight: normal !important;\" title=\"ROCHIE GRACEFUL\" href=\"https:\/\/www.parlor.ro\/ro\/produs\/rochie-gratioasa-2\/\">ROCHIE GRACEFUL<\/a>, <a style=\"font-weight: normal !important;\" title=\"ROCHIE LOVE DARK AQUA\" href=\"https:\/\/www.parlor.ro\/ro\/produs\/rochie-de-dragoste-aqua-inchis\/\">ROCHIE LOVE DARK AQUA<\/a>. P\u00c2N\u0102 LA 50% REDUCERE Azi! <\/p>","protected":false},"excerpt":{"rendered":"<p>ROCHIE HOPE FUCSIA<\/p>\n<p>Rochie  mini din volane multicolore si bretele negre peste umeri.<\/p>\n<p>Modelul are 175 cm \u0219i poart\u0103 m\u0103rimea 38.<\/p>\n<p>#MADEin ROMANIA<\/p>\n<p>#FABRICATinROMANIA<\/p>\n<p>&nbsp;<\/p>\n<p><a href=\"https:\/\/www.parlor.ro\/wp-content\/uploads\/2021\/04\/size-_chart-_Parlor.jpg\">VEZI TABELUL M\u0102RIMILOR<\/a><\/p>","protected":false},"featured_media":10446,"template":"","meta":[],"product_brand":[],"product_cat":[97,99,104],"product_tag":[],"class_list":{"0":"post-10464","1":"product","2":"type-product","3":"status-publish","4":"has-post-thumbnail","6":"product_cat-i--parlor","7":"product_cat-dresses","8":"product_cat-sale","9":"pa_item-type-dresses","10":"pa_size-74","11":"pa_size-75","12":"pa_size-76","13":"pa_size-sur-mesure","14":"pif-has-gallery","16":"first","17":"outofstock","18":"shipping-taxable","19":"purchasable","20":"product-type-variable"},"post_mailing_queue_ids":[],"_links":{"self":[{"href":"https:\/\/www.parlor.ro\/ro\/wp-json\/wp\/v2\/product\/10464","targetHints":{"allow":["GET"]}}],"collection":[{"href":"https:\/\/www.parlor.ro\/ro\/wp-json\/wp\/v2\/product"}],"about":[{"href":"https:\/\/www.parlor.ro\/ro\/wp-json\/wp\/v2\/types\/product"}],"wp:featuredmedia":[{"embeddable":true,"href":"https:\/\/www.parlor.ro\/ro\/wp-json\/wp\/v2\/media\/10446"}],"wp:attachment":[{"href":"https:\/\/www.parlor.ro\/ro\/wp-json\/wp\/v2\/media?parent=10464"}],"wp:term":[{"taxonomy":"product_brand","embeddable":true,"href":"https:\/\/www.parlor.ro\/ro\/wp-json\/wp\/v2\/product_brand?post=10464"},{"taxonomy":"product_cat","embeddable":true,"href":"https:\/\/www.parlor.ro\/ro\/wp-json\/wp\/v2\/product_cat?post=10464"},{"taxonomy":"product_tag","embeddable":true,"href":"https:\/\/www.parlor.ro\/ro\/wp-json\/wp\/v2\/product_tag?post=10464"}],"curies":[{"name":"wp","href":"https:\/\/api.w.org\/{rel}","templated":true}]}}