{"id":10477,"date":"2021-03-29T18:14:35","date_gmt":"2021-03-29T15:14:35","guid":{"rendered":"https:\/\/www.parlor.ro\/?post_type=product&#038;p=10477"},"modified":"2025-09-17T21:03:05","modified_gmt":"2025-09-17T18:03:05","slug":"rochie-fericita-2","status":"publish","type":"product","link":"https:\/\/www.parlor.ro\/ro\/product\/happy-dress-2\/","title":{"rendered":"ROCHIE HAPPY"},"content":{"rendered":"<p>100% poliester<\/p>\n<p><strong>Sp\u0103lare delicat\u0103 la ma\u0219in\u0103<\/strong><\/p>\n<p>Acest produs este realizat din \u021bes\u0103turi furnizate de produc\u0103tori certifica\u021bi conform standardelor europene.<\/p>\n<p>Imprimeurile sunt realizate cu vopsea ecologic\u0103 OEKO-TEX\u00ae.<\/p>\n<p>Acest produs este testat \u00een atelierul nostru \u0219i nu prezint\u0103 riscuri pentru s\u0103n\u0103tate si siguran\u021ba consumatorului.<\/p>\n<hr style=\"color:#404040; height: 1px;\" \/>\n<p><b style=\"text-align: left; font-size:1.8em;\" title=\"HAPPY DRESS - Beautiful Women's Dress\" name=\"HAPPY DRESS - Beautiful Women's Dress\"><b style=\"font-weight: normal;\">HAPPY DRESS &#8211; Beautiful Women&#8217;s Dress<\/b><\/b><br \/>\n<strong style=\"font-weight: normal !important;\">ROCHIE HAPPY<\/strong> &#8211; <b style=\"font-weight: normal !important;\">Rochie frumoasa de dama<\/b>. &#8220;Wear something you love to brighten up your day\u201d is our go-to phrase, because we want you to feel beautiful everyday. I Love Parlor | Women&#8217;s Clothing &#038; Women&#8217;s <a style=\"font-weight: normal !important;\" title=\"Moda pentru femei\" href=\"https:\/\/www.parlor.ro\/ro\/\">pentru femei<\/a>. Design de salon de Veronica Zaharia. #ConsciousDesign este nucleul m\u0103rcii noastre. Se traduce prin reinterpretarea articolelor noastre cele mai v\u00e2ndute cu o utilizare minim\u0103 a resurselor. Rochiile noastre \u00eentorc capul, r\u0103coroase f\u0103r\u0103 efort \u0219i pot merge de la zi la sear\u0103 \u00eentr-o clip\u0103. Cum arat\u0103 rochia ta de vis? R\u0103sfoi\u021bi produsele noastre pentru femei <a style=\"font-weight: normal !important;\" title=\"Magazin Parlor\" href=\"https:\/\/www.parlor.ro\/ro\/magazin\/\">Parlor Shop<\/a> (fuste, pantaloni, <i style=\"font-style: normal !important;\">rochii<\/i>, jachete, salopete, topuri) si g\u0103se\u0219te-ti rochia de vis ACUM! Sau viziteaz\u0103 showroomul nostru pentru a g\u0103si <a style=\"font-weight: normal !important;\" title=\"rochia perfecta\" href=\"https:\/\/www.parlor.ro\/ro\/categorie-produs\/i-%e2%99%a5-salon\/rochii\/\">rochia perfecta<\/a> \/ suna pentru programare 0747501974! Recomand\u0103ri de cump\u0103r\u0103turi pentru tine: <a style=\"font-weight: normal !important;\" title=\"ROCHIE LOVE CAMEL\" href=\"https:\/\/www.parlor.ro\/ro\/produs\/rochie-de-dragoste-camel\/\">ROCHIE LOVE CAMEL<\/a>, <a style=\"font-weight: normal !important;\" title=\"ROCHIE LOVE ROSIE\" href=\"https:\/\/www.parlor.ro\/ro\/produs\/rochie-de-dragoste-rosie\/\">ROCHIE LOVE ROSIE<\/a>. P\u00c2N\u0102 LA 50% REDUCERE Azi! <\/p>","protected":false},"excerpt":{"rendered":"<p>Top cu guler \u00eenalt din jerseu, cu m\u00e2nec\u0103 lung\u0103.<\/p>\n<p>Modelul are 175 cm \u0219i poart\u0103 m\u0103rimea 38.<\/p>\n<p>&nbsp;<\/p>\n<p>#MADEin ROMANIA<\/p>\n<p>#FABRICATinROMANIA<\/p>\n<p>&nbsp;<\/p>\n<p><a href=\"https:\/\/www.parlor.ro\/wp-content\/uploads\/2021\/04\/size-_chart-_Parlor.jpg\">VEZI TABELUL M\u0102RIMILOR<\/a><\/p>\n<p>ROCHIE HAPPY<\/p>\n<p>&nbsp;<\/p>","protected":false},"featured_media":10414,"template":"","meta":[],"product_brand":[],"product_cat":[97,99],"product_tag":[],"class_list":{"0":"post-10477","1":"product","2":"type-product","3":"status-publish","4":"has-post-thumbnail","6":"product_cat-i--parlor","7":"product_cat-dresses","8":"pa_item-type-dresses","9":"pa_size-74","10":"pa_size-75","11":"pa_size-76","12":"pif-has-gallery","14":"first","15":"outofstock","16":"shipping-taxable","17":"purchasable","18":"product-type-variable"},"post_mailing_queue_ids":[],"_links":{"self":[{"href":"https:\/\/www.parlor.ro\/ro\/wp-json\/wp\/v2\/product\/10477","targetHints":{"allow":["GET"]}}],"collection":[{"href":"https:\/\/www.parlor.ro\/ro\/wp-json\/wp\/v2\/product"}],"about":[{"href":"https:\/\/www.parlor.ro\/ro\/wp-json\/wp\/v2\/types\/product"}],"wp:featuredmedia":[{"embeddable":true,"href":"https:\/\/www.parlor.ro\/ro\/wp-json\/wp\/v2\/media\/10414"}],"wp:attachment":[{"href":"https:\/\/www.parlor.ro\/ro\/wp-json\/wp\/v2\/media?parent=10477"}],"wp:term":[{"taxonomy":"product_brand","embeddable":true,"href":"https:\/\/www.parlor.ro\/ro\/wp-json\/wp\/v2\/product_brand?post=10477"},{"taxonomy":"product_cat","embeddable":true,"href":"https:\/\/www.parlor.ro\/ro\/wp-json\/wp\/v2\/product_cat?post=10477"},{"taxonomy":"product_tag","embeddable":true,"href":"https:\/\/www.parlor.ro\/ro\/wp-json\/wp\/v2\/product_tag?post=10477"}],"curies":[{"name":"wp","href":"https:\/\/api.w.org\/{rel}","templated":true}]}}