{"id":10485,"date":"2021-04-22T11:30:59","date_gmt":"2021-04-22T08:30:59","guid":{"rendered":"https:\/\/www.parlor.ro\/?post_type=product&#038;p=10485"},"modified":"2025-09-13T22:40:26","modified_gmt":"2025-09-13T19:40:26","slug":"rochie-condimentata-2","status":"publish","type":"product","link":"https:\/\/www.parlor.ro\/ro\/product\/spice-dress-2\/","title":{"rendered":"ROCHIE SPICE"},"content":{"rendered":"<p>ROCHIE SPICE<\/p>\n<p>100% poliester<\/p>\n<p><strong>Sp\u0103lare delicat\u0103 la ma\u0219in\u0103<\/strong><\/p>\n<p>Acest produs este realizat din \u021bes\u0103turi furnizate de produc\u0103tori certifica\u021bi conform standardelor europene.<\/p>\n<p>Imprimeurile sunt realizate cu vopsea ecologic\u0103 OEKO-TEX\u00ae.<\/p>\n<p>Acest produs este testat \u00een atelierul nostru \u0219i nu prezint\u0103 riscuri pentru s\u0103n\u0103tate si siguran\u021ba consumatorului.<\/p>\n<hr style=\"color:#404040; height: 1px;\" \/>\n<p><b style=\"text-align: left; font-size:1.8em;\" title=\"SPICE DRESS - Beautifully Crafted Women's Dress\" name=\"SPICE DRESS - Beautifully Crafted Women's Dress\"><b style=\"font-weight: normal;\">SPICE DRESS &#8211; Beautifully Crafted Women&#8217;s Dress<\/b><\/b><br \/>\n<strong style=\"font-weight: normal !important;\"><\/strong>ROCHIE SPICE<strong style=\"font-weight: normal !important;\"><\/strong> &#8211; <b style=\"font-weight: normal !important;\">Beautifully Crafted Women&#8217;s Dress<\/b>. Rochie midi din tesatura imprimata cu dungi bej si negre, <i style=\"font-style: normal !important;\">are fronseuri in talie, un umar gol, crapatura pe piciorul stang si se inchide cu fermoar in partea dreapta<\/i>. <a style=\"font-weight: normal !important;\" title=\"I \u2665 Parlor\" href=\"https:\/\/www.parlor.ro\/ro\/\">I \u2665 Parlor<\/a> | Women&#8217;s Clothing &#038; Women&#8217;s Fashion. Parlor Designs by Veronica Zaharia. #ConsciousDesign is the core of our brand. It translates into reinterpreting our best selling items with minimum use of resources. Our dresses are head turning, effortlessly cool and can go from day to evening in an instant. What does your dream dress look like? Do you want to know more? Browse our Women&#8217;s <a style=\"font-weight: normal !important;\" title=\"Rochii de dama\" href=\"https:\/\/www.parlor.ro\/ro\/categorie-produs\/i-%e2%99%a5-salon\/rochii\/\">Rochiile<\/a> <a style=\"font-weight: normal !important;\" title=\"Viziteaza shop-ul nostru online\" href=\"https:\/\/www.parlor.ro\/ro\/magazin\/\">Parlor Shop<\/a> (pantaloni, fuste, rochii, jachete, salopete, topuri) \u0219i g\u0103se\u0219te-\u021bi rochia ACUM! Sau vizita\u021bi showroom-ul nostru pentru a v\u0103 g\u0103si rochia perfect\u0103 \/ suna\u021bi pentru programare la 0747501974! Recomand\u0103ri de cump\u0103r\u0103turi pentru tine: <a style=\"font-weight: normal !important;\" title=\"ROCHIE HOT\" href=\"https:\/\/www.parlor.ro\/ro\/produs\/rochie-fierbinte\/\">ROCHIE HOT<\/a>, <a style=\"font-weight: normal !important;\" title=\"ROCHIE SUNSHINE\" href=\"https:\/\/www.parlor.ro\/ro\/produs\/rochie-sunshine\/\">ROCHIE SUNSHINE<\/a>. P\u00c2N\u0102 LA 50% REDUCERE Azi! <\/p>","protected":false},"excerpt":{"rendered":"<p>Rochie midi din tesatura imprimata cu dungi bej si negre, are fronseuri in talie, un umar gol, crapatura pe piciorul stang si se inchide cu fermoar in partea dreapta.<\/p>\n<p>#MADEin ROMANIA<\/p>\n<p>#FABRICATinROMANIA<\/p>\n<p>Modelul poart\u0103 m\u0103rimea 38.<\/p>\n<p>&nbsp;<\/p>\n<p><a href=\"https:\/\/www.parlor.ro\/wp-content\/uploads\/2021\/04\/size-_chart-_Parlor.jpg\">VEZI TABELUL M\u0102RIMILOR<\/a><\/p>","protected":false},"featured_media":10425,"template":"","meta":[],"product_brand":[],"product_cat":[97,99],"product_tag":[],"class_list":{"0":"post-10485","1":"product","2":"type-product","3":"status-publish","4":"has-post-thumbnail","6":"product_cat-i--parlor","7":"product_cat-dresses","8":"pa_item-type-dresses","9":"pa_size-74","10":"pa_size-75","11":"pa_size-76","12":"pif-has-gallery","14":"first","15":"outofstock","16":"shipping-taxable","17":"purchasable","18":"product-type-variable"},"post_mailing_queue_ids":[],"_links":{"self":[{"href":"https:\/\/www.parlor.ro\/ro\/wp-json\/wp\/v2\/product\/10485","targetHints":{"allow":["GET"]}}],"collection":[{"href":"https:\/\/www.parlor.ro\/ro\/wp-json\/wp\/v2\/product"}],"about":[{"href":"https:\/\/www.parlor.ro\/ro\/wp-json\/wp\/v2\/types\/product"}],"wp:featuredmedia":[{"embeddable":true,"href":"https:\/\/www.parlor.ro\/ro\/wp-json\/wp\/v2\/media\/10425"}],"wp:attachment":[{"href":"https:\/\/www.parlor.ro\/ro\/wp-json\/wp\/v2\/media?parent=10485"}],"wp:term":[{"taxonomy":"product_brand","embeddable":true,"href":"https:\/\/www.parlor.ro\/ro\/wp-json\/wp\/v2\/product_brand?post=10485"},{"taxonomy":"product_cat","embeddable":true,"href":"https:\/\/www.parlor.ro\/ro\/wp-json\/wp\/v2\/product_cat?post=10485"},{"taxonomy":"product_tag","embeddable":true,"href":"https:\/\/www.parlor.ro\/ro\/wp-json\/wp\/v2\/product_tag?post=10485"}],"curies":[{"name":"wp","href":"https:\/\/api.w.org\/{rel}","templated":true}]}}