{"id":10568,"date":"2021-04-06T14:40:22","date_gmt":"2021-04-06T11:40:22","guid":{"rendered":"https:\/\/www.parlor.ro\/?post_type=product&#038;p=10568"},"modified":"2025-09-15T23:55:48","modified_gmt":"2025-09-15T20:55:48","slug":"rochie-la-lumina-lunii-2","status":"publish","type":"product","link":"https:\/\/www.parlor.ro\/ro\/product\/moonlight-dress-2\/","title":{"rendered":"Rochie Moonlight"},"content":{"rendered":"<p>Rochie Moonlight<\/p>\n<p>100% poliester<\/p>\n<p><strong>Sp\u0103lare delicat\u0103 la ma\u0219in\u0103<\/strong><\/p>\n<p>Acest produs este realizat din \u021bes\u0103turi furnizate de produc\u0103tori certifica\u021bi conform standardelor europene.<\/p>\n<p>Imprimeurile sunt realizate cu vopsea ecologic\u0103 OEKO-TEX\u00ae.<\/p>\n<p>Acest produs este testat \u00een atelierul nostru \u0219i nu prezint\u0103 riscuri pentru s\u0103n\u0103tate si siguran\u021ba consumatorului.<\/p>\n<p>&nbsp;<\/p>\n<hr style=\"color:#404040; height: 1px;\" \/>\n<p><b style=\"text-align: left; font-size:1.8em;\" title=\"Moonlight Dress - Designer Women's Dress\" name=\"Moonlight Dress - Designer Women's Dress\"><b style=\"font-weight: normal;\">Moonlight Dress &#8211; Designer Women&#8217;s Dress<\/b><\/b><br \/>\n<b style=\"font-weight: normal !important;\">Rochie Moonlight<\/b> &#8211; <strong style=\"font-weight: normal !important;\">Rochie de designer pentru femei<\/strong>. Moonlight is misterious yet revealing, playful yet serious. Not too little, not too much. I Love Parlor | <a style=\"font-weight: normal !important;\" title=\"\u00cembr\u0103c\u0103minte pentru femei\" href=\"https:\/\/www.parlor.ro\/ro\/\">\u00cembr\u0103c\u0103minte pentru femei<\/a> &#038; Women&#8217;s Fashion. Parlor Designs by Veronica Zaharia . #ConsciousDesign is the core of our brand. It translates into reinterpreting our best selling items with minimum use of resources. Our dresses are head turning, effortlessly cool and can go from day to evening in an instant. What does your <i style=\"font-style: normal !important;\">Cum arata rochia visurilor tale?<\/i> R\u0103sfoi\u021bi rochiile noastre pentru femei <a style=\"font-weight: normal !important;\" title=\"aici\" href=\"https:\/\/www.parlor.ro\/ro\/magazin\/\">aici<\/a> (fuste, pantaloni, <a style=\"font-weight: normal !important;\" title=\"rochii\" href=\"https:\/\/www.parlor.ro\/ro\/categorie-produs\/i-%e2%99%a5-salon\/rochii\/\">rochii<\/a>, jachete, salopet\u0103, topuri) \u0219i g\u0103se\u0219te-\u021bi rochia ACUM! Sau vizita\u021bi showroom-ul nostru pentru a v\u0103 g\u0103si rochia perfect\u0103 \/ suna\u021bi pentru programare la 0747501974! Recomand\u0103ri de cump\u0103r\u0103turi pentru tine: <a style=\"font-weight: normal !important;\" title=\"Rochie Elena\" href=\"https:\/\/www.parlor.ro\/ro\/produs\/rochie-elena\/\">Rochie Elena<\/a>, <a style=\"font-weight: normal !important;\" title=\"ROCHIE HARLEQUEEN\" href=\"https:\/\/www.parlor.ro\/ro\/produs\/rochie-harlequeen\/\">ROCHIE HARLEQUEEN<\/a>. P\u00c2N\u0102 LA 50% REDUCERE Azi! <\/p>","protected":false},"excerpt":{"rendered":"<p>Rochie neagra mini, cu fusta petrecuta, tiv asimetric, maneca ampla, fermoar la spate.<\/p>\n<p>#MadeinRomania<\/p>\n<p>#FabricatinRomania<\/p>\n<p>Suntem incantati sa v\u0103 dezv\u0103luim modelele noastre si \u00een showroom: suna\u021bi pentru programare 0747501974.<\/p>\n<p>Modelul poart\u0103 m\u0103rimea 38.<\/p>\n<p>&nbsp;<\/p>\n<p><a href=\"https:\/\/www.parlor.ro\/wp-content\/uploads\/2021\/04\/size-_chart-_Parlor.jpg\">VEZI TABELUL M\u0102RIMILOR<\/a><\/p>","protected":false},"featured_media":10636,"template":"","meta":[],"product_brand":[],"product_cat":[97,99],"product_tag":[],"class_list":{"0":"post-10568","1":"product","2":"type-product","3":"status-publish","4":"has-post-thumbnail","6":"product_cat-i--parlor","7":"product_cat-dresses","8":"pa_item-type-dresses","9":"pa_size-74","10":"pa_size-75","11":"pif-has-gallery","13":"first","14":"outofstock","15":"shipping-taxable","16":"purchasable","17":"product-type-variable"},"post_mailing_queue_ids":[],"_links":{"self":[{"href":"https:\/\/www.parlor.ro\/ro\/wp-json\/wp\/v2\/product\/10568","targetHints":{"allow":["GET"]}}],"collection":[{"href":"https:\/\/www.parlor.ro\/ro\/wp-json\/wp\/v2\/product"}],"about":[{"href":"https:\/\/www.parlor.ro\/ro\/wp-json\/wp\/v2\/types\/product"}],"wp:featuredmedia":[{"embeddable":true,"href":"https:\/\/www.parlor.ro\/ro\/wp-json\/wp\/v2\/media\/10636"}],"wp:attachment":[{"href":"https:\/\/www.parlor.ro\/ro\/wp-json\/wp\/v2\/media?parent=10568"}],"wp:term":[{"taxonomy":"product_brand","embeddable":true,"href":"https:\/\/www.parlor.ro\/ro\/wp-json\/wp\/v2\/product_brand?post=10568"},{"taxonomy":"product_cat","embeddable":true,"href":"https:\/\/www.parlor.ro\/ro\/wp-json\/wp\/v2\/product_cat?post=10568"},{"taxonomy":"product_tag","embeddable":true,"href":"https:\/\/www.parlor.ro\/ro\/wp-json\/wp\/v2\/product_tag?post=10568"}],"curies":[{"name":"wp","href":"https:\/\/api.w.org\/{rel}","templated":true}]}}