{"id":10733,"date":"2021-04-26T21:33:11","date_gmt":"2021-04-26T18:33:11","guid":{"rendered":"https:\/\/www.parlor.ro\/?post_type=product&#038;p=10733"},"modified":"2025-09-07T22:07:02","modified_gmt":"2025-09-07T19:07:02","slug":"tricou-de-dama","status":"publish","type":"product","link":"https:\/\/www.parlor.ro\/ro\/product\/lady-t-shirt\/","title":{"rendered":"TRICOU LADY"},"content":{"rendered":"<p>TRICOU LADY<\/p>\n<p>100% bumbac<\/p>\n<p>Dantela din poliester 100%<\/p>\n<p><strong>Sp\u0103lare delicat\u0103 la ma\u0219in\u0103<\/strong><\/p>\n<p>Acest produs este realizat din \u021bes\u0103turi furnizate de produc\u0103tori certifica\u021bi conform standardelor europene.<\/p>\n<p>Imprimeurile sunt realizate cu vopsea ecologic\u0103 OEKO-TEX\u00ae.<\/p>\n<p>Acest produs este testat \u00een atelierul nostru \u0219i nu prezint\u0103 riscuri pentru s\u0103n\u0103tate si siguran\u021ba consumatorului.<\/p>\n<hr style=\"color:#404040; height: 1px;\" \/>\n<p><b style=\"text-align: left; font-size:1.8em;\" title=\"LADY T-SHIRT - WOW Women's T-SHIRTS\" name=\" LADY T-SHIRT - WOW Women's T-SHIRTS\"><b style=\"font-weight: normal;\"> LADY T-SHIRT &#8211; WOW Women&#8217;s T-SHIRTS<\/b><\/b><br \/>\n<b style=\"font-weight: normal !important;\">TRICOU LADY<\/b> &#8211; <strong style=\"font-weight: normal !important;\">WOW Women&#8217;s T-SHIRTS<\/strong>. Why settle for basic when you can have the WOW effect? We\u201dve spiced up the basic t-shirt with lace and pleates. I Love Parlor | Women&#8217;s Clothing &#038; <a style=\"font-weight: normal !important;\" title=\"Moda pentru femei\" href=\"https:\/\/www.parlor.ro\/ro\/\">Moda pentru femei<\/a>. <i style=\"font-style: normal !important;\">Crea\u021biile Parlor<\/i> by Veronica Zaharia. We believe in #emotionallydurable design and we #DesignforReuse. Our hearts skip a beat every time we see a woman wearing a Parlor design from past collections. It is the clean and flawless cuts, the best fabrics and the timeless silhouettes that make our items NOW over the years. Browse our <a style=\"font-weight: normal !important;\" title=\"Magazin de rochii de dama\" href=\"https:\/\/www.parlor.ro\/ro\/magazin\/\">magazinul online I \u2665 Parlor<\/a> (pantaloni, rochii, jachete, salopete, <a style=\"font-weight: normal !important;\" title=\"topuri\" href=\"https:\/\/www.parlor.ro\/ro\/categorie-produs\/i-%e2%99%a5-salon\/varfuri\/\">topuri<\/a>) \u0219i g\u0103se\u0219te-\u021bi rochia ACUM! Sau vizita\u021bi showroom-ul nostru pentru a v\u0103 g\u0103si rochia perfect\u0103 \/ suna\u021bi pentru programare la 0747501974! Recomand\u0103ri de cump\u0103r\u0103turi pentru tine: <a style=\"font-weight: normal !important;\" title=\"TOP GLAM ALB\" href=\"https:\/\/www.parlor.ro\/ro\/produs\/glam-top-alb\/\">TOP GLAM ALB<\/a>, <a style=\"font-weight: normal !important;\" title=\"TRICOU QUEEN\" href=\"https:\/\/www.parlor.ro\/ro\/produs\/tricou-regina\/\">TRICOU QUEEN<\/a>. P\u00c2N\u0102 LA 50% REDUCERE Azi! <\/p>","protected":false},"excerpt":{"rendered":"<p>Tricou alb, cu maneca scurta, din bumbac, cu detaliu de dantela la tiv.<\/p>\n<p>#MADEin ROMANIA<\/p>\n<p>#FABRICATinROMANIA<\/p>\n<p>Suntem incantati sa v\u0103 dezv\u0103luim modelele noastre si \u00een showroom: suna\u021bi pentru programare 0747501974.<\/p>\n<p>&nbsp;<\/p>\n<p><a href=\"https:\/\/www.parlor.ro\/wp-content\/uploads\/2021\/04\/size-_chart-_Parlor.jpg\">VEZI TABELUL M\u0102RIMILOR<\/a><\/p>","protected":false},"featured_media":10734,"template":"","meta":[],"product_brand":[],"product_cat":[97,102],"product_tag":[],"class_list":{"0":"post-10733","1":"product","2":"type-product","3":"status-publish","4":"has-post-thumbnail","6":"product_cat-i--parlor","7":"product_cat-tops","8":"pa_item-type-tops","9":"pa_size-one-size","10":"pif-has-gallery","12":"first","13":"outofstock","14":"shipping-taxable","15":"purchasable","16":"product-type-variable"},"post_mailing_queue_ids":[],"_links":{"self":[{"href":"https:\/\/www.parlor.ro\/ro\/wp-json\/wp\/v2\/product\/10733","targetHints":{"allow":["GET"]}}],"collection":[{"href":"https:\/\/www.parlor.ro\/ro\/wp-json\/wp\/v2\/product"}],"about":[{"href":"https:\/\/www.parlor.ro\/ro\/wp-json\/wp\/v2\/types\/product"}],"wp:featuredmedia":[{"embeddable":true,"href":"https:\/\/www.parlor.ro\/ro\/wp-json\/wp\/v2\/media\/10734"}],"wp:attachment":[{"href":"https:\/\/www.parlor.ro\/ro\/wp-json\/wp\/v2\/media?parent=10733"}],"wp:term":[{"taxonomy":"product_brand","embeddable":true,"href":"https:\/\/www.parlor.ro\/ro\/wp-json\/wp\/v2\/product_brand?post=10733"},{"taxonomy":"product_cat","embeddable":true,"href":"https:\/\/www.parlor.ro\/ro\/wp-json\/wp\/v2\/product_cat?post=10733"},{"taxonomy":"product_tag","embeddable":true,"href":"https:\/\/www.parlor.ro\/ro\/wp-json\/wp\/v2\/product_tag?post=10733"}],"curies":[{"name":"wp","href":"https:\/\/api.w.org\/{rel}","templated":true}]}}