{"id":11405,"date":"2021-09-22T13:21:48","date_gmt":"2021-09-22T10:21:48","guid":{"rendered":"https:\/\/www.parlor.ro\/?post_type=product&#038;p=11405"},"modified":"2025-07-31T04:55:20","modified_gmt":"2025-07-31T01:55:20","slug":"jacheta-carmen-miranda","status":"publish","type":"product","link":"https:\/\/www.parlor.ro\/ro\/product\/carmen-miranda-jacket\/","title":{"rendered":"JACHETA CARMEN MIRANDA"},"content":{"rendered":"<p>JACHETA CARMEN MIRANDA<\/p>\n<p>100% poliester<\/p>\n<p><strong>Sp\u0103lare delicat\u0103 la ma\u0219in\u0103<\/strong><\/p>\n<p>Acest produs este realizat din \u021bes\u0103turi furnizate de produc\u0103tori certifica\u021bi conform standardelor europene.<\/p>\n<p>Imprimeurile sunt realizate cu vopsea ecologic\u0103 OEKO-TEX\u00ae.<\/p>\n<p>Acest produs este testat \u00een atelierul nostru \u0219i nu prezint\u0103 riscuri pentru s\u0103n\u0103tate si siguran\u021ba consumatorului.<\/p>\n<hr style=\"color:#404040; height: 1px;\" \/>\n<p><b style=\"text-align: left; font-size:1.8em;\" title=\"JACHETA CARMEN MIRANDA - Jachet\u0103 Parlor pentru femei\" name=\"CARMEN MIRANDA JACKET - Parlor Women's Jacket\"><b style=\"font-weight: normal;\">JACHETA CARMEN MIRANDA \u2013 Jachet\u0103 de dam\u0103 Parlor<\/b><\/b><br \/>\n<b style=\"font-weight: normal !important;\">JACHETA CARMEN MIRANDA<\/b> &#8211; <strong style=\"font-weight: normal !important;\">Jachet\u0103 Parlor pentru femei<\/strong>\u00ce\u021bi dore\u0219ti vreodat\u0103 o zi ploioas\u0103? Ne-am \u00eent\u00e2lnit? Sunt creat s\u0103 fiu \u00een centrul aten\u021biei. I Love Parlor | \u00cembr\u0103c\u0103minte \u0219i mod\u0103 pentru femei. <a style=\"font-weight: normal !important;\" title=\"Crea\u021biile Parlor\" href=\"https:\/\/www.parlor.ro\/ro\/\">Parlor<\/a> Design de <i style=\"font-style: normal !important;\">Veronica Zaharia<\/i>.#ConsciousDesign este nucleul brandului nostru. El se traduce prin reinterpretarea celor mai bine v\u00e2ndute modele ale noastre, evit\u00e2nd astfel producerea de\u0219eurilor in exces. Cum arat\u0103 rochia ta de vis? R\u0103sfoi\u021bi rochiile noastre pentru femei <a style=\"font-weight: normal !important;\" title=\"Jachet\u0103 de dam\u0103 pentru magazin\" href=\"https:\/\/www.parlor.ro\/ro\/magazin\/\">aici<\/a> (pantaloni scur\u021bi, rochii, <a style=\"font-weight: normal !important;\" title=\"jachete\" href=\"https:\/\/www.parlor.ro\/ro\/categorie-produs\/i-%e2%99%a5-salon\/jachete\/\">jachete<\/a>, per total, topuri) \u0219i g\u0103se\u0219te-\u021bi rochia ACUM! Sau viziteaz\u0103 showroom-ul nostru pentru a g\u0103si rochia perfect\u0103 \/ sun\u0103 pentru o programare la 0747501974! Recomand\u0103ri de cump\u0103r\u0103turi pentru tine: <a style=\"font-weight: normal !important;\" title=\"JACHETA SMILE\" href=\"https:\/\/www.parlor.ro\/ro\/produs\/jacheta-alexa\/\">JACHETA SMILE<\/a>, <a style=\"font-weight: normal !important;\" title=\"Jacheta Alexa Galben\" href=\"https:\/\/www.parlor.ro\/ro\/produs\/jacheta-alexa-galbena\/\">Jacheta Alexa Galben<\/a>. Pret uimitor! P\u00c2N\u0102 LA 50% REDUCERE Azi! <\/p>","protected":false},"excerpt":{"rendered":"<p>Jacheta neagra cu detalii roz, din tesatura impermeabila, maneci si tiv ample, inchidere cu capse in fata.<\/p>\n<p>#MadeinRomania<\/p>\n<p>#FabricatinRomania<\/p>\n<p>Suntem incantati sa v\u0103 dezv\u0103luim modelele noastre si \u00een showroom: suna\u021bi pentru programare 0747501974.<\/p>\n<p>&nbsp;<\/p>","protected":false},"featured_media":11573,"template":"","meta":[],"product_brand":[],"product_cat":[97,98,141],"product_tag":[],"class_list":{"0":"post-11405","1":"product","2":"type-product","3":"status-publish","4":"has-post-thumbnail","6":"product_cat-i--parlor","7":"product_cat-jackets","8":"product_cat-new","9":"pa_size-one-size","10":"pif-has-gallery","12":"first","13":"outofstock","14":"shipping-taxable","15":"purchasable","16":"product-type-variable"},"post_mailing_queue_ids":[],"_links":{"self":[{"href":"https:\/\/www.parlor.ro\/ro\/wp-json\/wp\/v2\/product\/11405","targetHints":{"allow":["GET"]}}],"collection":[{"href":"https:\/\/www.parlor.ro\/ro\/wp-json\/wp\/v2\/product"}],"about":[{"href":"https:\/\/www.parlor.ro\/ro\/wp-json\/wp\/v2\/types\/product"}],"wp:featuredmedia":[{"embeddable":true,"href":"https:\/\/www.parlor.ro\/ro\/wp-json\/wp\/v2\/media\/11573"}],"wp:attachment":[{"href":"https:\/\/www.parlor.ro\/ro\/wp-json\/wp\/v2\/media?parent=11405"}],"wp:term":[{"taxonomy":"product_brand","embeddable":true,"href":"https:\/\/www.parlor.ro\/ro\/wp-json\/wp\/v2\/product_brand?post=11405"},{"taxonomy":"product_cat","embeddable":true,"href":"https:\/\/www.parlor.ro\/ro\/wp-json\/wp\/v2\/product_cat?post=11405"},{"taxonomy":"product_tag","embeddable":true,"href":"https:\/\/www.parlor.ro\/ro\/wp-json\/wp\/v2\/product_tag?post=11405"}],"curies":[{"name":"wp","href":"https:\/\/api.w.org\/{rel}","templated":true}]}}