{"id":11533,"date":"2022-10-01T11:59:39","date_gmt":"2022-10-01T08:59:39","guid":{"rendered":"https:\/\/www.parlor.ro\/?post_type=product&#038;p=11533"},"modified":"2025-07-18T12:03:37","modified_gmt":"2025-07-18T09:03:37","slug":"rochie-de-copil-salbatic","status":"publish","type":"product","link":"https:\/\/www.parlor.ro\/ro\/product\/wild-child-dress\/","title":{"rendered":"ROCHIE WILD CHILD"},"content":{"rendered":"<p>ROCHIE WILD CHILD<\/p>\n<p>100% crep de poliester<\/p>\n<p><strong>Sp\u0103lare delicat\u0103 la ma\u0219in\u0103<\/strong><\/p>\n<p>Acest produs este realizat din \u021bes\u0103turi furnizate de produc\u0103tori certifica\u021bi conform standardelor europene.<\/p>\n<p>Imprimeurile sunt realizate cu vopsea ecologic\u0103 OEKO-TEX\u00ae.<\/p>\n<p>Acest produs este testat \u00een atelierul nostru \u0219i nu prezint\u0103 riscuri pentru s\u0103n\u0103tate si siguran\u021ba consumatorului.<\/p>\n<hr style=\"color:#404040; height: 1px;\" \/>\n<p><b style=\"text-align: left; font-size:1.8em;\" title=\"ROCHIE WILD CHILD - Rochie la mod\u0103 pentru femei\" name=\"WILD CHILD DRESS - Trendy Women's Dress\"><b style=\"font-weight: normal;\">ROCHIE WILD CHILD \u2013 Rochie de dam\u0103 la mod\u0103<\/b><\/b><br \/>\n<b style=\"font-weight: normal !important;\">ROCHIE WILD CHILD<\/b> &#8211; <strong style=\"font-weight: normal !important;\">Rochie la mod\u0103 pentru femei<\/strong>\u00cenc\u0103 nu am g\u0103sit cuvintele potrivite pentru a descrie aceast\u0103 rochie. La reducere acum. Cump\u0103r\u0103 online sau ridic\u0103 din magazin. <i style=\"font-style: normal !important;\">I \u2665 Parlor<\/i> | \u00cembr\u0103c\u0103minte \u0219i mod\u0103 pentru femei. Salon <a style=\"font-weight: normal !important;\" title=\"Crea\u021biile Parlor\" href=\"https:\/\/www.parlor.ro\/ro\/\">Design<\/a> de Veronica Zaharia. #ConsciousDesign este nucleul brandului nostru. El se traduce prin reinterpretarea celor mai bine v\u00e2ndute modele ale noastre, evit\u00e2nd astfel producerea de\u0219eurilor in exces. Rochiile noastre sunt atemporale, usor de purtat, potrivite at\u00e2t ziua c\u00e2t si seara. Cum arat\u0103 rochia ta de vis? R\u0103sfoi\u021bi crea\u021biile noastre pentru femei <a style=\"font-weight: normal !important;\" title=\"magazin de femei\" href=\"https:\/\/www.parlor.ro\/ro\/magazin\/\">Parlor Shop<\/a> (fuste, pantaloni, <a style=\"font-weight: normal !important;\" title=\"rochii de vis\" href=\"https:\/\/www.parlor.ro\/ro\/categorie-produs\/i-%e2%99%a5-salon\/rochii\/\">rochii <\/a>, jachete, salopet\u0103, topuri) \u0219i g\u0103se\u0219te-\u021bi rochia ACUM! Sau vizita\u021bi showroom-ul nostru pentru a v\u0103 g\u0103si rochia perfect\u0103 \/ suna\u021bi pentru programare la 0747501974! Recomand\u0103ri de cump\u0103r\u0103turi pentru tine: <a style=\"font-weight: normal !important;\" title=\"ROCHIE BLOOM\" href=\"https:\/\/www.parlor.ro\/ro\/produs\/rochie-inflorita\/\">ROCHIE BLOOM<\/a>, <a style=\"font-weight: normal !important;\" title=\"ROCHIE BLISS\" href=\"https:\/\/www.parlor.ro\/ro\/produs\/rochie-bliss-2\/\">ROCHIE BLISS<\/a>. P\u00c2N\u0102 LA 50% REDUCERE Azi! <\/p>","protected":false},"excerpt":{"rendered":"<p>Rochie albastru inchis imprimata cu motive astrale, cu volane peste umeri, siret la spate, cupe peste bust si bretele reglabile.<\/p>\n<p>#MadeinRomania<\/p>\n<p>#FabricatinRomania<\/p>\n<p>&nbsp;<\/p>\n<p>Suntem bucuro\u0219i s\u0103 ne dezv\u0103luim modelele \u00een showroom-ul nostru \/ suna\u021bi pentru programare 0747501974.<\/p>","protected":false},"featured_media":12357,"template":"","meta":[],"product_brand":[],"product_cat":[97,99,141],"product_tag":[],"class_list":{"0":"post-11533","1":"product","2":"type-product","3":"status-publish","4":"has-post-thumbnail","6":"product_cat-i--parlor","7":"product_cat-dresses","8":"product_cat-new","9":"pa_size-74","10":"pa_size-75","11":"pif-has-gallery","13":"first","14":"outofstock","15":"shipping-taxable","16":"purchasable","17":"product-type-variable"},"post_mailing_queue_ids":[],"_links":{"self":[{"href":"https:\/\/www.parlor.ro\/ro\/wp-json\/wp\/v2\/product\/11533","targetHints":{"allow":["GET"]}}],"collection":[{"href":"https:\/\/www.parlor.ro\/ro\/wp-json\/wp\/v2\/product"}],"about":[{"href":"https:\/\/www.parlor.ro\/ro\/wp-json\/wp\/v2\/types\/product"}],"wp:featuredmedia":[{"embeddable":true,"href":"https:\/\/www.parlor.ro\/ro\/wp-json\/wp\/v2\/media\/12357"}],"wp:attachment":[{"href":"https:\/\/www.parlor.ro\/ro\/wp-json\/wp\/v2\/media?parent=11533"}],"wp:term":[{"taxonomy":"product_brand","embeddable":true,"href":"https:\/\/www.parlor.ro\/ro\/wp-json\/wp\/v2\/product_brand?post=11533"},{"taxonomy":"product_cat","embeddable":true,"href":"https:\/\/www.parlor.ro\/ro\/wp-json\/wp\/v2\/product_cat?post=11533"},{"taxonomy":"product_tag","embeddable":true,"href":"https:\/\/www.parlor.ro\/ro\/wp-json\/wp\/v2\/product_tag?post=11533"}],"curies":[{"name":"wp","href":"https:\/\/api.w.org\/{rel}","templated":true}]}}