{"id":11539,"date":"2022-10-01T10:55:18","date_gmt":"2022-10-01T07:55:18","guid":{"rendered":"https:\/\/www.parlor.ro\/?post_type=product&#038;p=11539"},"modified":"2025-07-18T12:08:00","modified_gmt":"2025-07-18T09:08:00","slug":"rochie-inflorita","status":"publish","type":"product","link":"https:\/\/www.parlor.ro\/ro\/product\/bloom-dress\/","title":{"rendered":"ROCHIE BLOOM"},"content":{"rendered":"<p>ROCHIE BLOOM<\/p>\n<p>100% vascoza<\/p>\n<p><strong>Sp\u0103lare delicat\u0103 la ma\u0219in\u0103<\/strong><\/p>\n<p>Acest produs este realizat din \u021bes\u0103turi furnizate de produc\u0103tori certifica\u021bi conform standardelor europene.<\/p>\n<p>Imprimeurile sunt realizate cu vopsea ecologic\u0103 OEKO-TEX\u00ae.<\/p>\n<p>Acest produs este testat \u00een atelierul nostru \u0219i nu prezint\u0103 riscuri pentru s\u0103n\u0103tate si siguran\u021ba consumatorului.<\/p>\n<hr style=\"color:#404040; height: 1px;\" \/>\n<p><b style=\"text-align: left; font-size:1.8em;\" title=\"ROCHIE BLOOM - Rochie fermec\u0103toare pentru femei\" name=\"BLOOM DRESS - Charming Women's Dress\"><b style=\"font-weight: normal;\">ROCHIE BLOOM \u2013 Rochie fermec\u0103toare pentru femei<\/b><\/b><br \/>\n<b style=\"font-weight: normal !important;\">ROCHIE BLOOM<\/b> &#8211; <strong style=\"font-weight: normal !important;\">Rochie fermec\u0103toare pentru femei<\/strong>Prea fermec\u0103toare ca s\u0103 i se reziste, cochet\u0103 \u0219i distractiv\u0103, cu imprimeul floral \u0219i detaliile \u00een form\u0103 de inim\u0103 din jurul bustului. I Love Parlor | \u00cembr\u0103c\u0103minte \u0219i mod\u0103 pentru femei. <i style=\"font-style: normal !important;\">Crea\u021biile Parlor<\/i> de <a style=\"font-weight: normal !important;\" title=\"Veronica Zaharia\" href=\"https:\/\/www.parlor.ro\/ro\/\">Veronica Zaharia<\/a>.#ConsciousDesign este nucleul brandului nostru. El se traduce prin reinterpretarea celor mai bine v\u00e2ndute modele ale noastre, evit\u00e2nd astfel producerea de\u0219eurilor in exces. Cum arat\u0103 rochia ta de vis? R\u0103sfoi\u021bi rochiile noastre pentru femei <a style=\"font-weight: normal !important;\" title=\"magazin de haine\" href=\"https:\/\/www.parlor.ro\/ro\/magazin\/\">Parlor Shop<\/a> (fuste, pantaloni, <a style=\"font-weight: normal !important;\" title=\"rochii fermec\u0103toare\" href=\"https:\/\/www.parlor.ro\/ro\/categorie-produs\/i-%e2%99%a5-salon\/rochii\/\">rochii<\/a>, jachete, salopet\u0103, topuri) \u0219i g\u0103se\u0219te-\u021bi rochia ACUM! Sau vizita\u021bi showroom-ul nostru pentru a v\u0103 g\u0103si rochia perfect\u0103 \/ suna\u021bi pentru programare la 0747501974! Recomand\u0103ri de cump\u0103r\u0103turi pentru tine: <a style=\"font-weight: normal !important;\" title=\"ROCHIE BLISS\" href=\"https:\/\/www.parlor.ro\/ro\/produs\/rochie-bliss-2\/\">ROCHIE BLISS<\/a>, <a style=\"font-weight: normal !important;\" title=\"ROCHIE SASSY\" href=\"https:\/\/www.parlor.ro\/ro\/produs\/rochie-sassy\/\">ROCHIE SASSY<\/a>. P\u00c2N\u0102 LA 50% REDUCERE Azi! <\/p>","protected":false},"excerpt":{"rendered":"<p>Rochie neagra cu motive florale, bretele reglabile, tiv asimetric, funde in talie si inchidere cu feromoar pe spate.<\/p>\n<p>#MadeinRomania<\/p>\n<p>#FabricatinRomania<\/p>\n<p>Suntem bucuro\u0219i s\u0103 ne dezv\u0103luim modelele \u00een showroom-ul nostru \/ suna\u021bi pentru programare 0747501974.<\/p>","protected":false},"featured_media":12350,"template":"","meta":[],"product_brand":[],"product_cat":[97,99,141],"product_tag":[],"class_list":{"0":"post-11539","1":"product","2":"type-product","3":"status-publish","4":"has-post-thumbnail","6":"product_cat-i--parlor","7":"product_cat-dresses","8":"product_cat-new","9":"pa_size-74","10":"pa_size-75","11":"pif-has-gallery","13":"first","14":"outofstock","15":"shipping-taxable","16":"purchasable","17":"product-type-variable"},"post_mailing_queue_ids":[],"_links":{"self":[{"href":"https:\/\/www.parlor.ro\/ro\/wp-json\/wp\/v2\/product\/11539","targetHints":{"allow":["GET"]}}],"collection":[{"href":"https:\/\/www.parlor.ro\/ro\/wp-json\/wp\/v2\/product"}],"about":[{"href":"https:\/\/www.parlor.ro\/ro\/wp-json\/wp\/v2\/types\/product"}],"wp:featuredmedia":[{"embeddable":true,"href":"https:\/\/www.parlor.ro\/ro\/wp-json\/wp\/v2\/media\/12350"}],"wp:attachment":[{"href":"https:\/\/www.parlor.ro\/ro\/wp-json\/wp\/v2\/media?parent=11539"}],"wp:term":[{"taxonomy":"product_brand","embeddable":true,"href":"https:\/\/www.parlor.ro\/ro\/wp-json\/wp\/v2\/product_brand?post=11539"},{"taxonomy":"product_cat","embeddable":true,"href":"https:\/\/www.parlor.ro\/ro\/wp-json\/wp\/v2\/product_cat?post=11539"},{"taxonomy":"product_tag","embeddable":true,"href":"https:\/\/www.parlor.ro\/ro\/wp-json\/wp\/v2\/product_tag?post=11539"}],"curies":[{"name":"wp","href":"https:\/\/api.w.org\/{rel}","templated":true}]}}