{"id":11600,"date":"2021-04-07T11:07:39","date_gmt":"2021-04-07T08:07:39","guid":{"rendered":"https:\/\/www.parlor.ro\/?post_type=product&#038;p=11600"},"modified":"2025-09-13T22:47:36","modified_gmt":"2025-09-13T19:47:36","slug":"rochie-salbatica","status":"publish","type":"product","link":"https:\/\/www.parlor.ro\/ro\/product\/wild-dress\/","title":{"rendered":"ROCHIE WILD"},"content":{"rendered":"<p>100% poliester<\/p>\n<p><strong>Sp\u0103lare delicat\u0103 la ma\u0219in\u0103<\/strong><\/p>\n<p>Acest produs este realizat din \u021bes\u0103turi furnizate de produc\u0103tori certifica\u021bi conform standardelor europene.<\/p>\n<p>Imprimeurile sunt realizate cu vopsea ecologic\u0103 OEKO-TEX\u00ae.<\/p>\n<p>Acest produs este testat \u00een atelierul nostru \u0219i nu prezint\u0103 riscuri pentru s\u0103n\u0103tate si siguran\u021ba consumatorului.<\/p>\n<hr style=\"color:#404040; height: 1px;\" \/>\n<p><b style=\"text-align: left; font-size:1.8em;\" title=\"WILD DRESS - Unique Women's Dress\" name=\"WILD DRESS - Unique Women's Dress\"><b style=\"font-weight: normal;\">WILD DRESS &#8211; Unique Women&#8217;s Dress<\/b><\/b><br \/>\n<b style=\"font-weight: normal !important;\">ROCHIE WILD<\/b> &#8211; <strong style=\"font-weight: normal !important;\">Rochie unic\u0103 pentru femei<\/strong>. She has a single sleeve to balance the silhouette and the constrasting white detail along the neck line. I Love <a style=\"font-weight: normal !important;\" title=\"I \u2665 Parlor\" href=\"https:\/\/www.parlor.ro\/ro\/\">Parlor<\/a> | \u00cembr\u0103c\u0103minte pentru femei \u0219i mod\u0103 pentru femei. Design Parlor de <i style=\"font-style: normal !important;\">Veronica Zaharia<\/i>. #ConsciousDesign este nucleul brandului nostru. El se traduce prin reinterpretarea celor mai bine v\u00e2ndute modele ale noastre, evit\u00e2nd astfel producerea de\u0219eurilor in exces. Rochiile noastre sunt atemporale, usor de purtat, potrivite at\u00e2t ziua c\u00e2t si seara. Cum arat\u0103 rochia ta de vis? R\u0103sfoi\u021bi <a style=\"font-weight: normal !important;\" title=\"Rochii de dama\" href=\"https:\/\/www.parlor.ro\/ro\/categorie-produs\/i-%e2%99%a5-salon\/rochii\/\">Parlor<\/a> Rochiile <a style=\"font-weight: normal !important;\" title=\"Magazin de rochii de dama\" href=\"https:\/\/www.parlor.ro\/ro\/magazin\/\">Parlor Shop<\/a> (pantaloni, fuste, rochii, jachete, salopete, topuri) \u0219i g\u0103se\u0219te-\u021bi rochia ACUM! Sau vizita\u021bi showroom-ul nostru pentru a v\u0103 g\u0103si rochia perfect\u0103 \/ suna\u021bi pentru programare la 0747501974! Recomand\u0103ri de cump\u0103r\u0103turi pentru tine: <a style=\"font-weight: normal !important;\" title=\"Rochie Elena\" href=\"https:\/\/www.parlor.ro\/ro\/produs\/rochie-elena\/\">Rochie Elena<\/a>, <a style=\"font-weight: normal !important;\" title=\"ROCHIE HARLEQUEEN\" href=\"https:\/\/www.parlor.ro\/ro\/produs\/rochie-harlequeen\/\">ROCHIE HARLEQUEEN<\/a>. P\u00c2N\u0102 LA 50% REDUCERE Azi! <\/p>","protected":false},"excerpt":{"rendered":"<p>Rochie midi neagra cu imprimeu cu tigri, are cu umar gol, maneca ampla, funda peste brat, crapatura pe piciorul stang, detalii albe la cusaturi.<\/p>\n<p>#MadeinRomania<\/p>\n<p>#FabricatinRomania<\/p>\n<p>Suntem incantati sa v\u0103 dezv\u0103luim modelele noastre si \u00een showroom: suna\u021bi pentru programare 0747501974.<\/p>","protected":false},"featured_media":11561,"template":"","meta":[],"product_brand":[],"product_cat":[97,99,141],"product_tag":[],"class_list":{"0":"post-11600","1":"product","2":"type-product","3":"status-publish","4":"has-post-thumbnail","6":"product_cat-i--parlor","7":"product_cat-dresses","8":"product_cat-new","9":"pa_size-74","10":"pa_size-75","11":"pa_size-76","12":"pif-has-gallery","14":"first","15":"outofstock","16":"shipping-taxable","17":"purchasable","18":"product-type-variable"},"post_mailing_queue_ids":[],"_links":{"self":[{"href":"https:\/\/www.parlor.ro\/ro\/wp-json\/wp\/v2\/product\/11600","targetHints":{"allow":["GET"]}}],"collection":[{"href":"https:\/\/www.parlor.ro\/ro\/wp-json\/wp\/v2\/product"}],"about":[{"href":"https:\/\/www.parlor.ro\/ro\/wp-json\/wp\/v2\/types\/product"}],"wp:featuredmedia":[{"embeddable":true,"href":"https:\/\/www.parlor.ro\/ro\/wp-json\/wp\/v2\/media\/11561"}],"wp:attachment":[{"href":"https:\/\/www.parlor.ro\/ro\/wp-json\/wp\/v2\/media?parent=11600"}],"wp:term":[{"taxonomy":"product_brand","embeddable":true,"href":"https:\/\/www.parlor.ro\/ro\/wp-json\/wp\/v2\/product_brand?post=11600"},{"taxonomy":"product_cat","embeddable":true,"href":"https:\/\/www.parlor.ro\/ro\/wp-json\/wp\/v2\/product_cat?post=11600"},{"taxonomy":"product_tag","embeddable":true,"href":"https:\/\/www.parlor.ro\/ro\/wp-json\/wp\/v2\/product_tag?post=11600"}],"curies":[{"name":"wp","href":"https:\/\/api.w.org\/{rel}","templated":true}]}}