{"id":11626,"date":"2020-11-08T11:57:43","date_gmt":"2020-11-08T08:57:43","guid":{"rendered":"https:\/\/www.parlor.ro\/?post_type=product&#038;p=11626"},"modified":"2025-09-19T04:13:20","modified_gmt":"2025-09-19T01:13:20","slug":"jacheta-alexa-galbena","status":"publish","type":"product","link":"https:\/\/www.parlor.ro\/ro\/product\/alexa-jacket-yellow\/","title":{"rendered":"Jacheta Alexa Galben"},"content":{"rendered":"<p>Jacheta Alexa Galben<\/p>\n<p>100% lana<\/p>\n<p><strong>Cur\u0103\u021bare uscat\u0103<\/strong><\/p>\n<p>Acest produs este realizat din \u021bes\u0103turi furnizate de produc\u0103tori certifica\u021bi conform standardelor europene.<\/p>\n<p>Imprimeurile sunt realizate cu vopsea ecologic\u0103 OEKO-TEX\u00ae.<\/p>\n<p>Acest produs este testat \u00een atelierul nostru \u0219i nu prezint\u0103 riscuri pentru s\u0103n\u0103tate si siguran\u021ba consumatorului.<\/p>\n<hr style=\"color:#404040; height: 1px;\" \/>\n<p><b style=\"text-align: left; font-size:1.8em;\" title=\"Alexa Jacket Yellow - Handcrafted Women's Jacket\" name=\"Alexa Jacket Yellow - Handcrafted Women's Jacket\"><b style=\"font-weight: normal;\">Alexa Jacket Yellow &#8211; Handcrafted Women&#8217;s Jacket<\/b><\/b><br \/>\n<strong style=\"font-weight: normal !important;\">Jacheta Alexa Galben<\/strong> &#8211; <b style=\"font-weight: normal !important;\">Handcrafted Women&#8217;s Jacket<\/b>. Handcrafted in the softest wool, this beautiful jacket is your perfect pick for a day in the city. I Love <a style=\"font-weight: normal !important;\" title=\"Crea\u021biile Parlor\" href=\"https:\/\/www.parlor.ro\/ro\/\">Parlor<\/a> | Women&#8217;s Clothing &#038; Women&#8217;s Fashion. Parlor Designs by Veronica Zaharia. #ConsciousDesign is the core of our brand. It translates into reinterpreting our best selling items with minimum use of resources. Our dresses are head turning, effortlessly cool and can go from day to evening in an instant. What does <i style=\"font-style: normal !important;\">rochia visurilor tale<\/i> R\u0103sfoi\u021bi <a style=\"font-weight: normal !important;\" title=\"Magazin de rochii dama\" href=\"https:\/\/www.parlor.ro\/ro\/magazin\/\">Magazin de rochii dama<\/a> (pantaloni scur\u021bi, rochii, <a style=\"font-weight: normal !important;\" title=\"Parlor jackets\" href=\"https:\/\/www.parlor.ro\/ro\/categorie-produs\/i-%e2%99%a5-salon\/jachete\/\">jachete<\/a>, per total, topuri) \u0219i g\u0103se\u0219te-\u021bi rochia ACUM! Sau viziteaz\u0103 showroom-ul nostru pentru a g\u0103si rochia perfect\u0103 \/ sun\u0103 pentru o programare la 0747501974! Recomand\u0103ri de cump\u0103r\u0103turi pentru tine: <a style=\"font-weight: normal !important;\" title=\"ROCHIE IRRESISTIBLE\" href=\"https:\/\/www.parlor.ro\/ro\/produs\/rochie-irezistibila\/\">ROCHIE IRRESISTIBLE<\/a>, <a style=\"font-weight: normal !important;\" title=\"ROCHIE BLUSH\" href=\"https:\/\/www.parlor.ro\/ro\/produs\/rochie-fard-de-obraz-3\/\">ROCHIE BLUSH<\/a>. P\u00c2N\u0102 LA 50% REDUCERE Azi! <\/p>","protected":false},"excerpt":{"rendered":"<p>Jacheta din lana galbena, cu buznare si tiv asimetric, detalii in contrast cusute pe interior, inchidere cu capse.<\/p>\n<p>#MadeinRomania<\/p>\n<p>#FabricatinRomania<\/p>\n<p><a href=\"https:\/\/www.parlor.ro\/wp-content\/uploads\/2021\/04\/size-_chart-_Parlor.jpg\">VEZI TABELUL M\u0102RIMILOR<\/a><\/p>\n<p>Suntem incantati sa v\u0103 dezv\u0103luim modelele noastre si \u00een showroom: suna\u021bi pentru programare 0747501974.<\/p>","protected":false},"featured_media":11630,"template":"","meta":[],"product_brand":[],"product_cat":[97,98],"product_tag":[],"class_list":{"0":"post-11626","1":"product","2":"type-product","3":"status-publish","4":"has-post-thumbnail","6":"product_cat-i--parlor","7":"product_cat-jackets","8":"pa_item-type-jackets","9":"pa_size-74","10":"pa_size-75","11":"pa_size-76","12":"pif-has-gallery","14":"first","15":"outofstock","16":"shipping-taxable","17":"purchasable","18":"product-type-variable"},"post_mailing_queue_ids":[],"_links":{"self":[{"href":"https:\/\/www.parlor.ro\/ro\/wp-json\/wp\/v2\/product\/11626","targetHints":{"allow":["GET"]}}],"collection":[{"href":"https:\/\/www.parlor.ro\/ro\/wp-json\/wp\/v2\/product"}],"about":[{"href":"https:\/\/www.parlor.ro\/ro\/wp-json\/wp\/v2\/types\/product"}],"wp:featuredmedia":[{"embeddable":true,"href":"https:\/\/www.parlor.ro\/ro\/wp-json\/wp\/v2\/media\/11630"}],"wp:attachment":[{"href":"https:\/\/www.parlor.ro\/ro\/wp-json\/wp\/v2\/media?parent=11626"}],"wp:term":[{"taxonomy":"product_brand","embeddable":true,"href":"https:\/\/www.parlor.ro\/ro\/wp-json\/wp\/v2\/product_brand?post=11626"},{"taxonomy":"product_cat","embeddable":true,"href":"https:\/\/www.parlor.ro\/ro\/wp-json\/wp\/v2\/product_cat?post=11626"},{"taxonomy":"product_tag","embeddable":true,"href":"https:\/\/www.parlor.ro\/ro\/wp-json\/wp\/v2\/product_tag?post=11626"}],"curies":[{"name":"wp","href":"https:\/\/api.w.org\/{rel}","templated":true}]}}