{"id":11675,"date":"2020-09-10T14:12:52","date_gmt":"2020-09-10T11:12:52","guid":{"rendered":"https:\/\/www.parlor.ro\/?post_type=product&#038;p=11675"},"modified":"2025-09-23T05:01:21","modified_gmt":"2025-09-23T02:01:21","slug":"salopeta-catwoman","status":"publish","type":"product","link":"https:\/\/www.parlor.ro\/ro\/product\/catwoman-jumpsuit\/","title":{"rendered":"SALOPETA CATWOMAN"},"content":{"rendered":"<p>SALOPETA CATWOMAN<\/p>\n<p>96% viscoza, 4% elastan<\/p>\n<p><strong>Sp\u0103larea manual\u0103<\/strong><\/p>\n<p>Acest produs este realizat din \u021bes\u0103turi furnizate de produc\u0103tori certifica\u021bi conform standardelor europene.<\/p>\n<p>Imprimeurile sunt realizate cu vopsea ecologic\u0103 OEKO-TEX\u00ae.<\/p>\n<p>Acest produs este testat \u00een atelierul nostru \u0219i nu prezint\u0103 riscuri pentru s\u0103n\u0103tate si siguran\u021ba consumatorului.<\/p>\n<hr style=\"color:#404040; height: 1px;\" \/>\n<p><b style=\"text-align: left; font-size:1.8em;\" title=\"CATWOMAN JUMPSUIT - Parlor Women's JUMPSUITS\" name=\"CATWOMAN JUMPSUIT - Parlor Women's JUMPSUITS\"><b style=\"font-weight: normal;\">CATWOMAN JUMPSUIT &#8211; Parlor Women&#8217;s JUMPSUITS<\/b><\/b><br \/>\n<strong style=\"font-weight: normal !important;\">SALOPETA CATWOMAN<\/strong> &#8211; <b style=\"font-weight: normal !important;\">Salopete de dam\u0103 de salon<\/b>. Catwoman jumpsuit is made from stretch-viscose that skims your figure before falling into wide legs. <i style=\"font-style: normal !important;\">I \u2665 Parlor<\/i> | \u00cembr\u0103c\u0103minte \u0219i mod\u0103 pentru femei. Salon <a style=\"font-weight: normal !important;\" title=\"Crea\u021biile Parlor\" href=\"https:\/\/www.parlor.ro\/ro\/\">Design<\/a> de Veronica Zaharia. #ConsciousDesign este nucleul brandului nostru. El se traduce prin reinterpretarea celor mai bine v\u00e2ndute modele ale noastre, evit\u00e2nd astfel producerea de\u0219eurilor in exces. Cum arat\u0103 rochia ta de vis? R\u0103sfoie\u0219te <a style=\"font-weight: normal !important;\" title=\"Magazin de rochii dama\" href=\"https:\/\/www.parlor.ro\/ro\/magazin\/\">Magazin de rochii dama<\/a> (pantaloni, rochii, jachete, <a style=\"font-weight: normal !important;\" title=\"per total\" href=\"https:\/\/www.parlor.ro\/ro\/categorie-produs\/i-%e2%99%a5-salon\/per-total\/\">per total<\/a>, topuri) \u0219i g\u0103se\u0219te-\u021bi rochia ACUM! Sau vizita\u021bi showroom-ul nostru pentru a v\u0103 g\u0103si rochia perfect\u0103 \/ suna\u021bi pentru programare la 0747501974! Recomand\u0103ri de cump\u0103r\u0103turi pentru tine: <a style=\"font-weight: normal !important;\" title=\"SALOPETA WILD CHILD\" href=\"https:\/\/www.parlor.ro\/ro\/produs\/salopeta-de-copil-salbatic\/\">SALOPETA WILD CHILD<\/a>, <a style=\"font-weight: normal !important;\" title=\"SET KIMONO JUNGLE\" href=\"https:\/\/www.parlor.ro\/ro\/produs\/set-de-kimono-jungle\/\">SET KIMONO JUNGLE<\/a>. P\u00c2N\u0102 LA 50% REDUCERE Azi! <\/p>","protected":false},"excerpt":{"rendered":"<div><span lang=\"EN-US\">Salopeta neagra, cu pantalon evazat, guler inalt si fermoar in fata.<\/span><\/div>\n<div><\/div>\n<div><\/div>\n<div>\n<p>#MadeinRomania<\/p>\n<p>#FabricatinRomania<\/p>\n<p>Suntem incantati sa v\u0103 dezv\u0103luim modelele noastre si \u00een showroom: suna\u021bi pentru programare 0747501974.<\/p>\n<\/div>","protected":false},"featured_media":11677,"template":"","meta":[],"product_brand":[],"product_cat":[97,141,109],"product_tag":[],"class_list":{"0":"post-11675","1":"product","2":"type-product","3":"status-publish","4":"has-post-thumbnail","6":"product_cat-i--parlor","7":"product_cat-new","8":"product_cat-overall","9":"pa_size-74","10":"pa_size-75","11":"pa_size-76","12":"pif-has-gallery","14":"first","15":"outofstock","16":"shipping-taxable","17":"purchasable","18":"product-type-variable"},"post_mailing_queue_ids":[],"_links":{"self":[{"href":"https:\/\/www.parlor.ro\/ro\/wp-json\/wp\/v2\/product\/11675","targetHints":{"allow":["GET"]}}],"collection":[{"href":"https:\/\/www.parlor.ro\/ro\/wp-json\/wp\/v2\/product"}],"about":[{"href":"https:\/\/www.parlor.ro\/ro\/wp-json\/wp\/v2\/types\/product"}],"wp:featuredmedia":[{"embeddable":true,"href":"https:\/\/www.parlor.ro\/ro\/wp-json\/wp\/v2\/media\/11677"}],"wp:attachment":[{"href":"https:\/\/www.parlor.ro\/ro\/wp-json\/wp\/v2\/media?parent=11675"}],"wp:term":[{"taxonomy":"product_brand","embeddable":true,"href":"https:\/\/www.parlor.ro\/ro\/wp-json\/wp\/v2\/product_brand?post=11675"},{"taxonomy":"product_cat","embeddable":true,"href":"https:\/\/www.parlor.ro\/ro\/wp-json\/wp\/v2\/product_cat?post=11675"},{"taxonomy":"product_tag","embeddable":true,"href":"https:\/\/www.parlor.ro\/ro\/wp-json\/wp\/v2\/product_tag?post=11675"}],"curies":[{"name":"wp","href":"https:\/\/api.w.org\/{rel}","templated":true}]}}