{"id":11682,"date":"2021-05-14T13:15:05","date_gmt":"2021-05-14T10:15:05","guid":{"rendered":"https:\/\/www.parlor.ro\/?post_type=product&#038;p=11682"},"modified":"2025-08-05T07:51:55","modified_gmt":"2025-08-05T04:51:55","slug":"rochie-de-lolita","status":"publish","type":"product","link":"https:\/\/www.parlor.ro\/ro\/product\/lolita-dress\/","title":{"rendered":"ROCHIE LOLITA"},"content":{"rendered":"<p>ROCHIE LOLITA<\/p>\n<p>100% vascoza<\/p>\n<p>100% poliester<\/p>\n<p><strong>Sp\u0103lare delicat\u0103 la ma\u0219in\u0103<\/strong><\/p>\n<p>Acest produs este realizat din \u021bes\u0103turi furnizate de produc\u0103tori certifica\u021bi conform standardelor europene.<\/p>\n<p>Imprimeurile sunt realizate cu vopsea ecologic\u0103 OEKO-TEX\u00ae.<\/p>\n<p>Acest produs este testat \u00een atelierul nostru \u0219i nu prezint\u0103 riscuri pentru s\u0103n\u0103tate si siguran\u021ba consumatorului.<\/p>\n<hr style=\"color:#404040; height: 1px;\" \/>\n<p><b style=\"text-align: left; font-size:1.8em;\" title=\" ROCHIE LOLITA - Rochie de dam\u0103 Parlor\" name=\"LOLITA DRESS - Parlor Women's Dress\"><b style=\"font-weight: normal;\">ROCHIE LOLITA \u2013 Rochie de dam\u0103 Parlor<\/b><\/b><br \/>\n<b style=\"font-weight: normal !important;\">ROCHIE LOLITA<\/b> &#8211; <strong style=\"font-weight: normal !important;\">Rochie Parlor<\/strong>Lolita a fost designul nostru emblematic \u00een ultimii 10 ani. I Love Parlor | <a style=\"font-weight: normal !important;\" title=\"\u00cembr\u0103c\u0103minte pentru femei\" href=\"https:\/\/www.parlor.ro\/ro\/\">Parlor<\/a> \u00cembr\u0103c\u0103minte \u0219i mod\u0103 pentru femei. <i style=\"font-style: normal !important;\">Crea\u021biile Parlor<\/i> de Veronica Zaharia. #ConsciousDesign este nucleul brandului nostru. Se traduce prin reinterpretarea articolelor noastre cele mai bine v\u00e2ndute cu un consum minim de resurse. Rochiile noastre atrage toate privirile, sunt cool \u0219i pot fi purtate instantaneu de la o zi la alta. Vrei s\u0103 afli mai multe? Cum arat\u0103 rochia visurilor tale? R\u0103sfoie\u0219te sec\u021biunea noastr\u0103 pentru femei. <a style=\"font-weight: normal !important;\" title=\" Magazin de rochii\" href=\"https:\/\/www.parlor.ro\/ro\/magazin\/\">Magazin de rochii<\/a> (fuste, pantaloni, <a style=\"font-weight: normal !important;\" title=\"rochii\" href=\"https:\/\/www.parlor.ro\/ro\/categorie-produs\/i-%e2%99%a5-salon\/rochii\/\">rochii<\/a>, jachete, salopet\u0103, topuri) \u0219i g\u0103se\u0219te-\u021bi rochia ACUM! Sau vizita\u021bi showroom-ul nostru pentru a v\u0103 g\u0103si rochia perfect\u0103 \/ suna\u021bi pentru programare la 0747501974! Recomand\u0103ri de cump\u0103r\u0103turi pentru tine: <a style=\"font-weight: normal !important;\" title=\"Rochie Irene\" href=\"https:\/\/www.parlor.ro\/ro\/produs\/rochie-irene\/\">Rochie Irene<\/a>, <a style=\"font-weight: normal !important;\" title=\"ROCHIE SHIMMER\" href=\"https:\/\/www.parlor.ro\/ro\/produs\/rochie-stralucitoare\/\">ROCHIE SHIMMER<\/a>. P\u00c2N\u0102 LA 50% REDUCERE Azi! <\/p>","protected":false},"excerpt":{"rendered":"<p>Rochie mini din volane de voal negru cu buline.<\/p>\n<p>Are elastic la bust si dublura.<\/p>\n<p>#MadeinRomania<\/p>\n<p>#FabricatinRomania<\/p>\n<p>Suntem incantati sa v\u0103 dezv\u0103luim modelele noastre si \u00een showroom: suna\u021bi pentru programare 0747501974.<\/p>","protected":false},"featured_media":11685,"template":"","meta":[],"product_brand":[],"product_cat":[97,99,141],"product_tag":[],"class_list":{"0":"post-11682","1":"product","2":"type-product","3":"status-publish","4":"has-post-thumbnail","6":"product_cat-i--parlor","7":"product_cat-dresses","8":"product_cat-new","9":"pa_size-one-size","10":"pif-has-gallery","12":"first","13":"outofstock","14":"shipping-taxable","15":"purchasable","16":"product-type-variable"},"post_mailing_queue_ids":[],"_links":{"self":[{"href":"https:\/\/www.parlor.ro\/ro\/wp-json\/wp\/v2\/product\/11682","targetHints":{"allow":["GET"]}}],"collection":[{"href":"https:\/\/www.parlor.ro\/ro\/wp-json\/wp\/v2\/product"}],"about":[{"href":"https:\/\/www.parlor.ro\/ro\/wp-json\/wp\/v2\/types\/product"}],"wp:featuredmedia":[{"embeddable":true,"href":"https:\/\/www.parlor.ro\/ro\/wp-json\/wp\/v2\/media\/11685"}],"wp:attachment":[{"href":"https:\/\/www.parlor.ro\/ro\/wp-json\/wp\/v2\/media?parent=11682"}],"wp:term":[{"taxonomy":"product_brand","embeddable":true,"href":"https:\/\/www.parlor.ro\/ro\/wp-json\/wp\/v2\/product_brand?post=11682"},{"taxonomy":"product_cat","embeddable":true,"href":"https:\/\/www.parlor.ro\/ro\/wp-json\/wp\/v2\/product_cat?post=11682"},{"taxonomy":"product_tag","embeddable":true,"href":"https:\/\/www.parlor.ro\/ro\/wp-json\/wp\/v2\/product_tag?post=11682"}],"curies":[{"name":"wp","href":"https:\/\/api.w.org\/{rel}","templated":true}]}}