{"id":11705,"date":"2021-09-16T10:22:55","date_gmt":"2021-09-16T07:22:55","guid":{"rendered":"https:\/\/www.parlor.ro\/?post_type=product&#038;p=11705"},"modified":"2025-07-31T05:03:05","modified_gmt":"2025-07-31T02:03:05","slug":"top-fierbinte","status":"publish","type":"product","link":"https:\/\/www.parlor.ro\/ro\/product\/hot-top\/","title":{"rendered":"HOT TOP"},"content":{"rendered":"<p>HOT TOP<\/p>\n<p>96% poliester, 4% elastan<\/p>\n<p><strong>Sp\u0103lare delicat\u0103 la ma\u0219in\u0103<\/strong><\/p>\n<p>Acest produs este realizat din \u021bes\u0103turi furnizate de produc\u0103tori certifica\u021bi conform standardelor europene.<\/p>\n<p>Imprimeurile sunt realizate cu vopsea ecologic\u0103 OEKO-TEX\u00ae.<\/p>\n<p>Acest produs este testat \u00een atelierul nostru \u0219i nu prezint\u0103 riscuri pentru s\u0103n\u0103tate si siguran\u021ba consumatorului.<\/p>\n<hr style=\"color:#404040; height: 1px;\" \/>\n<p><b style=\"text-align: left; font-size:1.8em;\" title=\"HOT TOP - Top elegant pentru femei\" name=\"HOT TOP - Elegant Women's Top\"><b style=\"font-weight: normal;\">HOT TOP \u2013 Top elegant pentru femei<\/b><\/b><br \/>\n<b style=\"font-weight: normal !important;\">HOT TOP<\/b> &#8211; <strong style=\"font-weight: normal !important;\">Top elegant pentru femei<\/strong>Cu to\u021bii iubim un\/o <i style=\"font-style: normal !important;\">top de baz\u0103<\/i> pentru a se asorta cu pantalonii no\u0219tri prefera\u021bi. I Love Parlor | \u00cembr\u0103c\u0103minte \u0219i mod\u0103 pentru femei. Designuri Parlor de <a style=\"font-weight: normal !important;\" title=\"Veronica Zaharia\" href=\"https:\/\/www.parlor.ro\/ro\/\">Veronica Zaharia<\/a>.#ConsciousDesign este nucleul brandului nostru. El se traduce prin reinterpretarea celor mai bine v\u00e2ndute modele ale noastre, evit\u00e2nd astfel producerea de\u0219eurilor in exces. Cum arat\u0103 rochia ta de vis? R\u0103sfoi\u021bi rochiile noastre pentru femei <a style=\"font-weight: normal !important;\" title=\"Magazin de femei\" href=\"https:\/\/www.parlor.ro\/ro\/magazin\/\">aici<\/a> (pantaloni, rochii, jachete, salopete, <a style=\"font-weight: normal !important;\" title=\"Topuri elegante\" href=\"https:\/\/www.parlor.ro\/ro\/categorie-produs\/i-%e2%99%a5-salon\/varfuri\/\">topuri<\/a>) \u0219i g\u0103se\u0219te-\u021bi rochia ACUM! Sau vizita\u021bi showroom-ul nostru pentru a v\u0103 g\u0103si rochia perfect\u0103 \/ suna\u021bi pentru programare la 0747501974! Recomand\u0103ri de cump\u0103r\u0103turi pentru tine: <a style=\"font-weight: normal !important;\" title=\"HANORAC SCORPIO\" href=\"https:\/\/www.parlor.ro\/ro\/produs\/hanorac-scorpion\/\">HANORAC SCORPIO<\/a>, <a style=\"font-weight: normal !important;\" title=\"TRICOU LADY\" href=\"https:\/\/www.parlor.ro\/ro\/produs\/tricou-de-dama\/\">TRICOU LADY<\/a>. Cel mai bun pre\u021b! P\u00c2N\u0102 LA 50% REDUCERE Azi! <\/p>","protected":false},"excerpt":{"rendered":"<p>Top bej deschis, compus din esarfa care se leaga peste bust, in jurul gatului si a taliei, cu funda la spate.<\/p>\n<p>#MadeinRomania<\/p>\n<p>#FabricatinRomania<\/p>\n<p>Suntem incantati sa v\u0103 dezv\u0103luim modelele noastre si \u00een showroom: suna\u021bi pentru programare 0747501974.<\/p>","protected":false},"featured_media":11707,"template":"","meta":[],"product_brand":[],"product_cat":[97,141,102],"product_tag":[],"class_list":{"0":"post-11705","1":"product","2":"type-product","3":"status-publish","4":"has-post-thumbnail","6":"product_cat-i--parlor","7":"product_cat-new","8":"product_cat-tops","9":"pa_size-one-size","10":"pif-has-gallery","12":"first","13":"outofstock","14":"shipping-taxable","15":"purchasable","16":"product-type-variable"},"post_mailing_queue_ids":[],"_links":{"self":[{"href":"https:\/\/www.parlor.ro\/ro\/wp-json\/wp\/v2\/product\/11705","targetHints":{"allow":["GET"]}}],"collection":[{"href":"https:\/\/www.parlor.ro\/ro\/wp-json\/wp\/v2\/product"}],"about":[{"href":"https:\/\/www.parlor.ro\/ro\/wp-json\/wp\/v2\/types\/product"}],"wp:featuredmedia":[{"embeddable":true,"href":"https:\/\/www.parlor.ro\/ro\/wp-json\/wp\/v2\/media\/11707"}],"wp:attachment":[{"href":"https:\/\/www.parlor.ro\/ro\/wp-json\/wp\/v2\/media?parent=11705"}],"wp:term":[{"taxonomy":"product_brand","embeddable":true,"href":"https:\/\/www.parlor.ro\/ro\/wp-json\/wp\/v2\/product_brand?post=11705"},{"taxonomy":"product_cat","embeddable":true,"href":"https:\/\/www.parlor.ro\/ro\/wp-json\/wp\/v2\/product_cat?post=11705"},{"taxonomy":"product_tag","embeddable":true,"href":"https:\/\/www.parlor.ro\/ro\/wp-json\/wp\/v2\/product_tag?post=11705"}],"curies":[{"name":"wp","href":"https:\/\/api.w.org\/{rel}","templated":true}]}}