{"id":11885,"date":"2022-02-22T19:28:59","date_gmt":"2022-02-22T16:28:59","guid":{"rendered":"https:\/\/www.parlor.ro\/?post_type=product&#038;p=11885"},"modified":"2025-08-19T12:43:27","modified_gmt":"2025-08-19T09:43:27","slug":"rochie-de-pace","status":"publish","type":"product","link":"https:\/\/www.parlor.ro\/ro\/product\/peace-dress\/","title":{"rendered":"ROCHIE PEACE"},"content":{"rendered":"<p>ROCHIE PEACE<\/p>\n<p>100% poliester<\/p>\n<p>C\u0103ptu\u0219eal\u0103 din viscoz\u0103 100%<\/p>\n<p><strong>Sp\u0103lare delicat\u0103 la ma\u0219in\u0103<\/strong><\/p>\n<p>Acest produs este realizat din \u021bes\u0103turi furnizate de produc\u0103tori certifica\u021bi conform standardelor europene.<\/p>\n<p>Imprimeurile sunt realizate cu vopsea ecologic\u0103 OEKO-TEX\u00ae.<\/p>\n<p>Acest produs este testat \u00een atelierul nostru \u0219i nu prezint\u0103 riscuri pentru s\u0103n\u0103tate si siguran\u021ba consumatorului.<\/p>\n<hr style=\"color: #404040; height: 1px;\" \/>\n<p><b style=\"text-align: left; font-size: 1.8em;\" title=\"ROCHIE PACE - Rochie romantic\u0103 pentru femei\"><b style=\"font-weight: normal;\">ROCHIE PACE \u2013 Rochie romantic\u0103 pentru femei<\/b><\/b><br \/>\n<b style=\"font-weight: normal !important;\">ROCHIE PEACE<\/b> &#8211; <strong style=\"font-weight: normal !important;\">Rochie romantic\u0103 pentru femei<\/strong>V\u0103 prezent\u0103m rochia \u201ePEACE\u201d, un produs obligatoriu pentru toate fetele romantice. I Love Parlor | \u00cembr\u0103c\u0103minte \u0219i mod\u0103 pentru femei. <a style=\"font-weight: normal !important;\" title=\"Crea\u021biile Parlor\" href=\"https:\/\/www.parlor.ro\/ro\/\">Crea\u021biile Parlor<\/a>) de Veronica Zaharia. #ConsciousDesign este nucleul brandului nostru. Se traduce prin reinterpretarea articolelor noastre cele mai bine v\u00e2ndute cu un consum minim de resurse. Rochiile noastre atrage toate privirile, sunt cool \u0219i pot fi purtate instantaneu de la o zi la alta. Cum arat\u0103 rochia visurilor tale? R\u0103sfoie\u0219te-ne <a style=\"font-weight: normal !important;\" title=\"Magazin Parlor\" href=\"https:\/\/www.parlor.ro\/ro\/magazin\/\">Magazin pentru femei<\/a> (fuste, pantaloni, <a style=\"font-weight: normal !important;\" title=\"rochii romantice\" href=\"https:\/\/www.parlor.ro\/ro\/categorie-produs\/i-%e2%99%a5-salon\/rochii\/\">rochii<\/a>, jachete, salopete, topuri) \u0219i g\u0103se\u0219te-\u021bi rochia ACUM! Sau viziteaz\u0103 showroom-ul nostru pentru a g\u0103si rochia perfect\u0103 <i style=\"font-style: normal !important;\">.<\/i> \/ suna pentru programare 0747501974! Recomand\u0103ri de cump\u0103r\u0103turi pentru tine: <a style=\"font-weight: normal !important;\" title=\"ROCHIE LOLITA\" href=\"https:\/\/www.parlor.ro\/ro\/produs\/rochie-de-lolita\/\">ROCHIE LOLITA<\/a>, <a style=\"font-weight: normal !important;\" title=\"Rochie Irene\" href=\"https:\/\/www.parlor.ro\/ro\/produs\/rochie-irene\/\">Rochie Irene<\/a>Reduceri mari ast\u0103zi! Reduceri de p\u00e2n\u0103 la 50%!<\/p>","protected":false},"excerpt":{"rendered":"<div><\/div>\n<div>Rochie mini din organza imprimata cu motive florale,  volan sub bust, detalii de cusaturi negre, maneca scurta si inchidere la spate cu fermoar.<\/div>\n<div><\/div>\n<div>#MadeinRomania<\/div>\n<div>\n<p>#FabricatinRomania<\/p>\n<\/div>\n<p>Suntem incantati sa v\u0103 dezv\u0103luim modelele noastre si \u00een showroom: suna\u021bi pentru programare 0747501974.<\/p>","protected":false},"featured_media":11870,"template":"","meta":[],"product_brand":[],"product_cat":[97,99,141,104],"product_tag":[],"class_list":{"0":"post-11885","1":"product","2":"type-product","3":"status-publish","4":"has-post-thumbnail","6":"product_cat-i--parlor","7":"product_cat-dresses","8":"product_cat-new","9":"product_cat-sale","10":"pa_size-74","11":"pa_size-75","12":"pif-has-gallery","14":"first","15":"outofstock","16":"shipping-taxable","17":"purchasable","18":"product-type-variable"},"post_mailing_queue_ids":[],"_links":{"self":[{"href":"https:\/\/www.parlor.ro\/ro\/wp-json\/wp\/v2\/product\/11885","targetHints":{"allow":["GET"]}}],"collection":[{"href":"https:\/\/www.parlor.ro\/ro\/wp-json\/wp\/v2\/product"}],"about":[{"href":"https:\/\/www.parlor.ro\/ro\/wp-json\/wp\/v2\/types\/product"}],"wp:featuredmedia":[{"embeddable":true,"href":"https:\/\/www.parlor.ro\/ro\/wp-json\/wp\/v2\/media\/11870"}],"wp:attachment":[{"href":"https:\/\/www.parlor.ro\/ro\/wp-json\/wp\/v2\/media?parent=11885"}],"wp:term":[{"taxonomy":"product_brand","embeddable":true,"href":"https:\/\/www.parlor.ro\/ro\/wp-json\/wp\/v2\/product_brand?post=11885"},{"taxonomy":"product_cat","embeddable":true,"href":"https:\/\/www.parlor.ro\/ro\/wp-json\/wp\/v2\/product_cat?post=11885"},{"taxonomy":"product_tag","embeddable":true,"href":"https:\/\/www.parlor.ro\/ro\/wp-json\/wp\/v2\/product_tag?post=11885"}],"curies":[{"name":"wp","href":"https:\/\/api.w.org\/{rel}","templated":true}]}}