{"id":11895,"date":"2022-02-22T20:28:48","date_gmt":"2022-02-22T17:28:48","guid":{"rendered":"https:\/\/www.parlor.ro\/?post_type=product&#038;p=11895"},"modified":"2025-08-22T11:36:59","modified_gmt":"2025-08-22T08:36:59","slug":"rochie-cu-flori","status":"publish","type":"product","link":"https:\/\/www.parlor.ro\/ro\/product\/blossom-dress\/","title":{"rendered":"ROCHIE BLOSSOM"},"content":{"rendered":"<p>ROCHIE BLOSSOM<\/p>\n<p>Voal plisat manual din poliester 100%<\/p>\n<p>100% vascoza<\/p>\n<p><strong>Cur\u0103\u021bare uscat\u0103<\/strong><\/p>\n<p>Acest produs este realizat din \u021bes\u0103turi furnizate de produc\u0103tori certifica\u021bi conform standardelor europene.<\/p>\n<p>Imprimeurile sunt realizate cu vopsea ecologic\u0103 OEKO-TEX\u00ae.<\/p>\n<p>Acest produs este testat \u00een atelierul nostru \u0219i nu prezint\u0103 riscuri pentru s\u0103n\u0103tate si siguran\u021ba consumatorului.<\/p>\n<hr style=\"color: #404040; height: 1px;\" \/>\n<p><b style=\"text-align: left; font-size: 1.8em;\" title=\"ROCHIE BLOSSOM - Rochie Eleganta pentru Dama\"><b style=\"font-weight: normal;\">ROCHIE BLOSSOM \u2013 Rochie elegant\u0103 pentru dam\u0103<\/b><\/b><br \/>\n<b style=\"font-weight: normal !important;\">ROCHIE BLOSSOM<\/b> &#8211; <i style=\"font-style: normal !important;\">Rochie elegant\u0103 de dam\u0103<\/i>. Rochie midi ivoar, imprimata cu maci supradimensionati, din voal plisat prin metoda traditionala, cu maneci 1\/3, inchidere cu nasture la spate, dublura din v\u00e2scoz\u0103. I Love Parlor | <a style=\"font-weight: normal !important;\" title=\"\u00cembr\u0103c\u0103minte pentru femei\" href=\"https:\/\/www.parlor.ro\/ro\/\">\u00cembr\u0103c\u0103minte pentru femei<\/a> &amp; <strong style=\"font-weight: normal !important;\">Parlor<\/strong> Mod\u0103. Design Parlor de Veronica Zaharia. #ConsciousDesign este nucleul brandului nostru. El se traduce prin reinterpretarea celor mai bine v\u00e2ndute modele ale noastre, evit\u00e2nd astfel producerea de\u0219eurilor in exces. Rochiile noastre sunt atemporale, usor de purtat, potrivite at\u00e2t ziua c\u00e2t si seara. Cum arat\u0103 rochia ta de vis? R\u0103sfoi\u021bi <a style=\"font-weight: normal !important;\" title=\"Magazin de rochii de dama\" href=\"https:\/\/www.parlor.ro\/ro\/magazin\/\">Parlor<\/a> Cump\u0103ra\u021bi rochii (pantaloni, rochii, jachete, salopete, topuri) \u0219i g\u0103se\u0219te-\u021bi rochia ACUM! Sau vizita\u021bi showroom-ul nostru pentru a v\u0103 g\u0103si perfectul <a style=\"font-weight: normal !important;\" title=\".\" href=\"https:\/\/www.parlor.ro\/ro\/categorie-produs\/i-%e2%99%a5-salon\/rochii\/\">.<\/a> \/ suna pentru programare 0747501974! Recomand\u0103ri de cump\u0103r\u0103turi pentru tine: <a style=\"font-weight: normal !important;\" title=\"ROCHIE HOT\" href=\"https:\/\/www.parlor.ro\/ro\/produs\/rochie-fierbinte\/\">ROCHIE HOT<\/a>, <a style=\"font-weight: normal !important;\" title=\"ROCHIE SUNSHINE\" href=\"https:\/\/www.parlor.ro\/ro\/produs\/rochie-sunshine\/\">ROCHIE SUNSHINE<\/a>. P\u00c2N\u0102 LA 50% REDUCERE Azi! G\u0103se\u0219te-\u021bi rochia perfect\u0103 ACUM!<\/p>","protected":false},"excerpt":{"rendered":"<p>Rochie midi ivoar, imprimata cu maci supradimensionati, din voal plisat prin metoda traditionala, cu maneci 1\/3, inchidere cu nasture la spate, dublura din v\u00e2scoz\u0103.<\/p>\n<p>#MadeinRomania<\/p>\n<p>#FabricatinRomania<\/p>\n<p>Suntem incantati sa v\u0103 dezv\u0103luim modelele noastre si \u00een showroom: suna\u021bi pentru programare 0747501974.<\/p>\n<p>&nbsp;<\/p>\n<p>&nbsp;<\/p>\n<p>&nbsp;<\/p>","protected":false},"featured_media":13648,"template":"","meta":[],"product_brand":[],"product_cat":[97,99,141],"product_tag":[],"class_list":{"0":"post-11895","1":"product","2":"type-product","3":"status-publish","4":"has-post-thumbnail","6":"product_cat-i--parlor","7":"product_cat-dresses","8":"product_cat-new","9":"pa_size-74","10":"pa_size-75","11":"pa_size-76","12":"pif-has-gallery","14":"first","15":"outofstock","16":"shipping-taxable","17":"purchasable","18":"product-type-variable"},"post_mailing_queue_ids":[],"_links":{"self":[{"href":"https:\/\/www.parlor.ro\/ro\/wp-json\/wp\/v2\/product\/11895","targetHints":{"allow":["GET"]}}],"collection":[{"href":"https:\/\/www.parlor.ro\/ro\/wp-json\/wp\/v2\/product"}],"about":[{"href":"https:\/\/www.parlor.ro\/ro\/wp-json\/wp\/v2\/types\/product"}],"wp:featuredmedia":[{"embeddable":true,"href":"https:\/\/www.parlor.ro\/ro\/wp-json\/wp\/v2\/media\/13648"}],"wp:attachment":[{"href":"https:\/\/www.parlor.ro\/ro\/wp-json\/wp\/v2\/media?parent=11895"}],"wp:term":[{"taxonomy":"product_brand","embeddable":true,"href":"https:\/\/www.parlor.ro\/ro\/wp-json\/wp\/v2\/product_brand?post=11895"},{"taxonomy":"product_cat","embeddable":true,"href":"https:\/\/www.parlor.ro\/ro\/wp-json\/wp\/v2\/product_cat?post=11895"},{"taxonomy":"product_tag","embeddable":true,"href":"https:\/\/www.parlor.ro\/ro\/wp-json\/wp\/v2\/product_tag?post=11895"}],"curies":[{"name":"wp","href":"https:\/\/api.w.org\/{rel}","templated":true}]}}