{"id":11928,"date":"2025-09-17T11:11:33","date_gmt":"2025-09-17T08:11:33","guid":{"rendered":"https:\/\/www.parlor.ro\/?post_type=product&#038;p=11928"},"modified":"2025-10-13T15:14:23","modified_gmt":"2025-10-13T12:14:23","slug":"jacheta-regina","status":"publish","type":"product","link":"https:\/\/www.parlor.ro\/ro\/product\/queen-jacket\/","title":{"rendered":"JACHETA QUEEN"},"content":{"rendered":"<p>JACHETA QUEEN<\/p>\n<p>100% lana<\/p>\n<p>C\u0103ptu\u0219eal\u0103 poliester 96%, elastan 4%<\/p>\n<p>M\u0103sura se  potrive\u0219te de la 34 la 40 FR.<\/p>\n<p><strong>Cur\u0103\u021bare uscat\u0103<\/strong><\/p>\n<p>Acest produs este realizat din \u021bes\u0103turi furnizate de produc\u0103tori certifica\u021bi conform standardelor europene.<\/p>\n<p>Imprimeurile sunt realizate cu vopsea ecologic\u0103 OEKO-TEX\u00ae.<\/p>\n<p>Acest produs este testat \u00een atelierul nostru \u0219i nu prezint\u0103 riscuri pentru s\u0103n\u0103tate si siguran\u021ba consumatorului.<\/p>\n<hr style=\"color: #404040; height: 1px;\" \/>\n<p><b style=\"text-align: left; font-size: 1.8em;\" title=\"QUEEN JACKET - Jachet\u0103 Parlor pentru femei\"><b style=\"font-weight: normal;\">QUEEN JACKET \u2013 Jachet\u0103 de dam\u0103 Parlor<\/b><\/b><br \/>\n<b style=\"font-weight: normal !important;\">JACHETA QUEEN<\/b> &#8211; <strong style=\"font-weight: normal !important;\">Jachet\u0103 Parlor pentru femei<\/strong>Tweed \u00een carouri Queen <i style=\"font-style: normal !important;\">sacou<\/i> is designed for a figure-skimming fit, with padded shoulders and a frayed finish. I Love Parlor | Women&#8217;s Clothing &amp; Women&#8217;s <a style=\"font-weight: normal !important;\" title=\"Moda pentru femei\" href=\"https:\/\/www.parlor.ro\/ro\/\">pentru femei<\/a>. Design Parlor de Veronica Zaharia. #ConsciousDesign este nucleul brandului nostru. El se traduce prin reinterpretarea celor mai bine v\u00e2ndute modele ale noastre, evit\u00e2nd astfel producerea de\u0219eurilor in exces. Rochiile noastre sunt atemporale, usor de purtat, potrivite at\u00e2t ziua c\u00e2t si seara . Cum arat\u0103 rochia ta de vis? R\u0103sfoi\u021bi rochiile noastre pentru femei <a style=\"font-weight: normal !important;\" title=\"Magazin de parlor\" href=\"https:\/\/www.parlor.ro\/ro\/magazin\/\">Parlor Shop<\/a> (pantaloni scur\u021bi, rochii, <a style=\"font-weight: normal !important;\" title=\"jachete\" href=\"https:\/\/www.parlor.ro\/ro\/categorie-produs\/i-%e2%99%a5-salon\/jachete\/\">jachete<\/a>, per total, topuri) \u0219i g\u0103se\u0219te-\u021bi rochia ACUM! Sau viziteaz\u0103 showroom-ul nostru pentru a g\u0103si rochia perfect\u0103 \/ sun\u0103 pentru o programare la 0747501974! Recomand\u0103ri de cump\u0103r\u0103turi pentru tine: <a style=\"font-weight: normal !important;\" title=\"JACHETA QUEEN\" href=\"https:\/\/www.parlor.ro\/ro\/produs\/jacheta-regina\/\">JACHETA QUEEN<\/a>, <a style=\"font-weight: normal !important;\" title=\"Jacheta Alexa Bleumarin\" href=\"https:\/\/www.parlor.ro\/ro\/produs\/jacheta-alexa-lana-bleumarin\/\">Jacheta Alexa Bleumarin<\/a>. P\u00c2N\u0102 LA 50% REDUCERE Azi!<\/p>","protected":false},"excerpt":{"rendered":"<p>Jacheta alb negru, scurta,  din lana, cu maneci lungi. Are detalii de franjuri, umeri supradimensionati si epoleti.<\/p>\n<p>#MadeinRomania<\/p>\n<p>#FabricatinRomania<\/p>\n<p>Suntem incantati sa v\u0103 dezv\u0103luim modelele noastre si \u00een showroom: suna\u021bi pentru programare 0747501974.<\/p>","protected":false},"featured_media":15493,"template":"","meta":[],"product_brand":[],"product_cat":[97,98,141],"product_tag":[],"class_list":{"0":"post-11928","1":"product","2":"type-product","3":"status-publish","4":"has-post-thumbnail","6":"product_cat-i--parlor","7":"product_cat-jackets","8":"product_cat-new","9":"pa_size-one-size","10":"pif-has-gallery","12":"first","13":"outofstock","14":"shipping-taxable","15":"purchasable","16":"product-type-variable"},"post_mailing_queue_ids":[],"_links":{"self":[{"href":"https:\/\/www.parlor.ro\/ro\/wp-json\/wp\/v2\/product\/11928","targetHints":{"allow":["GET"]}}],"collection":[{"href":"https:\/\/www.parlor.ro\/ro\/wp-json\/wp\/v2\/product"}],"about":[{"href":"https:\/\/www.parlor.ro\/ro\/wp-json\/wp\/v2\/types\/product"}],"wp:featuredmedia":[{"embeddable":true,"href":"https:\/\/www.parlor.ro\/ro\/wp-json\/wp\/v2\/media\/15493"}],"wp:attachment":[{"href":"https:\/\/www.parlor.ro\/ro\/wp-json\/wp\/v2\/media?parent=11928"}],"wp:term":[{"taxonomy":"product_brand","embeddable":true,"href":"https:\/\/www.parlor.ro\/ro\/wp-json\/wp\/v2\/product_brand?post=11928"},{"taxonomy":"product_cat","embeddable":true,"href":"https:\/\/www.parlor.ro\/ro\/wp-json\/wp\/v2\/product_cat?post=11928"},{"taxonomy":"product_tag","embeddable":true,"href":"https:\/\/www.parlor.ro\/ro\/wp-json\/wp\/v2\/product_tag?post=11928"}],"curies":[{"name":"wp","href":"https:\/\/api.w.org\/{rel}","templated":true}]}}