{"id":11972,"date":"2024-11-19T11:28:13","date_gmt":"2024-11-19T08:28:13","guid":{"rendered":"https:\/\/www.parlor.ro\/?post_type=product&#038;p=11972"},"modified":"2026-03-27T12:20:34","modified_gmt":"2026-03-27T09:20:34","slug":"rochie-irezistibila","status":"publish","type":"product","link":"https:\/\/www.parlor.ro\/ro\/product\/irresistible-dress\/","title":{"rendered":"ROCHIE IRRESISTIBLE"},"content":{"rendered":"<p>100% poliester<\/p>\n<p>Imprimare OEKO-TEX\u00ae Standard 100<\/p>\n<p><strong>Sp\u0103lare delicat\u0103 la ma\u0219in\u0103<\/strong><\/p>\n<p>Modelul poart\u0103 m\u0103rimea 36.<\/p>\n<p>Acest produs este realizat din \u021bes\u0103turi furnizate de produc\u0103tori certifica\u021bi conform standardelor europene.<\/p>\n<p>Imprimeurile sunt realizate cu vopsea ecologic\u0103 OEKO-TEX\u00ae.<\/p>\n<p>Acest produs este testat \u00een atelierul nostru \u0219i nu prezint\u0103 riscuri pentru s\u0103n\u0103tate si siguran\u021ba consumatorului.<\/p>\n<hr style=\"color: #404040; height: 1px;\" \/>\n<p><b style=\"text-align: left; font-size: 1.8em;\" title=\"ROCHIE IRRESISTIBLE - Rochie de dam\u0103 la comand\u0103\"><b style=\"font-weight: normal;\">ROCHIE IRRESISTIBIL\u0102 \u2013 Rochie pentru femei pe comand\u0103<\/b><\/b><br \/>\n<b style=\"font-weight: normal !important;\">ROCHIE IRRESISTIBLE<\/b> &#8211; <strong style=\"font-weight: normal !important;\">Rochie de dam\u0103 pe comand\u0103<\/strong>. Rochia Irresisstible,  imprimeu alb-negru, maxi, fluida, croit\u0103 pentru a v\u0103 eviden\u021bia silueta, umerii si spatele gol, esarfa pe spate, inchidere cu nasturi. I Love Parlor | <a style=\"font-weight: normal !important;\" title=\"\u00cembr\u0103c\u0103minte pentru femei\" href=\"https:\/\/www.parlor.ro\/ro\/\">Parlor<\/a> \u00cembr\u0103c\u0103minte \u0219i mod\u0103 pentru femei. Design de salon de Veronica Zaharia. #ConsciousDesign este nucleul m\u0103rcii noastre. Se traduce prin reinterpretarea articolelor noastre cele mai v\u00e2ndute cu o utilizare minim\u0103 a resurselor. Rochiile noastre \u00eentorc capul, r\u0103coroase f\u0103r\u0103 efort \u0219i pot merge de la zi la sear\u0103 \u00eentr-o clip\u0103. Cum arat\u0103 rochia ta de vis? R\u0103sfoi\u021bi produsele noastre pentru femei <a style=\"font-weight: normal !important;\" title=\"Rochii de dama\" href=\"https:\/\/www.parlor.ro\/ro\/categorie-produs\/i-%e2%99%a5-salon\/rochii\/\">Rochiile<\/a> <a style=\"font-weight: normal !important;\" title=\"Viziteaza shop-ul nostru online\" href=\"https:\/\/www.parlor.ro\/ro\/magazin\/\">Parlor Shop<\/a> (fuste, pantaloni, <i style=\"font-style: normal !important;\">rochii<\/i>, jachete, salopet\u0103, topuri) \u0219i g\u0103se\u0219te-\u021bi rochia ACUM! Sau vizita\u021bi showroom-ul nostru pentru a v\u0103 g\u0103si rochia perfect\u0103 \/ suna\u021bi pentru programare la 0747501974! Recomand\u0103ri de cump\u0103r\u0103turi pentru tine: <a style=\"font-weight: normal !important;\" title=\"ROCHIE BLUSH\" href=\"https:\/\/www.parlor.ro\/ro\/produs\/rochie-fard-de-obraz-3\/\">ROCHIE BLUSH<\/a>, <a style=\"font-weight: normal !important;\" title=\"ROCHIE SWEET\" href=\"https:\/\/www.parlor.ro\/ro\/produs\/rochie-dulce-3\/\">ROCHIE SWEET<\/a>. P\u00c2N\u0102 LA 50% REDUCERE Azi!<\/p>","protected":false},"excerpt":{"rendered":"[sales_countdown_timer id=\"salescountdowntimer\"]\n<p>Sophisticated twist-front halterneck of Irresisstible dress showcases our gorgeous approach for shape and fit. Cut from from recycled polyester that drapes so elegantly over the body, it has an alluring low-cut back and falls fluidly over the floor-length hem.<\/p>\n<p>We are happy to reveal our designs in our showroom \/ call for appointment 0747501974 .<\/p>\n<p>#MadeinRomania<\/p>\n<p>#FabricatinRomania<\/p>\n<p><a href=\"https:\/\/www.parlor.ro\/wp-content\/uploads\/size-chart.jpg\">VIEW SIZE CHART<\/a><\/p>\n","protected":false},"featured_media":14722,"template":"","meta":[],"product_brand":[],"product_cat":[97,99,141],"product_tag":[],"class_list":{"0":"post-11972","1":"product","2":"type-product","3":"status-publish","4":"has-post-thumbnail","6":"product_cat-i--parlor","7":"product_cat-dresses","8":"product_cat-new","9":"pa_size-124","10":"pa_size-74","11":"pa_size-75","12":"pif-has-gallery","14":"first","15":"instock","16":"sale","17":"featured","18":"shipping-taxable","19":"purchasable","20":"product-type-variable"},"post_mailing_queue_ids":[],"_links":{"self":[{"href":"https:\/\/www.parlor.ro\/ro\/wp-json\/wp\/v2\/product\/11972","targetHints":{"allow":["GET"]}}],"collection":[{"href":"https:\/\/www.parlor.ro\/ro\/wp-json\/wp\/v2\/product"}],"about":[{"href":"https:\/\/www.parlor.ro\/ro\/wp-json\/wp\/v2\/types\/product"}],"wp:featuredmedia":[{"embeddable":true,"href":"https:\/\/www.parlor.ro\/ro\/wp-json\/wp\/v2\/media\/14722"}],"wp:attachment":[{"href":"https:\/\/www.parlor.ro\/ro\/wp-json\/wp\/v2\/media?parent=11972"}],"wp:term":[{"taxonomy":"product_brand","embeddable":true,"href":"https:\/\/www.parlor.ro\/ro\/wp-json\/wp\/v2\/product_brand?post=11972"},{"taxonomy":"product_cat","embeddable":true,"href":"https:\/\/www.parlor.ro\/ro\/wp-json\/wp\/v2\/product_cat?post=11972"},{"taxonomy":"product_tag","embeddable":true,"href":"https:\/\/www.parlor.ro\/ro\/wp-json\/wp\/v2\/product_tag?post=11972"}],"curies":[{"name":"wp","href":"https:\/\/api.w.org\/{rel}","templated":true}]}}