{"id":11979,"date":"2022-04-30T23:32:04","date_gmt":"2022-04-30T20:32:04","guid":{"rendered":"https:\/\/www.parlor.ro\/?post_type=product&#038;p=11979"},"modified":"2025-08-19T12:39:33","modified_gmt":"2025-08-19T09:39:33","slug":"rochie-fermecatoare-2","status":"publish","type":"product","link":"https:\/\/www.parlor.ro\/ro\/product\/charming-dress-2\/","title":{"rendered":"ROCHIE CHARMING"},"content":{"rendered":"<p>100% poliester<\/p>\n<p><strong>Sp\u0103lare delicat\u0103 la ma\u0219in\u0103<\/strong><\/p>\n<p>Acest produs este realizat din \u021bes\u0103turi furnizate de produc\u0103tori certifica\u021bi conform standardelor europene.<\/p>\n<p>Imprimeurile sunt realizate cu vopsea ecologic\u0103 OEKO-TEX\u00ae.<\/p>\n<p>Acest produs este testat \u00een atelierul nostru \u0219i nu prezint\u0103 riscuri pentru s\u0103n\u0103tate si siguran\u021ba consumatorului.<\/p>\n<hr style=\"color:#404040; height: 1px;\" \/>\n<p><b style=\"text-align: left; font-size:1.8em;\" title=\"ROCHIE FERMEC\u0102TOARE - Rochie fermec\u0103toare pentru femei\" name=\"CHARMING DRESS - Charming Women's Dress\"><b style=\"font-weight: normal;\">ROCHIE FERMEC\u0102TOARE \u2013 Rochie fermec\u0103toare pentru femei<\/b><\/b><br \/>\nROCHIE FERMEC\u0102TOARE \u2013 Rochie fermec\u0103toare pentru femei. Florile de cire\u0219, frumos combinate cu buline, fac din rochia fermec\u0103toare un element misterios, dar revelator, juc\u0103u\u0219, dar serios. I Love Parlor | \u00cembr\u0103c\u0103minte pentru femei \u0219i... <a style=\"font-weight: normal !important;\" title=\"Moda pentru femei\" href=\"https:\/\/www.parlor.ro\/ro\/\">Parlor<\/a> Mod\u0103. Designuri de salon de Veronica Zaharia. #ConsciousDesign este nucleul brandului nostru. Se traduce prin reinterpretarea articolelor noastre cele mai bine v\u00e2ndute cu un consum minim de resurse. Rochiile noastre atrage toate privirile, sunt cool f\u0103r\u0103 efort \u0219i pot fi purtate instantaneu de la o zi la alta. Cum arat\u0103 rochia visurilor tale? R\u0103sfoie\u0219te sec\u021biunea noastr\u0103 pentru femei. <a style=\"font-weight: normal !important;\" title=\"Viziteaza shop-ul nostru online\" href=\"https:\/\/www.parlor.ro\/ro\/magazin\/\">Viziteaza shop-ul nostru online<\/a> (pantaloni, fuste, rochii, jachete, salopete, topuri) si g\u0103se\u0219te-ti <a style=\"font-weight: normal !important;\" title=\"rochia ta\" href=\"https:\/\/www.parlor.ro\/ro\/categorie-produs\/i-%e2%99%a5-salon\/rochii\/\">rochia ta<\/a> ACUM! Sau vizita\u021bi showroom-ul nostru pentru a v\u0103 g\u0103si rochia perfect\u0103 \/ suna\u021bi pentru programare la 0747501974! Recomand\u0103ri de cump\u0103r\u0103turi pentru tine: <a style=\"font-weight: normal !important;\" title=\"ROCHIE BLOSSOM\" href=\"https:\/\/www.parlor.ro\/ro\/produs\/rochie-cu-flori\/\">ROCHIE BLOSSOM<\/a>, <a style=\"font-weight: normal !important;\" title=\"ROCHIE PEACE\" href=\"https:\/\/www.parlor.ro\/ro\/produs\/rochie-de-pace\/\">ROCHIE PEACE<\/a>. P\u00c2N\u0102 LA 50% REDUCERE Azi! <\/p>","protected":false},"excerpt":{"rendered":"<p>Rochie mini din tesatura ivoar, printata cu motive florale, dublata cu tesatura alba printata cu buline. Are maneca bufanta 1\/3, fusta scurta, petrecuta, cu tiv asimetric. Se inchide  la spate, cu fermoar.<\/p>\n<p>#MadeinRomania<\/p>\n<p>#FabricatinRomania<\/p>\n<p>Modelul poart\u0103 m\u0103rimea 38.<\/p>","protected":false},"featured_media":11985,"template":"","meta":[],"product_brand":[],"product_cat":[97,99],"product_tag":[],"class_list":{"0":"post-11979","1":"product","2":"type-product","3":"status-publish","4":"has-post-thumbnail","6":"product_cat-i--parlor","7":"product_cat-dresses","8":"pa_size-74","9":"pa_size-75","10":"pif-has-gallery","12":"first","13":"outofstock","14":"shipping-taxable","15":"purchasable","16":"product-type-variable"},"post_mailing_queue_ids":[],"_links":{"self":[{"href":"https:\/\/www.parlor.ro\/ro\/wp-json\/wp\/v2\/product\/11979","targetHints":{"allow":["GET"]}}],"collection":[{"href":"https:\/\/www.parlor.ro\/ro\/wp-json\/wp\/v2\/product"}],"about":[{"href":"https:\/\/www.parlor.ro\/ro\/wp-json\/wp\/v2\/types\/product"}],"wp:featuredmedia":[{"embeddable":true,"href":"https:\/\/www.parlor.ro\/ro\/wp-json\/wp\/v2\/media\/11985"}],"wp:attachment":[{"href":"https:\/\/www.parlor.ro\/ro\/wp-json\/wp\/v2\/media?parent=11979"}],"wp:term":[{"taxonomy":"product_brand","embeddable":true,"href":"https:\/\/www.parlor.ro\/ro\/wp-json\/wp\/v2\/product_brand?post=11979"},{"taxonomy":"product_cat","embeddable":true,"href":"https:\/\/www.parlor.ro\/ro\/wp-json\/wp\/v2\/product_cat?post=11979"},{"taxonomy":"product_tag","embeddable":true,"href":"https:\/\/www.parlor.ro\/ro\/wp-json\/wp\/v2\/product_tag?post=11979"}],"curies":[{"name":"wp","href":"https:\/\/api.w.org\/{rel}","templated":true}]}}