{"id":12006,"date":"2022-05-15T18:23:20","date_gmt":"2022-05-15T15:23:20","guid":{"rendered":"https:\/\/www.parlor.ro\/?post_type=product&#038;p=12006"},"modified":"2025-07-25T11:05:09","modified_gmt":"2025-07-25T08:05:09","slug":"rochie-de-credinta-2","status":"publish","type":"product","link":"https:\/\/www.parlor.ro\/ro\/product\/faith-dress-2\/","title":{"rendered":"Rochie Faith"},"content":{"rendered":"<p>Rochie Faith<\/p>\n<p>100% poliester<\/p>\n<p><strong>Sp\u0103lare delicat\u0103 la ma\u0219in\u0103<\/strong><\/p>\n<p>Acest produs este realizat din \u021bes\u0103turi furnizate de produc\u0103tori certifica\u021bi conform standardelor europene.<\/p>\n<p>Imprimeurile sunt realizate cu vopsea ecologic\u0103 OEKO-TEX\u00ae.<\/p>\n<p>Acest produs este testat \u00een atelierul nostru \u0219i nu prezint\u0103 riscuri pentru s\u0103n\u0103tate si siguran\u021ba consumatorului.<\/p>\n<hr style=\"color:#404040; height: 1px;\" \/>\n<p><b style=\"text-align: left; font-size:1.8em;\" title=\"Rochie Faith - Rochie romantic\u0103 pentru femei\" name=\"Faith Dress - Romantic Women's Dress\"><b style=\"font-weight: normal;\">Rochie Faith \u2013 Rochie romantic\u0103 pentru femei<\/b><\/b><br \/>\n<b style=\"font-weight: normal !important;\">Rochie Faith<\/b> &#8211; <strong style=\"font-weight: normal !important;\">Rochie romantic\u0103 pentru femei<\/strong>. <i style=\"font-style: normal !important;\">#MadeinRomania<\/i>V\u0103 prezent\u0103m rochia \u201eFaith\u201d, un accesoriu obligatoriu pentru toate fetele romantice. I Love Parlor | \u00cembr\u0103c\u0103minte pentru femei \u0219i... <a style=\"font-weight: normal !important;\" title=\"Moda pentru femei\" href=\"https:\/\/www.parlor.ro\/ro\/\">Moda pentru femei<\/a>Designuri de salon de Veronica Zaharia. #ConsciousDesign este nucleul brandului nostru. Se traduce prin reinterpretarea articolelor noastre cele mai bine v\u00e2ndute cu un consum minim de resurse. Rochiile noastre atrage toate privirile, sunt cool f\u0103r\u0103 efort \u0219i pot fi purtate instantaneu de la o zi la alta. Ce \u00eenseamn\u0103... <a style=\"font-weight: normal !important;\" title=\"Cum arata rochia visurilor tale?\" href=\"https:\/\/www.parlor.ro\/ro\/magazin\/\">Cum arata rochia visurilor tale?<\/a> Cum arat\u0103? R\u0103sfoi\u021bi magazinul nostru de rochii pentru femei (pantaloni, rochii, jachete, salopete, topuri) \u0219i g\u0103si\u021bi-v\u0103 rochia ACUM! Sau vizita\u021bi showroom-ul nostru pentru a o g\u0103si <a style=\"font-weight: normal !important;\" title=\"rochia perfecta\" href=\"https:\/\/www.parlor.ro\/ro\/categorie-produs\/i-%e2%99%a5-salon\/rochii\/\">rochia perfecta <\/a> \/ suna pentru programare 0747501974! Recomand\u0103ri de cump\u0103r\u0103turi pentru tine: <a style=\"font-weight: normal !important;\" title=\"ROCHIE CHARMING\" href=\"https:\/\/www.parlor.ro\/ro\/produs\/rochie-fermecatoare-2\/\">ROCHIE CHARMING<\/a>, <a style=\"font-weight: normal !important;\" title=\"ROCHIE BLOSSOM\" href=\"https:\/\/www.parlor.ro\/ro\/produs\/rochie-cu-flori\/\">ROCHIE BLOSSOM<\/a>. P\u00c2N\u0102 LA 50% REDUCERE Azi! <\/p>","protected":false},"excerpt":{"rendered":"<p>Rochie mini neagra, din tesatura imprimata cu tigri si detalii albe la cusaturi. Are maneca scurta, funda sub bust si se inchide cu fermoar.<\/p>\n<p>&nbsp;<\/p>\n<p>#MADEin ROMANIA<\/p>\n<p>#FABRICATinROMANIA<\/p>\n<p>&nbsp;<\/p>","protected":false},"featured_media":12012,"template":"","meta":[],"product_brand":[],"product_cat":[97,99],"product_tag":[],"class_list":{"0":"post-12006","1":"product","2":"type-product","3":"status-publish","4":"has-post-thumbnail","6":"product_cat-i--parlor","7":"product_cat-dresses","8":"pa_size-74","9":"pa_size-75","10":"pif-has-gallery","12":"first","13":"outofstock","14":"shipping-taxable","15":"purchasable","16":"product-type-variable"},"post_mailing_queue_ids":[],"_links":{"self":[{"href":"https:\/\/www.parlor.ro\/ro\/wp-json\/wp\/v2\/product\/12006","targetHints":{"allow":["GET"]}}],"collection":[{"href":"https:\/\/www.parlor.ro\/ro\/wp-json\/wp\/v2\/product"}],"about":[{"href":"https:\/\/www.parlor.ro\/ro\/wp-json\/wp\/v2\/types\/product"}],"wp:featuredmedia":[{"embeddable":true,"href":"https:\/\/www.parlor.ro\/ro\/wp-json\/wp\/v2\/media\/12012"}],"wp:attachment":[{"href":"https:\/\/www.parlor.ro\/ro\/wp-json\/wp\/v2\/media?parent=12006"}],"wp:term":[{"taxonomy":"product_brand","embeddable":true,"href":"https:\/\/www.parlor.ro\/ro\/wp-json\/wp\/v2\/product_brand?post=12006"},{"taxonomy":"product_cat","embeddable":true,"href":"https:\/\/www.parlor.ro\/ro\/wp-json\/wp\/v2\/product_cat?post=12006"},{"taxonomy":"product_tag","embeddable":true,"href":"https:\/\/www.parlor.ro\/ro\/wp-json\/wp\/v2\/product_tag?post=12006"}],"curies":[{"name":"wp","href":"https:\/\/api.w.org\/{rel}","templated":true}]}}