{"id":12015,"date":"2025-01-15T11:11:05","date_gmt":"2025-01-15T08:11:05","guid":{"rendered":"https:\/\/www.parlor.ro\/?post_type=product&#038;p=12015"},"modified":"2026-03-27T12:15:53","modified_gmt":"2026-03-27T09:15:53","slug":"rochie-harlequeen","status":"publish","type":"product","link":"https:\/\/www.parlor.ro\/ro\/product\/harlequeen-dress\/","title":{"rendered":"ROCHIE HARLEQUEEN"},"content":{"rendered":"<p>100% poliester reciclat<\/p>\n<p><strong>Sp\u0103lare delicat\u0103 la ma\u0219in\u0103<\/strong><\/p>\n<p>Acest produs este realizat din \u021bes\u0103turi furnizate de produc\u0103tori certifica\u021bi conform standardelor europene.<\/p>\n<p>Imprimeurile sunt realizate cu vopsea ecologic\u0103 OEKO-TEX\u00ae.<\/p>\n<p>Acest produs este testat \u00een atelierul nostru \u0219i nu prezint\u0103 riscuri pentru s\u0103n\u0103tate si siguran\u021ba consumatorului.<\/p>\n<hr style=\"color: #404040; height: 1px;\" \/>\n<p><b style=\"text-align: left; font-size: 1.8em;\" title=\"Rochie Harlequeen - Rochie exclusiv\u0103 pentru femei\"><b style=\"font-weight: normal;\">Rochie Harlequeen \u2013 Rochie exclusiv\u0103 pentru femei<\/b><\/b><br \/>\n<b style=\"font-weight: normal !important;\">ROCHIE HARLEQUEEN<\/b> &#8211; <i style=\"font-style: normal !important;\">Top exclusiv pentru femei<\/i>. <strong style=\"font-weight: normal !important;\">Rochie Harlequeen<\/strong> #MadeinRomania este perfect pentru tine! iubesc salonul | \u00cembr\u0103c\u0103minte pentru femei \u0219i mod\u0103 pentru femei. <a style=\"font-weight: normal !important;\" title=\"Crea\u021biile Parlor\" href=\"https:\/\/www.parlor.ro\/ro\/\">Crea\u021biile Parlor<\/a> de Veronica Zaharia. #ConsciousDesign este nucleul brandului nostru. El se traduce prin reinterpretarea celor mai bine v\u00e2ndute modele ale noastre, evit\u00e2nd astfel producerea de\u0219eurilor in exces. Cum arat\u0103 rochia ta de vis? R\u0103sfoie\u0219te <a style=\"font-weight: normal !important;\" title=\"Magazin de rochii dama Parlor\" href=\"https:\/\/www.parlor.ro\/ro\/magazin\/\">magazinul online I \u2665 Parlor<\/a> si g\u0103se\u0219te <a style=\"font-weight: normal !important;\" title=\"rochia ta\" href=\"https:\/\/www.parlor.ro\/ro\/categorie-produs\/i-%e2%99%a5-salon\/rochii\/\">rochia ta<\/a> ACUM! Sau vizita\u021bi showroom-ul nostru pentru a g\u0103si rochia de vis \/ sun\u0103 pentru programare 0747501974! Recomand\u0103ri de cump\u0103r\u0103turi pentru tine: <a style=\"font-weight: normal !important;\" title=\"ROCHIE ENCHANTRESS\" href=\"https:\/\/www.parlor.ro\/ro\/produs\/rochie-de-vrajitoare-3\/\">ROCHIE ENCHANTRESS<\/a>, <a style=\"font-weight: normal !important;\" title=\"FUSTA HONEY IVORY\" href=\"https:\/\/www.parlor.ro\/ro\/produs\/miere-fusta-fildes\/\">FUSTA HONEY IVORY<\/a>. P\u00c2N\u0102 LA 50% REDUCERE Azi!<\/p>","protected":false},"excerpt":{"rendered":"[sales_countdown_timer id=\"salescountdowntimer\"]\n<p>Our Harlequeen dress is perfect: the contrasting black stripes cleverly elongate your frame, the open back will give you the sexy feeling\u2026. and don\u2019t forget, bows are always a good idea.<\/p>\n<p>#MADEinROMANIA<\/p>\n<p>#FABRICATinROMANIA<\/p>\n<p>We are happy to reveal our designs in our showroom \/ call for appointment 0747501974 . <strong>The dress will be delivered 3 working days after the order.\u00a0<\/strong><\/p>\n<p><a href=\"https:\/\/www.parlor.ro\/wp-content\/uploads\/size-chart.jpg\">VIEW SIZE CHART<\/a><\/p>\n","protected":false},"featured_media":14866,"template":"","meta":[],"product_brand":[],"product_cat":[97,99,141],"product_tag":[],"class_list":{"0":"post-12015","1":"product","2":"type-product","3":"status-publish","4":"has-post-thumbnail","6":"product_cat-i--parlor","7":"product_cat-dresses","8":"product_cat-new","9":"pa_size-124","10":"pa_size-74","11":"pa_size-75","12":"pif-has-gallery","14":"first","15":"instock","16":"sale","17":"shipping-taxable","18":"purchasable","19":"product-type-variable"},"post_mailing_queue_ids":[],"_links":{"self":[{"href":"https:\/\/www.parlor.ro\/ro\/wp-json\/wp\/v2\/product\/12015","targetHints":{"allow":["GET"]}}],"collection":[{"href":"https:\/\/www.parlor.ro\/ro\/wp-json\/wp\/v2\/product"}],"about":[{"href":"https:\/\/www.parlor.ro\/ro\/wp-json\/wp\/v2\/types\/product"}],"wp:featuredmedia":[{"embeddable":true,"href":"https:\/\/www.parlor.ro\/ro\/wp-json\/wp\/v2\/media\/14866"}],"wp:attachment":[{"href":"https:\/\/www.parlor.ro\/ro\/wp-json\/wp\/v2\/media?parent=12015"}],"wp:term":[{"taxonomy":"product_brand","embeddable":true,"href":"https:\/\/www.parlor.ro\/ro\/wp-json\/wp\/v2\/product_brand?post=12015"},{"taxonomy":"product_cat","embeddable":true,"href":"https:\/\/www.parlor.ro\/ro\/wp-json\/wp\/v2\/product_cat?post=12015"},{"taxonomy":"product_tag","embeddable":true,"href":"https:\/\/www.parlor.ro\/ro\/wp-json\/wp\/v2\/product_tag?post=12015"}],"curies":[{"name":"wp","href":"https:\/\/api.w.org\/{rel}","templated":true}]}}