{"id":12060,"date":"2022-05-23T18:57:07","date_gmt":"2022-05-23T15:57:07","guid":{"rendered":"https:\/\/www.parlor.ro\/?post_type=product&#038;p=12060"},"modified":"2025-07-20T23:46:16","modified_gmt":"2025-07-20T20:46:16","slug":"rochie-regala","status":"publish","type":"product","link":"https:\/\/www.parlor.ro\/ro\/product\/royal-dress\/","title":{"rendered":"ROCHIE ROYAL"},"content":{"rendered":"<p>ROCHIE ROYAL<\/p>\n<p>100% vascoza<\/p>\n<p><strong>D<\/strong><strong>e curat<\/strong><\/p>\n<p>Acest produs este realizat din \u021bes\u0103turi furnizate de produc\u0103tori certifica\u021bi conform standardelor europene.<\/p>\n<p>Imprimeurile sunt realizate cu vopsea ecologic\u0103 OEKO-TEX\u00ae.<\/p>\n<p>Acest produs este testat \u00een atelierul nostru \u0219i nu prezint\u0103 riscuri pentru s\u0103n\u0103tate si siguran\u021ba consumatorului.<\/p>\n<hr style=\"color:#404040; height: 1px;\" \/>\n<p><b style=\"text-align: left; font-size:1.8em;\" title=\"ROCHIE REGAL\u0102 - Rochie exclusiv\u0103 pentru femei\" name=\"ROYAL DRESS - Exclusive Women's Dress\"><b style=\"font-weight: normal;\">ROCHIE REGAL\u0102 \u2013 Rochie exclusiv\u0103 pentru femei<\/b><\/b><br \/>\n<b style=\"font-weight: normal !important;\">ROCHIE ROYAL<\/b> &#8211; <strong style=\"font-weight: normal !important;\">Top exclusiv pentru femei<\/strong>Suntem \u00eennebuni\u021bi dup\u0103 formele de clepsidr\u0103 \u0219i m\u00e2necile bufante. I Love Parlor | <a style=\"font-weight: normal !important;\" title=\"\u00cembr\u0103c\u0103minte pentru femei\" href=\"https:\/\/www.parlor.ro\/ro\/\">Parlor<\/a> \u00cembr\u0103c\u0103minte \u0219i mod\u0103 pentru femei. Design Parlor de Veronica Zaharia. #ConsciousDesign este nucleul brandului nostru. Se traduce prin reinterpretarea articolelor noastre cele mai bine v\u00e2ndute cu un consum minim de resurse.  Rochiile noastre sunt atemporale, usor de purtat, potrivite at\u00e2t ziua c\u00e2t si seara . Cum arat\u0103 rochia visurilor tale? R\u0103sfoie\u0219te-ne <a style=\"font-weight: normal !important;\" title=\"Rochii de dama\" href=\"https:\/\/www.parlor.ro\/ro\/categorie-produs\/i-%e2%99%a5-salon\/rochii\/\">Rochii de dama<\/a> <a style=\"font-weight: normal !important;\" title=\"magazin exclusivist\" href=\"https:\/\/www.parlor.ro\/ro\/magazin\/\">Parlor Shop<\/a> (pantaloni, fuste, rochii, jachete, salopete, topuri) \u0219i g\u0103se\u0219te-\u021bi rochia ACUM! Sau vizita\u021bi showroom-ul nostru pentru a v\u0103 g\u0103si rochia perfect\u0103 \/ suna\u021bi pentru programare la 0747501974! Recomand\u0103ri de cump\u0103r\u0103turi pentru tine: <a style=\"font-weight: normal !important;\" title=\"ROCHIE SWEETHEART\" href=\"https:\/\/www.parlor.ro\/ro\/produs\/rochie-iubita-2\/\">ROCHIE SWEETHEART<\/a>, <a style=\"font-weight: normal !important;\" title=\"ROCHIE KISS\" href=\"https:\/\/www.parlor.ro\/ro\/produs\/rochie-de-sarut\/\">ROCHIE KISS<\/a>. Reducere de p\u00e2n\u0103 la 50% ast\u0103zi! Cump\u0103r\u0103 <i style=\"font-style: normal !important;\">rochia visurilor tale<\/i> ACUM!<\/p>","protected":false},"excerpt":{"rendered":"<p>&nbsp;<\/p>\n<p>Rochie verde cu maneci lungi, tiv asimetric, decupaj in talie, fermoar la spate, spate gol, funde pe umeri.<\/p>\n<p>* V\u0103 rug\u0103m s\u0103 re\u021bine\u021bi c\u0103 fundi\u021bele de pe um\u0103r vor fi verzi, realizate din aceea\u0219i \u021bes\u0103tur\u0103 ca \u0219i rochia.<\/p>\n<p>#MadeinRomania<\/p>\n<p>#FabricatinRomania<\/p>\n<p>Suntem incantati sa v\u0103 dezv\u0103luim modelele noastre si \u00een showroom: suna\u021bi pentru programare 0747501974.<\/p>","protected":false},"featured_media":12061,"template":"","meta":[],"product_brand":[],"product_cat":[97,99],"product_tag":[],"class_list":{"0":"post-12060","1":"product","2":"type-product","3":"status-publish","4":"has-post-thumbnail","6":"product_cat-i--parlor","7":"product_cat-dresses","8":"pa_size-74","9":"pa_size-75","10":"pif-has-gallery","12":"first","13":"outofstock","14":"shipping-taxable","15":"purchasable","16":"product-type-variable"},"post_mailing_queue_ids":[],"_links":{"self":[{"href":"https:\/\/www.parlor.ro\/ro\/wp-json\/wp\/v2\/product\/12060","targetHints":{"allow":["GET"]}}],"collection":[{"href":"https:\/\/www.parlor.ro\/ro\/wp-json\/wp\/v2\/product"}],"about":[{"href":"https:\/\/www.parlor.ro\/ro\/wp-json\/wp\/v2\/types\/product"}],"wp:featuredmedia":[{"embeddable":true,"href":"https:\/\/www.parlor.ro\/ro\/wp-json\/wp\/v2\/media\/12061"}],"wp:attachment":[{"href":"https:\/\/www.parlor.ro\/ro\/wp-json\/wp\/v2\/media?parent=12060"}],"wp:term":[{"taxonomy":"product_brand","embeddable":true,"href":"https:\/\/www.parlor.ro\/ro\/wp-json\/wp\/v2\/product_brand?post=12060"},{"taxonomy":"product_cat","embeddable":true,"href":"https:\/\/www.parlor.ro\/ro\/wp-json\/wp\/v2\/product_cat?post=12060"},{"taxonomy":"product_tag","embeddable":true,"href":"https:\/\/www.parlor.ro\/ro\/wp-json\/wp\/v2\/product_tag?post=12060"}],"curies":[{"name":"wp","href":"https:\/\/api.w.org\/{rel}","templated":true}]}}