{"id":12113,"date":"2022-06-17T14:02:03","date_gmt":"2022-06-17T11:02:03","guid":{"rendered":"https:\/\/www.parlor.ro\/?post_type=product&#038;p=12113"},"modified":"2025-07-20T23:25:23","modified_gmt":"2025-07-20T20:25:23","slug":"rochie-sassy","status":"publish","type":"product","link":"https:\/\/www.parlor.ro\/ro\/product\/sassy-dress\/","title":{"rendered":"ROCHIE SASSY"},"content":{"rendered":"<p>ROCHIE SASSY<\/p>\n<p>100% organza de m\u0103tase<\/p>\n<p>C\u0103ptu\u0219eal\u0103 din viscoz\u0103 100%<\/p>\n<p><strong>Cur\u0103\u021bare uscat\u0103<\/strong><\/p>\n<p>Acest produs este realizat din \u021bes\u0103turi furnizate de produc\u0103tori certifica\u021bi conform standardelor europene.<\/p>\n<p>Imprimeurile sunt realizate cu vopsea ecologic\u0103 OEKO-TEX\u00ae.<\/p>\n<p>Acest produs este testat \u00een atelierul nostru \u0219i nu prezint\u0103 riscuri pentru s\u0103n\u0103tate si siguran\u021ba consumatorului.<\/p>\n<hr style=\"color:#404040; height: 1px;\" \/>\n<p><b style=\"text-align: left; font-size:1.8em;\" title=\"ROCHIE SASSY - Rochia perfect\u0103 pentru femei\" name=\"SASSY DRESS - Perfect Women's Dress\"><b style=\"font-weight: normal;\">ROCHIE SASSY \u2013 Rochia perfect\u0103 pentru femei<\/b><\/b><br \/>\n<b style=\"font-weight: normal !important;\">ROCHIE SASSY<\/b> &#8211; <strong style=\"font-weight: normal !important;\">Rochie perfect\u0103 pentru femei<\/strong>Suntem \u00eendr\u0103gosti\u021bi nebune\u0219te de florile ei brodate \u0219i de spatele deschis sexy. \u00cemi place. <a style=\"font-weight: normal !important;\" title=\"I \u2665 Parlor\" href=\"https:\/\/www.parlor.ro\/ro\/\">Parlor<\/a> | \u00cembr\u0103c\u0103minte \u0219i mod\u0103 pentru femei. Designuri de salon de Veronica Zaharia. #ConsciousDesign este nucleul brandului nostru. Se traduce prin reinterpretarea articolelor noastre cele mai bine v\u00e2ndute cu un consum minim de resurse. Rochiile noastre atrage toate privirile, sunt cool f\u0103r\u0103 efort \u0219i pot fi purtate instantaneu de la o zi la alta. Ce \u00eenseamn\u0103... <a style=\"font-weight: normal !important;\" title=\"Cum arata rochia visurilor tale?\" href=\"https:\/\/www.parlor.ro\/ro\/categorie-produs\/i-%e2%99%a5-salon\/rochii\/\">Cum arata rochia visurilor tale?<\/a> R\u0103sfoi\u021bi rochiile noastre pentru femei <a style=\"font-weight: normal !important;\" title=\"Magazin de parlor\" href=\"https:\/\/www.parlor.ro\/ro\/magazin\/\">Parlor Shop<\/a> (pantaloni, fuste, rochii, jachete, salopete, topuri) si g\u0103se\u0219te-ti <i style=\"font-style: normal !important;\">rochia ta<\/i>  ACUM! Sau vizita\u021bi showroom-ul nostru pentru a v\u0103 g\u0103si rochia perfect\u0103 \/ suna\u021bi pentru programare la 0747501974! Recomand\u0103ri de cump\u0103r\u0103turi pentru tine: <a style=\"font-weight: normal !important;\" title=\"ROCHIE SHINE\" href=\"https:\/\/www.parlor.ro\/ro\/produs\/rochie-stralucitoare-2\/\">ROCHIE SHINE<\/a>, <a style=\"font-weight: normal !important;\" title=\"ROCHIE ROYAL\" href=\"https:\/\/www.parlor.ro\/ro\/produs\/rochie-regala\/\">ROCHIE ROYAL<\/a>. Reduceri uimitoare! P\u00c2N\u0102 LA 50% REDUCERE Azi! <\/p>","protected":false},"excerpt":{"rendered":"<p>Rochie neagra din organza brodata cu motive florale, are spate gol, maneci lungi ample si elastic la spate.<\/p>\n<p>&nbsp;<\/p>\n<p>#MadeinRomania<\/p>\n<p>#FabricatinRomania<\/p>\n<p>Modelul poart\u0103 m\u0103rimea 38.<\/p>\n<p>Suntem incantati sa v\u0103 dezv\u0103luim modelele noastre si \u00een showroom: suna\u021bi pentru programare 0747501974.<\/p>","protected":false},"featured_media":12116,"template":"","meta":[],"product_brand":[],"product_cat":[97,99],"product_tag":[],"class_list":{"0":"post-12113","1":"product","2":"type-product","3":"status-publish","4":"has-post-thumbnail","6":"product_cat-i--parlor","7":"product_cat-dresses","8":"pa_size-74","9":"pa_size-75","10":"pif-has-gallery","12":"first","13":"outofstock","14":"shipping-taxable","15":"purchasable","16":"product-type-variable"},"post_mailing_queue_ids":[],"_links":{"self":[{"href":"https:\/\/www.parlor.ro\/ro\/wp-json\/wp\/v2\/product\/12113","targetHints":{"allow":["GET"]}}],"collection":[{"href":"https:\/\/www.parlor.ro\/ro\/wp-json\/wp\/v2\/product"}],"about":[{"href":"https:\/\/www.parlor.ro\/ro\/wp-json\/wp\/v2\/types\/product"}],"wp:featuredmedia":[{"embeddable":true,"href":"https:\/\/www.parlor.ro\/ro\/wp-json\/wp\/v2\/media\/12116"}],"wp:attachment":[{"href":"https:\/\/www.parlor.ro\/ro\/wp-json\/wp\/v2\/media?parent=12113"}],"wp:term":[{"taxonomy":"product_brand","embeddable":true,"href":"https:\/\/www.parlor.ro\/ro\/wp-json\/wp\/v2\/product_brand?post=12113"},{"taxonomy":"product_cat","embeddable":true,"href":"https:\/\/www.parlor.ro\/ro\/wp-json\/wp\/v2\/product_cat?post=12113"},{"taxonomy":"product_tag","embeddable":true,"href":"https:\/\/www.parlor.ro\/ro\/wp-json\/wp\/v2\/product_tag?post=12113"}],"curies":[{"name":"wp","href":"https:\/\/api.w.org\/{rel}","templated":true}]}}