{"id":12118,"date":"2022-06-17T14:11:11","date_gmt":"2022-06-17T11:11:11","guid":{"rendered":"https:\/\/www.parlor.ro\/?post_type=product&#038;p=12118"},"modified":"2025-05-16T14:40:03","modified_gmt":"2025-05-16T11:40:03","slug":"rochie-bliss-2","status":"publish","type":"product","link":"https:\/\/www.parlor.ro\/ro\/product\/bliss-dress-2\/","title":{"rendered":"ROCHIE BLISS"},"content":{"rendered":"<p>ROCHIE BLISS<\/p>\n<p>100% m\u0103tase<\/p>\n<p>C\u0103ptu\u0219eal\u0103 din viscoz\u0103 100%<\/p>\n<p><strong>Sp\u0103larea manual\u0103<\/strong><\/p>\n<p>Acest produs este realizat din \u021bes\u0103turi furnizate de produc\u0103tori certifica\u021bi conform standardelor europene.<\/p>\n<p>Imprimeurile sunt realizate cu vopsea ecologic\u0103 OEKO-TEX\u00ae.<\/p>\n<p>Acest produs este testat \u00een atelierul nostru \u0219i nu prezint\u0103 riscuri pentru s\u0103n\u0103tate si siguran\u021ba consumatorului.<\/p>\n<hr style=\"color: #404040; height: 1px;\" \/>\n<p><b style=\"text-align: left; font-size: 1.8em;\" title=\"BLISS DRESS - Rochie frumoasa de dama\"><b style=\"font-weight: normal;\">BLISS DRESS \u2013 Rochie frumoas\u0103 de dam\u0103<\/b><\/b><br \/>\n<b style=\"font-weight: normal !important;\">ROCHIE BLISS<\/b> &#8211; <i style=\"font-style: normal !important;\">Rochie frumoasa de dama<\/i>. <strong style=\"font-weight: normal !important;\">Rochie mini ivoar<\/strong>din voal de matase cu buline tesute in culoare, elastic la bust, maneci 1\/3 si funde negre peste maneci. <a style=\"font-weight: normal !important;\" title=\"I \u2665 Parlor\" href=\"https:\/\/www.parlor.ro\/ro\/\">I \u2665 Parlor<\/a> | \u00cembr\u0103c\u0103minte pentru femei \u0219i mod\u0103 pentru femei. Design Parlor de Veronica Zaharia. #ConsciousDesign este nucleul brandului nostru. El se traduce prin reinterpretarea celor mai bine v\u00e2ndute modele ale noastre, evit\u00e2nd astfel producerea de\u0219eurilor in exces. Rochiile noastre sunt atemporale, usor de purtat, potrivite at\u00e2t ziua c\u00e2t si seara. Cum arat\u0103 rochia ta de vis? R\u0103sfoi\u021bi <a style=\"font-weight: normal !important;\" title=\"Magazin de rochii de dama\" href=\"https:\/\/www.parlor.ro\/ro\/magazin\/\">magazinul online I \u2665 Parlor<\/a> (fuste, pantaloni, rochii, jachete, salopete, topuri) \u0219i g\u0103se\u0219te-\u021bi rochia ACUM! Sau vizita\u021bi showroom-ul nostru <a style=\"font-weight: normal !important;\" title=\"rochia perfecta\" href=\"https:\/\/www.parlor.ro\/ro\/categorie-produs\/i-%e2%99%a5-salon\/rochii\/\">.<\/a> \/ suna pentru programare 0747501974! Recomand\u0103ri de cump\u0103r\u0103turi pentru tine: <a style=\"font-weight: normal !important;\" title=\"ROCHIE SWEETHEART\" href=\"https:\/\/www.parlor.ro\/ro\/produs\/rochie-iubita-2\/\">ROCHIE SWEETHEART<\/a>, <a style=\"font-weight: normal !important;\" title=\"ROCHIE BLOSSOM\" href=\"https:\/\/www.parlor.ro\/ro\/produs\/rochie-cu-flori\/\">ROCHIE BLOSSOM<\/a>. P\u00c2N\u0102 LA 50% REDUCERE Azi! G\u0103se\u0219te-\u021bi rochia de vis ACUM!<\/p>","protected":false},"excerpt":{"rendered":"<p>Rochie ivoar din voal de matase cu buline tesute in culoare, elastic la bust, maneci 1\/3 si funde negre peste maneci.<\/p>\n<p>M\u0103rimea se potrive\u0219te de la 34FR la 38FR.<\/p>\n<p>#MadeinRomania<\/p>\n<p>#FabricatinRomania<\/p>\n<p>&nbsp;<\/p>","protected":false},"featured_media":12120,"template":"","meta":[],"product_brand":[],"product_cat":[97,99,141,104],"product_tag":[],"class_list":{"0":"post-12118","1":"product","2":"type-product","3":"status-publish","4":"has-post-thumbnail","6":"product_cat-i--parlor","7":"product_cat-dresses","8":"product_cat-new","9":"product_cat-sale","10":"pa_size-one-size","11":"pif-has-gallery","13":"first","14":"outofstock","15":"shipping-taxable","16":"purchasable","17":"product-type-variable"},"post_mailing_queue_ids":[],"_links":{"self":[{"href":"https:\/\/www.parlor.ro\/ro\/wp-json\/wp\/v2\/product\/12118","targetHints":{"allow":["GET"]}}],"collection":[{"href":"https:\/\/www.parlor.ro\/ro\/wp-json\/wp\/v2\/product"}],"about":[{"href":"https:\/\/www.parlor.ro\/ro\/wp-json\/wp\/v2\/types\/product"}],"wp:featuredmedia":[{"embeddable":true,"href":"https:\/\/www.parlor.ro\/ro\/wp-json\/wp\/v2\/media\/12120"}],"wp:attachment":[{"href":"https:\/\/www.parlor.ro\/ro\/wp-json\/wp\/v2\/media?parent=12118"}],"wp:term":[{"taxonomy":"product_brand","embeddable":true,"href":"https:\/\/www.parlor.ro\/ro\/wp-json\/wp\/v2\/product_brand?post=12118"},{"taxonomy":"product_cat","embeddable":true,"href":"https:\/\/www.parlor.ro\/ro\/wp-json\/wp\/v2\/product_cat?post=12118"},{"taxonomy":"product_tag","embeddable":true,"href":"https:\/\/www.parlor.ro\/ro\/wp-json\/wp\/v2\/product_tag?post=12118"}],"curies":[{"name":"wp","href":"https:\/\/api.w.org\/{rel}","templated":true}]}}