{"id":12334,"date":"2023-01-12T16:13:25","date_gmt":"2023-01-12T13:13:25","guid":{"rendered":"https:\/\/www.parlor.ro\/?post_type=product&#038;p=12334"},"modified":"2025-03-26T18:57:11","modified_gmt":"2025-03-26T15:57:11","slug":"rochie-de-fata-aurie-2","status":"publish","type":"product","link":"https:\/\/www.parlor.ro\/ro\/product\/golden-girl-dress-2\/","title":{"rendered":"ROCHIE GOLDEN GIRL"},"content":{"rendered":"<p>Rochie Golden Girl<\/p>\n<p>100% tafta din poliester<\/p>\n<p><strong>Sp\u0103lare delicat\u0103 la ma\u0219in\u0103<\/strong><\/p>\n<p>Acest produs este realizat din \u021bes\u0103turi furnizate de produc\u0103tori certifica\u021bi conform standardelor europene.<\/p>\n<p>Imprimeurile sunt realizate cu vopsea ecologic\u0103 OEKO-TEX\u00ae.<\/p>\n<p>Acest produs este testat \u00een atelierul nostru \u0219i nu prezint\u0103 riscuri pentru s\u0103n\u0103tate si siguran\u021ba consumatorului.<\/p>\n<p>&nbsp;<\/p>\n<hr style=\"color: #404040; height: 1px;\" \/>\n<p><b style=\"text-align: left; font-size: 1.8em;\" title=\"Rochie Golden Girl - Rochie Dam\u0103 Personalizat\u0103\"><b style=\"font-weight: normal;\">Rochie Golden Girl \u2013 Rochie Femei Personalizat\u0103<\/b><\/b><br \/>\n<b style=\"font-weight: normal !important;\">Rochie Golden Girl<\/b> \u2013 Rochie personalizat\u0103 pentru femei. Rochie midi cu presarat auriu, top stil corset, inchidere cu fermoar in spate. Pret uimitor azi! I Love Parlour | <a style=\"font-weight: normal !important;\" title=\"\u00cembr\u0103c\u0103minte pentru femei\" href=\"https:\/\/www.parlor.ro\/ro\/\">\u00cembr\u0103c\u0103minte pentru femei<\/a> &amp; <i style=\"font-style: normal !important;\">Moda pentru femei<\/i>. <strong style=\"font-weight: normal !important;\">Crea\u021biile Parlor<\/strong> de Veronica Zaharia. #ConsciousDesign este nucleul brandului nostru. El se traduce prin reinterpretarea celor mai bine v\u00e2ndute modele ale noastre, evit\u00e2nd astfel producerea de\u0219eurilor in exces. Cum arat\u0103 rochia ta de vis? R\u0103sfoie\u0219te <a style=\"font-weight: normal !important;\" title=\"Magazin online rochii dama\" href=\"https:\/\/www.parlor.ro\/ro\/magazin\/\">Magazin online rochii dama<\/a> \u0219i g\u0103se\u0219te-\u021bi rochia ACUM! Sau vizita\u021bi-ne <a style=\"font-weight: normal !important;\" title=\"Rochie de dama\" href=\"https:\/\/www.parlor.ro\/ro\/categorie-produs\/i-%e2%99%a5-salon\/rochii\/\">Rochie de dama<\/a> Showroom pentru a-ti gasi rochia visata \/ suna pentru programare 0747501974! Recomand\u0103ri de cump\u0103r\u0103turi pentru tine: <a style=\"font-weight: normal !important;\" title=\"Rochie Sunrise\" href=\"https:\/\/www.parlor.ro\/ro\/produs\/rochie-de-rasarit\/\">Rochie Sunrise<\/a>, Desire fusta argintie. P\u00c2N\u0102 LA 50% REDUCERE Azi!<\/p>","protected":false},"excerpt":{"rendered":"<p>Gold sprinkle midi dress, corset style top, zipper fastening in the back.<\/p>\n<div class=\"woocommerce-product-details__short-description\">\n<p>#MadeinRomania<\/p>\n<p>#FabricatinRomania<\/p>\n<p>We are happy to reveal our designs in our showroom \/ call for appointment 0747501974 .<\/p>\n<p>Model is 175 cm tall, 52kg and wearing size 36.<\/p>\n<\/div>\n<form class=\"variations_form cart wvs-loaded\" action=\"https:\/\/www.parlor.ro\/product\/joy-dress\/\" enctype=\"multipart\/form-data\" method=\"post\" data-product_id=\"12332\" data-product_variations=\"[{&quot;attributes&quot;:{&quot;attribute_pa_size&quot;:&quot;one-size&quot;},&quot;availability_html&quot;:&quot;&quot;,&quot;backorders_allowed&quot;:false,&quot;dimensions&quot;:{&quot;length&quot;:&quot;&quot;,&quot;width&quot;:&quot;&quot;,&quot;height&quot;:&quot;&quot;},&quot;dimensions_html&quot;:&quot;N\\\/A&quot;,&quot;display_price&quot;:1560,&quot;display_regular_price&quot;:1560,&quot;image&quot;:{&quot;title&quot;:&quot;Parlot_25.10.22_0113&quot;,&quot;caption&quot;:&quot;&quot;,&quot;url&quot;:&quot;https:\\\/\\\/www.parlor.ro\\\/wp-content\\\/uploads\\\/Parlot_25.10.22_0113.jpg&quot;,&quot;alt&quot;:&quot;&quot;,&quot;src&quot;:&quot;https:\\\/\\\/www.parlor.ro\\\/wp-content\\\/uploads\\\/Parlot_25.10.22_0113-600x900.jpg&quot;,&quot;srcset&quot;:&quot;https:\\\/\\\/www.parlor.ro\\\/wp-content\\\/uploads\\\/Parlot_25.10.22_0113-600x900.jpg 600w, https:\\\/\\\/www.parlor.ro\\\/wp-content\\\/uploads\\\/Parlot_25.10.22_0113-680x1020.jpg 680w, https:\\\/\\\/www.parlor.ro\\\/wp-content\\\/uploads\\\/Parlot_25.10.22_0113-683x1024.jpg 683w, https:\\\/\\\/www.parlor.ro\\\/wp-content\\\/uploads\\\/Parlot_25.10.22_0113-768x1152.jpg 768w, https:\\\/\\\/www.parlor.ro\\\/wp-content\\\/uploads\\\/Parlot_25.10.22_0113-1024x1536.jpg 1024w, https:\\\/\\\/www.parlor.ro\\\/wp-content\\\/uploads\\\/Parlot_25.10.22_0113-1366x2048.jpg 1366w, https:\\\/\\\/www.parlor.ro\\\/wp-content\\\/uploads\\\/Parlot_25.10.22_0113-300x450.jpg 300w, https:\\\/\\\/www.parlor.ro\\\/wp-content\\\/uploads\\\/Parlot_25.10.22_0113.jpg 1667w&quot;,&quot;sizes&quot;:&quot;(max-width: 600px) 100vw, 600px&quot;,&quot;full_src&quot;:&quot;https:\\\/\\\/www.parlor.ro\\\/wp-content\\\/uploads\\\/Parlot_25.10.22_0113.jpg&quot;,&quot;full_src_w&quot;:1667,&quot;full_src_h&quot;:2500,&quot;gallery_thumbnail_src&quot;:&quot;https:\\\/\\\/www.parlor.ro\\\/wp-content\\\/uploads\\\/Parlot_25.10.22_0113-100x100.jpg&quot;,&quot;gallery_thumbnail_src_w&quot;:100,&quot;gallery_thumbnail_src_h&quot;:100,&quot;thumb_src&quot;:&quot;https:\\\/\\\/www.parlor.ro\\\/wp-content\\\/uploads\\\/Parlot_25.10.22_0113-300x450.jpg&quot;,&quot;thumb_src_w&quot;:300,&quot;thumb_src_h&quot;:450,&quot;src_w&quot;:600,&quot;src_h&quot;:900},&quot;image_id&quot;:12342,&quot;is_downloadable&quot;:false,&quot;is_in_stock&quot;:true,&quot;is_purchasable&quot;:true,&quot;is_sold_individually&quot;:&quot;no&quot;,&quot;is_virtual&quot;:false,&quot;max_qty&quot;:&quot;&quot;,&quot;min_qty&quot;:1,&quot;price_html&quot;:&quot;&quot;,&quot;sku&quot;:&quot;&quot;,&quot;variation_description&quot;:&quot;&quot;,&quot;variation_id&quot;:12333,&quot;variation_is_active&quot;:true,&quot;variation_is_visible&quot;:true,&quot;weight&quot;:&quot;&quot;,&quot;weight_html&quot;:&quot;N\\\/A&quot;}]\">\n<div data-product_id=\"12332\" data-threshold_min=\"30\" data-threshold_max=\"100\" data-total=\"1\"><\/div>\n<\/form>\n","protected":false},"featured_media":12363,"template":"","meta":[],"product_brand":[],"product_cat":[97,99],"product_tag":[],"class_list":{"0":"post-12334","1":"product","2":"type-product","3":"status-publish","4":"has-post-thumbnail","6":"product_cat-i--parlor","7":"product_cat-dresses","8":"pa_size-74","9":"pa_size-75","10":"pif-has-gallery","12":"first","13":"outofstock","14":"shipping-taxable","15":"purchasable","16":"product-type-variable"},"post_mailing_queue_ids":[],"_links":{"self":[{"href":"https:\/\/www.parlor.ro\/ro\/wp-json\/wp\/v2\/product\/12334","targetHints":{"allow":["GET"]}}],"collection":[{"href":"https:\/\/www.parlor.ro\/ro\/wp-json\/wp\/v2\/product"}],"about":[{"href":"https:\/\/www.parlor.ro\/ro\/wp-json\/wp\/v2\/types\/product"}],"wp:featuredmedia":[{"embeddable":true,"href":"https:\/\/www.parlor.ro\/ro\/wp-json\/wp\/v2\/media\/12363"}],"wp:attachment":[{"href":"https:\/\/www.parlor.ro\/ro\/wp-json\/wp\/v2\/media?parent=12334"}],"wp:term":[{"taxonomy":"product_brand","embeddable":true,"href":"https:\/\/www.parlor.ro\/ro\/wp-json\/wp\/v2\/product_brand?post=12334"},{"taxonomy":"product_cat","embeddable":true,"href":"https:\/\/www.parlor.ro\/ro\/wp-json\/wp\/v2\/product_cat?post=12334"},{"taxonomy":"product_tag","embeddable":true,"href":"https:\/\/www.parlor.ro\/ro\/wp-json\/wp\/v2\/product_tag?post=12334"}],"curies":[{"name":"wp","href":"https:\/\/api.w.org\/{rel}","templated":true}]}}