{"id":12374,"date":"2022-11-02T20:08:23","date_gmt":"2022-11-02T17:08:23","guid":{"rendered":"https:\/\/www.parlor.ro\/?post_type=product&#038;p=12374"},"modified":"2025-10-30T14:55:14","modified_gmt":"2025-10-30T11:55:14","slug":"rochie-dulce-2","status":"publish","type":"product","link":"https:\/\/www.parlor.ro\/ro\/product\/sweet-dress-2\/","title":{"rendered":"ROCHIE SWEET"},"content":{"rendered":"<p>Rochie Sweet<\/p>\n<p>100% m\u0103tase<\/p>\n<p>C\u0103ptu\u0219eal\u0103 din viscoz\u0103 100%<\/p>\n<p><strong>Cur\u0103\u021bare uscat\u0103<\/strong><\/p>\n<p>Acest produs este realizat din \u021bes\u0103turi furnizate de produc\u0103tori certifica\u021bi conform standardelor europene.<\/p>\n<p>Imprimeurile sunt realizate cu vopsea ecologic\u0103 OEKO-TEX\u00ae.<\/p>\n<p>Acest produs este testat \u00een atelierul nostru \u0219i nu prezint\u0103 riscuri pentru s\u0103n\u0103tate si siguran\u021ba consumatorului.<\/p>\n<hr style=\"color: #404040; height: 1px;\" \/>\n<p><b style=\"text-align: left; font-size: 1.8em;\" title=\" \"><b style=\"font-weight: normal;\">Rochie Sweet \u2013 Rochii frumoase pentru femei<\/b><\/b><br \/>\n<b style=\"font-weight: normal !important;\">Rochie Sweet<\/b> \u2013 Frumos <i style=\"font-style: normal !important;\">Rochie de dama<\/i>. Rochie mini din voal mov cu buline, are maneci bufante, pliseuri realizate manual peste bust, terminatie cu voal. Este dublata si se inchide cu nasture la spate. I Love Parlor | \u00cembr\u0103c\u0103minte pentru femei \u0219i <a style=\"font-weight: normal !important;\" title=\"Moda pentru femei\" href=\"https:\/\/www.parlor.ro\/ro\/\">Moda pentru femei<\/a>. Design Parlor de <strong style=\"font-weight: normal !important;\">Veronica Zaharia<\/strong>. #ConsciousDesign este nucleul brandului nostru. El se traduce prin reinterpretarea celor mai bine v\u00e2ndute modele ale noastre, evit\u00e2nd astfel producerea de\u0219eurilor in exces. Rochiile noastre sunt atemporale, usor de purtat, potrivite at\u00e2t ziua c\u00e2t si seara . <a style=\"font-weight: normal !important;\" title=\"Cum arata rochia visurilor tale?\" href=\"https:\/\/www.parlor.ro\/ro\/categorie-produs\/i-%e2%99%a5-salon\/rochii\/\">Cum arata rochia visurilor tale?<\/a> R\u0103sfoi\u021bi produsele noastre pentru femei <a style=\"font-weight: normal !important;\" title=\"Viziteaza shop-ul nostru online\" href=\"https:\/\/www.parlor.ro\/ro\/magazin\/\">Viziteaza shop-ul nostru online<\/a> \u0219i g\u0103se\u0219te-\u021bi rochia ACUM! Sau vizita\u021bi showroom-ul nostru pentru a g\u0103si rochia de vis \/ sun\u0103 pentru programare 0747501974! Recomand\u0103ri de cump\u0103r\u0103turi pentru tine: <a style=\"font-weight: normal !important;\" title=\"Rochie Pink Crush\" href=\"https:\/\/www.parlor.ro\/ro\/produs\/rochie-roz-crush\/\">Rochie Pink Crush<\/a>, <a style=\"font-weight: normal !important;\" title=\"Salopet\u0103 Naughty\" href=\"https:\/\/www.parlor.ro\/ro\/produs\/naughty-jumpsuit\/\">Salopet\u0103 Naughty<\/a>. P\u00c2N\u0102 LA 50% REDUCERE Azi!<\/p>","protected":false},"excerpt":{"rendered":"<p>Rochie mini din voal mov cu buline, are maneci bufante, pliseuri realizate manual peste bust, terminatie cu voal. Este dublata si se inchide cu nasture la spate.<\/p>\n<p>#MADEin ROMANIA<\/p>\n<p>#FABRICATinROMANIA<\/p>\n<p>Suntem incantati sa v\u0103 dezv\u0103luim modelele noastre si \u00een showroom: suna\u021bi pentru programare 0747501974. <b>\u00a0<\/b><\/p>\n<p>Modelul are 175 cm \u00een\u0103l\u021bime, 52 kg \u0219i poart\u0103 m\u0103rimea 36.<\/p>","protected":false},"featured_media":12371,"template":"","meta":[],"product_brand":[],"product_cat":[97,99],"product_tag":[],"class_list":{"0":"post-12374","1":"product","2":"type-product","3":"status-publish","4":"has-post-thumbnail","6":"product_cat-i--parlor","7":"product_cat-dresses","8":"pa_size-124","9":"pa_size-74","10":"pa_size-75","11":"pif-has-gallery","13":"first","14":"outofstock","15":"shipping-taxable","16":"purchasable","17":"product-type-variable"},"post_mailing_queue_ids":[],"_links":{"self":[{"href":"https:\/\/www.parlor.ro\/ro\/wp-json\/wp\/v2\/product\/12374","targetHints":{"allow":["GET"]}}],"collection":[{"href":"https:\/\/www.parlor.ro\/ro\/wp-json\/wp\/v2\/product"}],"about":[{"href":"https:\/\/www.parlor.ro\/ro\/wp-json\/wp\/v2\/types\/product"}],"wp:featuredmedia":[{"embeddable":true,"href":"https:\/\/www.parlor.ro\/ro\/wp-json\/wp\/v2\/media\/12371"}],"wp:attachment":[{"href":"https:\/\/www.parlor.ro\/ro\/wp-json\/wp\/v2\/media?parent=12374"}],"wp:term":[{"taxonomy":"product_brand","embeddable":true,"href":"https:\/\/www.parlor.ro\/ro\/wp-json\/wp\/v2\/product_brand?post=12374"},{"taxonomy":"product_cat","embeddable":true,"href":"https:\/\/www.parlor.ro\/ro\/wp-json\/wp\/v2\/product_cat?post=12374"},{"taxonomy":"product_tag","embeddable":true,"href":"https:\/\/www.parlor.ro\/ro\/wp-json\/wp\/v2\/product_tag?post=12374"}],"curies":[{"name":"wp","href":"https:\/\/api.w.org\/{rel}","templated":true}]}}