{"id":12443,"date":"2023-01-12T17:23:45","date_gmt":"2023-01-12T14:23:45","guid":{"rendered":"https:\/\/www.parlor.ro\/?post_type=product&#038;p=12443"},"modified":"2025-03-26T19:05:43","modified_gmt":"2025-03-26T16:05:43","slug":"rochie-sper-3","status":"publish","type":"product","link":"https:\/\/www.parlor.ro\/ro\/product\/hope-dress-3\/","title":{"rendered":"ROCHIE HOPE"},"content":{"rendered":"<p>Rochie Hope<\/p>\n<p>Marimea se potriveste de la 36 la 40<\/p>\n<p>100% crep de m\u0103tase<\/p>\n<p><strong>Cur\u0103\u021bare uscat\u0103<\/strong><\/p>\n<p>Acest produs este realizat din \u021bes\u0103turi furnizate de produc\u0103tori certifica\u021bi conform standardelor europene.<\/p>\n<p>Imprimeurile sunt realizate cu vopsea ecologic\u0103 OEKO-TEX\u00ae.<\/p>\n<p>Acest produs este testat \u00een atelierul nostru \u0219i nu prezint\u0103 riscuri pentru s\u0103n\u0103tate si siguran\u021ba consumatorului.<\/p>\n<hr style=\"color: #404040; height: 1px;\" \/>\n<p><b style=\"text-align: left; font-size: 1.8em;\" title=\"Rochie Hope - Rochie pentru femei Parlor\"><b style=\"font-weight: normal;\">Rochie Hope \u2013 Rochie de dam\u0103 de salon<\/b><\/b><br \/>\nRochie Hope - <b style=\"font-weight: normal !important;\">Rochie Parlor<\/b> \u2013 Rochie midi, verde, cu spate gol si maneci ample, elastic la maneci si la spate, are tiv asimetric si crapaturi laterale.# Made in Romania | # Fabricat \u00een Rom\u00e2nia | I Love Parlor | <i style=\"font-style: normal !important;\">\u00cembr\u0103c\u0103minte pentru femei<\/i> &amp; <a style=\"font-weight: normal !important;\" title=\"Moda pentru femei\" href=\"https:\/\/www.parlor.ro\/ro\/\">Moda pentru femei<\/a>. <strong style=\"font-weight: normal !important;\">Crea\u021biile Parlor<\/strong> sunt cel mai simplu mod de a-\u021bi inveseli look-ul de zi cu zi. Rochiile noastre sunt atemporale, usor de purtat, potrivite at\u00e2t ziua c\u00e2t si seara . <a style=\"font-weight: normal !important;\" title=\"Rochiile Parlor\" href=\"https:\/\/www.parlor.ro\/ro\/categorie-produs\/i-%e2%99%a5-salon\/rochii\/\">Rochiile<\/a> <a style=\"font-weight: normal !important;\" title=\"Magazin de rochii\" href=\"https:\/\/www.parlor.ro\/ro\/magazin\/\">aici<\/a> (funduri, rochii, jachete, salopete, topuri) \u0219i g\u0103se\u0219te-\u021bi rochia ACUM! Sau vizita\u021bi showroom-ul nostru pentru a g\u0103si rochia de vis \/ sun\u0103 pentru programare 0747501974! Recomand\u0103ri de cump\u0103r\u0103turi pentru tine: <a style=\"font-weight: normal !important;\" title=\"Rochie Happy\" href=\"https:\/\/www.parlor.ro\/ro\/produs\/rochie-fericita\/\">Rochie Happy<\/a>, <a style=\"font-weight: normal !important;\" title=\"Rochie Peace\" href=\"https:\/\/www.parlor.ro\/ro\/produs\/rochie-de-pace\/\">Rochie Peace<\/a>. P\u00c2N\u0102 LA 50% REDUCERE Azi!<\/p>","protected":false},"excerpt":{"rendered":"<div class=\"woocommerce-product-details__short-description\">\n<div><\/div>\n<div>HOPE \u00a0dress \u00a0is as simple as she is complex. \u00a0Take her for a walk in the city, the park or even at the beach. You will never look back.<\/div>\n<p>#MadeinRomania<\/p>\n<p>#FabricatinRomania<\/p>\n<p>We are happy to reveal our designs in our showroom \/ call for appointment 0747501974 .<\/p>\n<p>Model is 175 cm tall, 52kg and wearing OS.<\/p>\n<\/div>\n<form class=\"variations_form cart wvs-loaded\" action=\"https:\/\/www.parlor.ro\/product\/crush-dress-2\/\" enctype=\"multipart\/form-data\" method=\"post\" data-product_id=\"12437\" data-product_variations=\"[{&quot;attributes&quot;:{&quot;attribute_pa_size&quot;:&quot;one-size&quot;},&quot;availability_html&quot;:&quot;&quot;,&quot;backorders_allowed&quot;:false,&quot;dimensions&quot;:{&quot;length&quot;:&quot;&quot;,&quot;width&quot;:&quot;&quot;,&quot;height&quot;:&quot;&quot;},&quot;dimensions_html&quot;:&quot;N\\\/A&quot;,&quot;display_price&quot;:1320,&quot;display_regular_price&quot;:1320,&quot;image&quot;:{&quot;title&quot;:&quot;Parlot_25.10.22_0605&quot;,&quot;caption&quot;:&quot;&quot;,&quot;url&quot;:&quot;https:\\\/\\\/www.parlor.ro\\\/wp-content\\\/uploads\\\/Parlot_25.10.22_0605.jpg&quot;,&quot;alt&quot;:&quot;&quot;,&quot;src&quot;:&quot;https:\\\/\\\/www.parlor.ro\\\/wp-content\\\/uploads\\\/Parlot_25.10.22_0605-600x900.jpg&quot;,&quot;srcset&quot;:&quot;https:\\\/\\\/www.parlor.ro\\\/wp-content\\\/uploads\\\/Parlot_25.10.22_0605-600x900.jpg 600w, https:\\\/\\\/www.parlor.ro\\\/wp-content\\\/uploads\\\/Parlot_25.10.22_0605-680x1020.jpg 680w, https:\\\/\\\/www.parlor.ro\\\/wp-content\\\/uploads\\\/Parlot_25.10.22_0605-683x1024.jpg 683w, https:\\\/\\\/www.parlor.ro\\\/wp-content\\\/uploads\\\/Parlot_25.10.22_0605-768x1152.jpg 768w, https:\\\/\\\/www.parlor.ro\\\/wp-content\\\/uploads\\\/Parlot_25.10.22_0605-1024x1536.jpg 1024w, https:\\\/\\\/www.parlor.ro\\\/wp-content\\\/uploads\\\/Parlot_25.10.22_0605-1366x2048.jpg 1366w, https:\\\/\\\/www.parlor.ro\\\/wp-content\\\/uploads\\\/Parlot_25.10.22_0605-300x450.jpg 300w, https:\\\/\\\/www.parlor.ro\\\/wp-content\\\/uploads\\\/Parlot_25.10.22_0605.jpg 1667w&quot;,&quot;sizes&quot;:&quot;(max-width: 600px) 100vw, 600px&quot;,&quot;full_src&quot;:&quot;https:\\\/\\\/www.parlor.ro\\\/wp-content\\\/uploads\\\/Parlot_25.10.22_0605.jpg&quot;,&quot;full_src_w&quot;:1667,&quot;full_src_h&quot;:2500,&quot;gallery_thumbnail_src&quot;:&quot;https:\\\/\\\/www.parlor.ro\\\/wp-content\\\/uploads\\\/Parlot_25.10.22_0605-100x100.jpg&quot;,&quot;gallery_thumbnail_src_w&quot;:100,&quot;gallery_thumbnail_src_h&quot;:100,&quot;thumb_src&quot;:&quot;https:\\\/\\\/www.parlor.ro\\\/wp-content\\\/uploads\\\/Parlot_25.10.22_0605-300x450.jpg&quot;,&quot;thumb_src_w&quot;:300,&quot;thumb_src_h&quot;:450,&quot;src_w&quot;:600,&quot;src_h&quot;:900},&quot;image_id&quot;:12367,&quot;is_downloadable&quot;:false,&quot;is_in_stock&quot;:true,&quot;is_purchasable&quot;:true,&quot;is_sold_individually&quot;:&quot;no&quot;,&quot;is_virtual&quot;:false,&quot;max_qty&quot;:&quot;&quot;,&quot;min_qty&quot;:1,&quot;price_html&quot;:&quot;&quot;,&quot;sku&quot;:&quot;&quot;,&quot;variation_description&quot;:&quot;&quot;,&quot;variation_id&quot;:12438,&quot;variation_is_active&quot;:true,&quot;variation_is_visible&quot;:true,&quot;weight&quot;:&quot;&quot;,&quot;weight_html&quot;:&quot;N\\\/A&quot;}]\">\n<div data-product_id=\"12437\" data-threshold_min=\"30\" data-threshold_max=\"100\" data-total=\"1\"><\/div>\n<\/form>\n","protected":false},"featured_media":12352,"template":"","meta":[],"product_brand":[],"product_cat":[97,99,141],"product_tag":[],"class_list":{"0":"post-12443","1":"product","2":"type-product","3":"status-publish","4":"has-post-thumbnail","6":"product_cat-i--parlor","7":"product_cat-dresses","8":"product_cat-new","9":"pa_size-one-size","10":"pif-has-gallery","12":"first","13":"outofstock","14":"shipping-taxable","15":"purchasable","16":"product-type-variable"},"post_mailing_queue_ids":[],"_links":{"self":[{"href":"https:\/\/www.parlor.ro\/ro\/wp-json\/wp\/v2\/product\/12443","targetHints":{"allow":["GET"]}}],"collection":[{"href":"https:\/\/www.parlor.ro\/ro\/wp-json\/wp\/v2\/product"}],"about":[{"href":"https:\/\/www.parlor.ro\/ro\/wp-json\/wp\/v2\/types\/product"}],"wp:featuredmedia":[{"embeddable":true,"href":"https:\/\/www.parlor.ro\/ro\/wp-json\/wp\/v2\/media\/12352"}],"wp:attachment":[{"href":"https:\/\/www.parlor.ro\/ro\/wp-json\/wp\/v2\/media?parent=12443"}],"wp:term":[{"taxonomy":"product_brand","embeddable":true,"href":"https:\/\/www.parlor.ro\/ro\/wp-json\/wp\/v2\/product_brand?post=12443"},{"taxonomy":"product_cat","embeddable":true,"href":"https:\/\/www.parlor.ro\/ro\/wp-json\/wp\/v2\/product_cat?post=12443"},{"taxonomy":"product_tag","embeddable":true,"href":"https:\/\/www.parlor.ro\/ro\/wp-json\/wp\/v2\/product_tag?post=12443"}],"curies":[{"name":"wp","href":"https:\/\/api.w.org\/{rel}","templated":true}]}}