{"id":12502,"date":"2023-03-23T15:05:54","date_gmt":"2023-03-23T12:05:54","guid":{"rendered":"https:\/\/www.parlor.ro\/?post_type=product&#038;p=12502"},"modified":"2025-07-17T19:36:08","modified_gmt":"2025-07-17T16:36:08","slug":"rochie-stralucitoare-de-dimineata","status":"publish","type":"product","link":"https:\/\/www.parlor.ro\/ro\/product\/morning-glow-dress\/","title":{"rendered":"Rochie Morning Glow"},"content":{"rendered":"<p>Rochie Morning Glow<\/p>\n<p>100% poliester deadstock<\/p>\n<p>Imprimare OEKO-TEX\u00ae Standard 100<\/p>\n<p><strong>Sp\u0103lare delicat\u0103 la ma\u0219in\u0103<\/strong><\/p>\n<p>Acest produs este realizat din \u021bes\u0103turi furnizate de produc\u0103tori certifica\u021bi conform standardelor europene.<\/p>\n<p>Imprimeurile sunt realizate cu vopsea ecologic\u0103 OEKO-TEX\u00ae.<\/p>\n<p>Acest produs este testat \u00een atelierul nostru \u0219i nu prezint\u0103 riscuri pentru s\u0103n\u0103tate si siguran\u021ba consumatorului.<\/p>\n<hr style=\"color:#404040; height: 1px;\" \/>\n<p><b style=\"text-align: left; font-size:1.8em;\" title=\"Rochie Morning Glow - Rochie romantic\u0103 pentru femei\" name=\"Morning Glow Dress - Romantic Women's Dress\"><b style=\"font-weight: normal;\">Rochie Morning Glow \u2013 Rochie romantic\u0103 pentru femei<\/b><\/b><br \/>\n<b style=\"font-weight: normal !important;\">Rochie Morning Glow<\/b> &#8211; <strong style=\"font-weight: normal !important;\">Rochie romantic\u0103 pentru femei<\/strong>M\u00e2neci bufante, detalii din latex, rochie cu spatele deschis. I Love Parlor | \u00cembr\u0103c\u0103minte \u0219i mod\u0103 pentru femei. <a style=\"font-weight: normal !important;\" title=\"Crea\u021biile Parlor\" href=\"https:\/\/www.parlor.ro\/ro\/\">Parlor<\/a> Design de <i style=\"font-style: normal !important;\">Veronica Zaharia<\/i>Designul con\u0219tiincios este nucleul brandului nostru. Se traduce prin reinterpretarea articolelor noastre cele mai bine v\u00e2ndute cu un consum minim de resurse. Rochiile noastre atrage toate privirile, sunt cool \u0219i pot fi purtate instantaneu de la o zi la alta. Vrei s\u0103 afli mai multe? Cum arat\u0103 rochia visurilor tale? R\u0103sfoie\u0219te rochiile noastre pentru femei. <a style=\"font-weight: normal !important;\" title=\"Magazin romantic\" href=\"https:\/\/www.parlor.ro\/ro\/magazin\/\">Parlor Shop<\/a>) (partea de jos, <a style=\"font-weight: normal !important;\" title=\"Rochii romantice\" href=\"https:\/\/www.parlor.ro\/ro\/categorie-produs\/i-%e2%99%a5-salon\/rochii\/\">rochii<\/a>, jachete, salopet\u0103, topuri) \u0219i g\u0103se\u0219te-\u021bi rochia ACUM! Sau vizita\u021bi showroom-ul nostru pentru a v\u0103 g\u0103si rochia perfect\u0103 \/ suna\u021bi pentru programare la 0747501974! Recomand\u0103ri de cump\u0103r\u0103turi pentru tine: <a style=\"font-weight: normal !important;\" title=\"ROCHIE HOPE\" href=\"https:\/\/www.parlor.ro\/ro\/produs\/rochie-sper-3\/\">ROCHIE HOPE<\/a>, <a style=\"font-weight: normal !important;\" title=\"ROCHIE HAPPY\" href=\"https:\/\/www.parlor.ro\/ro\/produs\/rochie-fericita\/\">ROCHIE HAPPY<\/a>. P\u00c2N\u0102 LA 50% REDUCERE Azi! <\/p>","protected":false},"excerpt":{"rendered":"<p>&nbsp;<\/p>\n<p>Rochie midi din tesatura verde, imprimata cu inimi rosii, cu maneca scurta, volan la tiv si guler, detalii din piele ecologica neagra lacuita, se inchide la spate cu nasturi.<\/p>\n<p>#MadeinRomania<\/p>\n<p>#FabricatinRomania<\/p>\n<p>Suntem incantati sa v\u0103 dezv\u0103luim modelele noastre si \u00een showroom: suna\u021bi pentru programare 0747501974.<\/p>\n<div>\n<p>Modelul are 175 cm \u00een\u0103l\u021bime, 52 kg \u0219i poart\u0103 m\u0103rimea 36.<\/p>\n<\/div>","protected":false},"featured_media":12634,"template":"","meta":[],"product_brand":[],"product_cat":[97,99,141],"product_tag":[],"class_list":{"0":"post-12502","1":"product","2":"type-product","3":"status-publish","4":"has-post-thumbnail","6":"product_cat-i--parlor","7":"product_cat-dresses","8":"product_cat-new","9":"pa_size-124","10":"pa_size-74","11":"pa_size-75","12":"pif-has-gallery","14":"first","15":"outofstock","16":"shipping-taxable","17":"purchasable","18":"product-type-variable"},"post_mailing_queue_ids":[],"_links":{"self":[{"href":"https:\/\/www.parlor.ro\/ro\/wp-json\/wp\/v2\/product\/12502","targetHints":{"allow":["GET"]}}],"collection":[{"href":"https:\/\/www.parlor.ro\/ro\/wp-json\/wp\/v2\/product"}],"about":[{"href":"https:\/\/www.parlor.ro\/ro\/wp-json\/wp\/v2\/types\/product"}],"wp:featuredmedia":[{"embeddable":true,"href":"https:\/\/www.parlor.ro\/ro\/wp-json\/wp\/v2\/media\/12634"}],"wp:attachment":[{"href":"https:\/\/www.parlor.ro\/ro\/wp-json\/wp\/v2\/media?parent=12502"}],"wp:term":[{"taxonomy":"product_brand","embeddable":true,"href":"https:\/\/www.parlor.ro\/ro\/wp-json\/wp\/v2\/product_brand?post=12502"},{"taxonomy":"product_cat","embeddable":true,"href":"https:\/\/www.parlor.ro\/ro\/wp-json\/wp\/v2\/product_cat?post=12502"},{"taxonomy":"product_tag","embeddable":true,"href":"https:\/\/www.parlor.ro\/ro\/wp-json\/wp\/v2\/product_tag?post=12502"}],"curies":[{"name":"wp","href":"https:\/\/api.w.org\/{rel}","templated":true}]}}