{"id":12629,"date":"2023-04-05T16:03:41","date_gmt":"2023-04-05T13:03:41","guid":{"rendered":"https:\/\/www.parlor.ro\/?post_type=product&#038;p=12629"},"modified":"2025-03-27T14:53:48","modified_gmt":"2025-03-27T11:53:48","slug":"rochie-de-rasarit","status":"publish","type":"product","link":"https:\/\/www.parlor.ro\/ro\/product\/sunrise-dress\/","title":{"rendered":"Rochie Sunrise"},"content":{"rendered":"<p><iframe loading=\"lazy\" title=\"ROCHIE DE R\u0102S\u0102RIT\" width=\"640\" height=\"360\" src=\"https:\/\/www.youtube.com\/embed\/SgzMSzAw8jk?feature=oembed\" frameborder=\"0\" allow=\"accelerometer; autoplay; clipboard-write; encrypted-media; gyroscope; picture-in-picture; web-share\" referrerpolicy=\"strict-origin-when-cross-origin\" allowfullscreen><\/iframe><\/p>\n<p>&nbsp;<\/p>\n<p>Rochie Sunrise<\/p>\n<p>100% poliester deadstock<\/p>\n<p>Imprimare OEKO-TEX\u00ae Standard 100<\/p>\n<p><strong>Sp\u0103lare delicat\u0103 la ma\u0219in\u0103<\/strong><\/p>\n<p>Acest produs este realizat din \u021bes\u0103turi furnizate de produc\u0103tori certifica\u021bi conform standardelor europene.<\/p>\n<p>Imprimeurile sunt realizate cu vopsea ecologic\u0103 OEKO-TEX\u00ae.<\/p>\n<p>Acest produs este testat \u00een atelierul nostru \u0219i nu prezint\u0103 riscuri pentru s\u0103n\u0103tate si siguran\u021ba consumatorului.<\/p>\n<hr style=\"color: #404040; height: 1px;\" \/>\n<p><b style=\"text-align: left; font-size: 1.8em;\" title=\"Rochie Sunrise - Rochie personalizat\u0103 pentru femei\"><b style=\"font-weight: normal;\">Rochie Sunrise \u2013 Rochie personalizat\u0103 pentru femei<\/b><\/b><br \/>\n<b style=\"font-weight: normal !important;\">Rochie Sunrise<\/b> &#8211; <i style=\"font-style: normal !important;\">Rochie personalizat\u0103 pentru femei<\/i>. Volane din latex urm\u0103resc zona m\u00e2necilor, fust\u0103 voluminoas\u0103 cu etaje, din poliester mort. Pret uimitor azi! I Love Parlour | <strong style=\"font-weight: normal !important;\">\u00cembr\u0103c\u0103minte pentru femei<\/strong> &amp; Femei <a style=\"font-weight: normal !important;\" title=\"Moda pentru femei\" href=\"https:\/\/www.parlor.ro\/ro\/\">pentru femei<\/a>. Design Parlor de Veronica Zaharia. #ConsciousDesign este nucleul brandului nostru. El se traduce prin reinterpretarea celor mai bine v\u00e2ndute modele ale noastre, evit\u00e2nd astfel producerea de\u0219eurilor in exces. Cum arat\u0103 rochia ta de vis? R\u0103sfoieste <a style=\"font-weight: normal !important;\" title=\"Rochii de dama\" href=\"https:\/\/www.parlor.ro\/ro\/categorie-produs\/i-%e2%99%a5-salon\/rochii\/\">Rochii de dama<\/a> <a style=\"font-weight: normal !important;\" title=\"Parlor\" href=\"https:\/\/www.parlor.ro\/ro\/magazin\/\">aici<\/a> \u0219i g\u0103se\u0219te-\u021bi rochia ACUM! Sau vizita\u021bi showroom-ul nostru pentru a g\u0103si rochia de vis \/ sun\u0103 pentru programare 0747501974! Recomand\u0103ri de cump\u0103r\u0103turi pentru tine: <a style=\"font-weight: normal !important;\" title=\"Rochie Black Cherry\" href=\"https:\/\/www.parlor.ro\/ro\/produs\/rochie-ciresa-neagra\/\">Rochie Black Cherry<\/a>, <a style=\"font-weight: normal !important;\" title=\"Rochie regal\u0103\" href=\"https:\/\/www.parlor.ro\/ro\/produs\/rochie-regala\/\">Rochie regal\u0103<\/a>. P\u00c2N\u0102 LA 50% REDUCERE Azi!<\/p>","protected":false},"excerpt":{"rendered":"<p>Rochie din poliester cu imprimeu roz cu flori ro\u0219ii, realizata din volane, cu detalii de piele ecologica, se inchide cu nasture la spate.<\/p>\n<p>#MadeinRomania<\/p>\n<p>#FabricatinRomania<\/p>\n<p>Suntem incantati sa v\u0103 dezv\u0103luim modelele noastre si \u00een showroom: suna\u021bi pentru programare 0747501974.<\/p>\n<p>&nbsp;<\/p>\n<p>&nbsp;<\/p>","protected":false},"featured_media":12617,"template":"","meta":[],"product_brand":[],"product_cat":[97,99],"product_tag":[],"class_list":{"0":"post-12629","1":"product","2":"type-product","3":"status-publish","4":"has-post-thumbnail","6":"product_cat-i--parlor","7":"product_cat-dresses","8":"pa_size-124","9":"pa_size-74","10":"pa_size-75","11":"pif-has-gallery","13":"first","14":"outofstock","15":"shipping-taxable","16":"purchasable","17":"product-type-variable"},"post_mailing_queue_ids":[],"_links":{"self":[{"href":"https:\/\/www.parlor.ro\/ro\/wp-json\/wp\/v2\/product\/12629","targetHints":{"allow":["GET"]}}],"collection":[{"href":"https:\/\/www.parlor.ro\/ro\/wp-json\/wp\/v2\/product"}],"about":[{"href":"https:\/\/www.parlor.ro\/ro\/wp-json\/wp\/v2\/types\/product"}],"wp:featuredmedia":[{"embeddable":true,"href":"https:\/\/www.parlor.ro\/ro\/wp-json\/wp\/v2\/media\/12617"}],"wp:attachment":[{"href":"https:\/\/www.parlor.ro\/ro\/wp-json\/wp\/v2\/media?parent=12629"}],"wp:term":[{"taxonomy":"product_brand","embeddable":true,"href":"https:\/\/www.parlor.ro\/ro\/wp-json\/wp\/v2\/product_brand?post=12629"},{"taxonomy":"product_cat","embeddable":true,"href":"https:\/\/www.parlor.ro\/ro\/wp-json\/wp\/v2\/product_cat?post=12629"},{"taxonomy":"product_tag","embeddable":true,"href":"https:\/\/www.parlor.ro\/ro\/wp-json\/wp\/v2\/product_tag?post=12629"}],"curies":[{"name":"wp","href":"https:\/\/api.w.org\/{rel}","templated":true}]}}