{"id":12630,"date":"2023-03-23T16:52:33","date_gmt":"2023-03-23T13:52:33","guid":{"rendered":"https:\/\/www.parlor.ro\/?post_type=product&#038;p=12630"},"modified":"2025-07-17T19:30:00","modified_gmt":"2025-07-17T16:30:00","slug":"rochie-de-praf-de-zana","status":"publish","type":"product","link":"https:\/\/www.parlor.ro\/ro\/product\/fairy-dust-dress\/","title":{"rendered":"Rochie Fairy Dust"},"content":{"rendered":"<p>Rochie Fairy Dust<\/p>\n<p>100% poliester deadstock<\/p>\n<p>Imprimare OEKO-TEX\u00ae Standard 100<\/p>\n<p><strong>Sp\u0103lare delicat\u0103 la ma\u0219in\u0103<\/strong><\/p>\n<p>Acest produs este realizat din \u021bes\u0103turi furnizate de produc\u0103tori certifica\u021bi conform standardelor europene.<\/p>\n<p>Imprimeurile sunt realizate cu vopsea ecologic\u0103 OEKO-TEX\u00ae.<\/p>\n<p>Acest produs este testat \u00een atelierul nostru \u0219i nu prezint\u0103 riscuri pentru s\u0103n\u0103tate si siguran\u021ba consumatorului.<\/p>\n<hr style=\"color:#404040; height: 1px;\" \/>\n<p><b style=\"text-align: left; font-size:1.8em;\" title=\"Rochie Fairy Dust - Rochie de designer pentru femei\" name=\"Fairy Dust Dress - Designer Women's Dress\"><b style=\"font-weight: normal;\">Rochie Fairy Dust \u2013 Rochie de designer pentru femei<\/b><\/b><br \/>\n<b style=\"font-weight: normal !important;\">Rochie Fairy Dust<\/b> &#8211; <strong style=\"font-weight: normal !important;\">Rochie de designer pentru femei<\/strong>Accentueaz\u0103 atmosfera retro cu rochia Fairy Dust. <i style=\"font-style: normal !important;\">I \u2665 Parlor<\/i> | \u00cembr\u0103c\u0103minte pentru femei \u0219i mod\u0103 pentru femei. <a style=\"font-weight: normal !important;\" title=\"Crea\u021biile Parlor\" href=\"https:\/\/www.parlor.ro\/ro\/\">Crea\u021biile Parlor<\/a> de Veronica Zaharia. #ConsciousDesign este nucleul brandului nostru. El se traduce prin reinterpretarea celor mai bine v\u00e2ndute modele ale noastre, evit\u00e2nd astfel producerea de\u0219eurilor in exces. Rochiile noastre sunt atemporale, usor de purtat, potrivite at\u00e2t ziua c\u00e2t si seara. Cum arat\u0103 rochia ta de vis? R\u0103sfoi\u021bi crea\u021biile noastre pentru femei <a style=\"font-weight: normal !important;\" title=\"Magazin de designeri\" href=\"https:\/\/www.parlor.ro\/ro\/magazin\/\">Parlor Shop<\/a>) (partea de jos, <a style=\"font-weight: normal !important;\" title=\"Rochiile noastre\" href=\"https:\/\/www.parlor.ro\/ro\/categorie-produs\/i-%e2%99%a5-salon\/rochii\/\">rochii<\/a>, jachete, salopet\u0103, topuri) \u0219i g\u0103se\u0219te-\u021bi rochia ACUM! Sau vizita\u021bi showroom-ul nostru pentru a v\u0103 g\u0103si rochia perfect\u0103 \/ suna\u021bi pentru programare la 0747501974! Recomand\u0103ri de cump\u0103r\u0103turi pentru tine: <a style=\"font-weight: normal !important;\" title=\"Rochie Morning Glow\" href=\"https:\/\/www.parlor.ro\/ro\/produs\/rochie-stralucitoare-de-dimineata\/\">Rochie Morning Glow <\/a>, <a style=\"font-weight: normal !important;\" title=\"ROCHIE HOPE\" href=\"https:\/\/www.parlor.ro\/ro\/produs\/rochie-sper-3\/\">ROCHIE HOPE<\/a>. Reduceri uimitoare! P\u00c2N\u0102 LA 50% REDUCERE Azi! <\/p>","protected":false},"excerpt":{"rendered":"<p>&nbsp;<\/p>\n<p>Rochie mini din tesatura roz cu print floral rosu, are guler rotund alb cu buline rosii, maneci bufante reglabile din snur si inchidere la spate cu nasturi.<\/p>\n<p>#MadeinRomania<\/p>\n<p>#FabricatinRomania<\/p>\n<p>Suntem incantati sa v\u0103 dezv\u0103luim modelele noastre si \u00een showroom: suna\u021bi pentru programare 0747501974.<\/p>\n<p>Modelul are 175 cm \u00een\u0103l\u021bime, 52 kg \u0219i poart\u0103 m\u0103rimea 36.<\/p>\n<p>&nbsp;<\/p>","protected":false},"featured_media":12628,"template":"","meta":[],"product_brand":[],"product_cat":[99,97],"product_tag":[],"class_list":{"0":"post-12630","1":"product","2":"type-product","3":"status-publish","4":"has-post-thumbnail","6":"product_cat-dresses","7":"product_cat-i--parlor","8":"pa_size-124","9":"pa_size-74","10":"pa_size-75","11":"pif-has-gallery","13":"first","14":"outofstock","15":"shipping-taxable","16":"purchasable","17":"product-type-variable"},"post_mailing_queue_ids":[],"_links":{"self":[{"href":"https:\/\/www.parlor.ro\/ro\/wp-json\/wp\/v2\/product\/12630","targetHints":{"allow":["GET"]}}],"collection":[{"href":"https:\/\/www.parlor.ro\/ro\/wp-json\/wp\/v2\/product"}],"about":[{"href":"https:\/\/www.parlor.ro\/ro\/wp-json\/wp\/v2\/types\/product"}],"wp:featuredmedia":[{"embeddable":true,"href":"https:\/\/www.parlor.ro\/ro\/wp-json\/wp\/v2\/media\/12628"}],"wp:attachment":[{"href":"https:\/\/www.parlor.ro\/ro\/wp-json\/wp\/v2\/media?parent=12630"}],"wp:term":[{"taxonomy":"product_brand","embeddable":true,"href":"https:\/\/www.parlor.ro\/ro\/wp-json\/wp\/v2\/product_brand?post=12630"},{"taxonomy":"product_cat","embeddable":true,"href":"https:\/\/www.parlor.ro\/ro\/wp-json\/wp\/v2\/product_cat?post=12630"},{"taxonomy":"product_tag","embeddable":true,"href":"https:\/\/www.parlor.ro\/ro\/wp-json\/wp\/v2\/product_tag?post=12630"}],"curies":[{"name":"wp","href":"https:\/\/api.w.org\/{rel}","templated":true}]}}