{"id":12673,"date":"2023-03-27T15:50:21","date_gmt":"2023-03-27T12:50:21","guid":{"rendered":"https:\/\/www.parlor.ro\/?post_type=product&#038;p=12673"},"modified":"2025-03-26T19:12:41","modified_gmt":"2025-03-26T16:12:41","slug":"prodigy-top-alb","status":"publish","type":"product","link":"https:\/\/www.parlor.ro\/ro\/product\/prodigy-top-white\/","title":{"rendered":"PRODIGY TOP WHITE"},"content":{"rendered":"<p>PRODIGY TOP WHITE<\/p>\n<p>100% bumbac organic<\/p>\n<p>100% organza de m\u0103tase, tul din poliester 100%<\/p>\n<p>M\u0103rime unic\u0103 \u2013 se lucreaz\u0103 pentru o m\u0103rime supradimensionat\u0103 de la 34 la un 38 liber.<\/p>\n<p>Cur\u0103\u021bare uscat\u0103<\/p>\n<hr style=\"color: #404040; height: 1px;\" \/>\n<p><b style=\"text-align: left; font-size: 1.8em;\" title=\"PRODIGY TOP WHITE - Topuri elegante pentru femei\"><b style=\"font-weight: normal;\">PRODIGY TOP WHITE \u2013 Topuri elegante pentru femei<\/b><\/b><br \/>\n<b style=\"font-weight: normal !important;\">PRODIGY TOP WHITE<\/b> &#8211; <i style=\"font-style: normal !important;\">Topuri elegante pentru femei<\/i>. Tricoul dramatic Prodigy vine \u00eentr-o form\u0103 relaxat\u0103, care este aplicat\u0103 cu straturi de volane pe o parte. I Love Parlour | \u00cembr\u0103c\u0103minte pentru femei \u0219i mod\u0103 pentru femei. <strong style=\"font-weight: normal !important;\">Crea\u021biile Parlor<\/strong> de <a style=\"font-weight: normal !important;\" title=\"Veronica Zaharia\" href=\"https:\/\/www.parlor.ro\/ro\/\">Veronica Zaharia<\/a>. #ConsciousDesign este nucleul brandului nostru. El se traduce prin reinterpretarea celor mai bine v\u00e2ndute modele ale noastre, evit\u00e2nd astfel producerea de\u0219eurilor in exces. Rochiile noastre sunt atemporale, usor de purtat, potrivite at\u00e2t ziua c\u00e2t si seara. Cum arat\u0103 rochia ta de vis? R\u0103sfoi\u021bi <a style=\"font-weight: normal !important;\" title=\"Magazin pentru femei\" href=\"https:\/\/www.parlor.ro\/ro\/magazin\/\">Parlor<\/a> Magazin de rochii (pantaloni, rochii, jachete, salopete, <a style=\"font-weight: normal !important;\" title=\"topuri stilate\" href=\"https:\/\/www.parlor.ro\/ro\/categorie-produs\/i-%e2%99%a5-salon\/varfuri\/\">topuri<\/a>) \u0219i g\u0103se\u0219te-\u021bi rochia ACUM! Sau vizita\u021bi showroom-ul nostru pentru a v\u0103 g\u0103si rochia perfect\u0103 \/ suna\u021bi pentru programare la 0747501974! Recomand\u0103ri de cump\u0103r\u0103turi pentru tine: <a style=\"font-weight: normal !important;\" title=\"TOP CHARMED ALB\" href=\"https:\/\/www.parlor.ro\/ro\/produs\/fermecat-top-alb\/\">TOP CHARMED ALB<\/a>, <a style=\"font-weight: normal !important;\" title=\"Top Electric Heart\" href=\"https:\/\/www.parlor.ro\/ro\/produs\/blat-inimii-electrice\/\">Top Electric Heart<\/a>. P\u00c2N\u0102 LA 50% REDUCERE Azi!<\/p>","protected":false},"excerpt":{"rendered":"<p>&nbsp;<\/p>\n<p>Tricoul dramatic Prodigy vine \u00eentr-o form\u0103 relaxat\u0103, care este aplicat\u0103 cu straturi de volane pe o parte. Este confectionat din bumbac organic 100% cu volane din organza de matase si tul din poliester.<\/p>\n<p>#MadeinRomania<\/p>\n<p>#FabricatinRomania<\/p>\n<p>Suntem incantati sa v\u0103 dezv\u0103luim modelele noastre si \u00een showroom: suna\u021bi pentru programare 0747501974.<\/p>","protected":false},"featured_media":12607,"template":"","meta":[],"product_brand":[],"product_cat":[97,141,102],"product_tag":[],"class_list":{"0":"post-12673","1":"product","2":"type-product","3":"status-publish","4":"has-post-thumbnail","6":"product_cat-i--parlor","7":"product_cat-new","8":"product_cat-tops","9":"pa_size-one-size","10":"pif-has-gallery","12":"first","13":"outofstock","14":"featured","15":"shipping-taxable","16":"purchasable","17":"product-type-variable"},"post_mailing_queue_ids":[],"_links":{"self":[{"href":"https:\/\/www.parlor.ro\/ro\/wp-json\/wp\/v2\/product\/12673","targetHints":{"allow":["GET"]}}],"collection":[{"href":"https:\/\/www.parlor.ro\/ro\/wp-json\/wp\/v2\/product"}],"about":[{"href":"https:\/\/www.parlor.ro\/ro\/wp-json\/wp\/v2\/types\/product"}],"wp:featuredmedia":[{"embeddable":true,"href":"https:\/\/www.parlor.ro\/ro\/wp-json\/wp\/v2\/media\/12607"}],"wp:attachment":[{"href":"https:\/\/www.parlor.ro\/ro\/wp-json\/wp\/v2\/media?parent=12673"}],"wp:term":[{"taxonomy":"product_brand","embeddable":true,"href":"https:\/\/www.parlor.ro\/ro\/wp-json\/wp\/v2\/product_brand?post=12673"},{"taxonomy":"product_cat","embeddable":true,"href":"https:\/\/www.parlor.ro\/ro\/wp-json\/wp\/v2\/product_cat?post=12673"},{"taxonomy":"product_tag","embeddable":true,"href":"https:\/\/www.parlor.ro\/ro\/wp-json\/wp\/v2\/product_tag?post=12673"}],"curies":[{"name":"wp","href":"https:\/\/api.w.org\/{rel}","templated":true}]}}