{"id":12675,"date":"2023-03-27T15:50:56","date_gmt":"2023-03-27T12:50:56","guid":{"rendered":"https:\/\/www.parlor.ro\/?post_type=product&#038;p=12675"},"modified":"2025-07-17T19:13:39","modified_gmt":"2025-07-17T16:13:39","slug":"prodigy-top-negru","status":"publish","type":"product","link":"https:\/\/www.parlor.ro\/ro\/product\/prodigy-top-black\/","title":{"rendered":"PRODIGY TOP BLACK"},"content":{"rendered":"<p>PRODIGY TOP BLACK<\/p>\n<p>100% bumbac organic<\/p>\n<p>100% organza de m\u0103tase, tul din poliester 100%<\/p>\n<p>M\u0103rime unic\u0103 \u2013 se lucreaz\u0103 pentru o m\u0103rime supradimensionat\u0103 de la 34 la un 38 liber.<\/p>\n<p>Cur\u0103\u021bare uscat\u0103<\/p>\n<hr style=\"color:#404040; height: 1px;\" \/>\n<p><b style=\"text-align: left; font-size:1.8em;\" title=\"TOP PRODIGY NEGRU - Topuri populare pentru femei\" name=\"PRODIGY TOP BLACK - Popular Women's Tops\"><b style=\"font-weight: normal;\">TOP PRODIGY NEGRU \u2013 Topuri populare pentru femei<\/b><\/b><br \/>\n<b style=\"font-weight: normal !important;\">PRODIGY TOP BLACK<\/b> &#8211; <strong style=\"font-weight: normal !important;\">Topuri populare pentru femei<\/strong>Tricoul dramatic Prodigy are o form\u0103 relaxat\u0103, decorat\u0103 cu straturi de volane pe o parte. I Love Parlor | \u00cembr\u0103c\u0103minte \u0219i articole pentru femei <a style=\"font-weight: normal !important;\" title=\"Moda pentru femei\" href=\"https:\/\/www.parlor.ro\/ro\/\">pentru femei<\/a>. Design Parlor de <i style=\"font-style: normal !important;\">Veronica Zaharia<\/i>Designul con\u0219tient este nucleul m\u0103rcii noastre. Se traduce prin reinterpretarea articolelor noastre cele mai bine v\u00e2ndute cu un consum minim de resurse. Credem \u00een designul durabil din punct de vedere emo\u021bional \u0219i proiect\u0103m pentru reutilizare. R\u0103sfoi\u021bi rochiile noastre pentru femei. <a style=\"font-weight: normal !important;\" title=\"magazin popular\" href=\"https:\/\/www.parlor.ro\/ro\/magazin\/\">Parlor Shop<\/a> (pantaloni, rochii, jachete, salopete, <a style=\"font-weight: normal !important;\" title=\"topuri populare\" href=\"https:\/\/www.parlor.ro\/ro\/categorie-produs\/i-%e2%99%a5-salon\/varfuri\/\">topuri<\/a>) \u0219i g\u0103se\u0219te-\u021bi rochia ACUM! Sau vizita\u021bi showroom-ul nostru pentru a v\u0103 g\u0103si rochia perfect\u0103 \/ suna\u021bi pentru programare la 0747501974! Recomand\u0103ri de cump\u0103r\u0103turi pentru tine: <a style=\"font-weight: normal !important;\" title=\"PRODIGY TOP WHITE\" href=\"https:\/\/www.parlor.ro\/ro\/produs\/prodigy-top-alb\/\">PRODIGY TOP WHITE<\/a>, <a style=\"font-weight: normal !important;\" title=\"HOT TOP\" href=\"https:\/\/www.parlor.ro\/ro\/produs\/top-fierbinte\/\">HOT TOP<\/a>. P\u00c2N\u0102 LA 50% REDUCERE Azi! <\/p>","protected":false},"excerpt":{"rendered":"<p>&nbsp;<\/p>\n<p>Tricoul dramatic Prodigy vine \u00eentr-o form\u0103 relaxat\u0103, care este aplicat\u0103 cu straturi de volane pe o parte. Este confectionat din bumbac organic 100% cu volane din organza de matase si tul din poliester.<\/p>\n<p>#MadeinRomania<\/p>\n<p>#FabricatinRomania<\/p>\n<p>Suntem incantati sa v\u0103 dezv\u0103luim modelele noastre si \u00een showroom: suna\u021bi pentru programare 0747501974.<\/p>","protected":false},"featured_media":12603,"template":"","meta":[],"product_brand":[],"product_cat":[97,141,102],"product_tag":[],"class_list":{"0":"post-12675","1":"product","2":"type-product","3":"status-publish","4":"has-post-thumbnail","6":"product_cat-i--parlor","7":"product_cat-new","8":"product_cat-tops","9":"pa_size-one-size","10":"pif-has-gallery","12":"first","13":"outofstock","14":"featured","15":"shipping-taxable","16":"purchasable","17":"product-type-variable"},"post_mailing_queue_ids":[],"_links":{"self":[{"href":"https:\/\/www.parlor.ro\/ro\/wp-json\/wp\/v2\/product\/12675","targetHints":{"allow":["GET"]}}],"collection":[{"href":"https:\/\/www.parlor.ro\/ro\/wp-json\/wp\/v2\/product"}],"about":[{"href":"https:\/\/www.parlor.ro\/ro\/wp-json\/wp\/v2\/types\/product"}],"wp:featuredmedia":[{"embeddable":true,"href":"https:\/\/www.parlor.ro\/ro\/wp-json\/wp\/v2\/media\/12603"}],"wp:attachment":[{"href":"https:\/\/www.parlor.ro\/ro\/wp-json\/wp\/v2\/media?parent=12675"}],"wp:term":[{"taxonomy":"product_brand","embeddable":true,"href":"https:\/\/www.parlor.ro\/ro\/wp-json\/wp\/v2\/product_brand?post=12675"},{"taxonomy":"product_cat","embeddable":true,"href":"https:\/\/www.parlor.ro\/ro\/wp-json\/wp\/v2\/product_cat?post=12675"},{"taxonomy":"product_tag","embeddable":true,"href":"https:\/\/www.parlor.ro\/ro\/wp-json\/wp\/v2\/product_tag?post=12675"}],"curies":[{"name":"wp","href":"https:\/\/api.w.org\/{rel}","templated":true}]}}