{"id":12679,"date":"2023-03-27T16:07:19","date_gmt":"2023-03-27T13:07:19","guid":{"rendered":"https:\/\/www.parlor.ro\/?post_type=product&#038;p=12679"},"modified":"2025-07-14T20:06:33","modified_gmt":"2025-07-14T17:06:33","slug":"top-fermecat-roz","status":"publish","type":"product","link":"https:\/\/www.parlor.ro\/ro\/product\/charmed-top-pink\/","title":{"rendered":"TOP CHARMED ROZ"},"content":{"rendered":"<p>TOP CHARMED ROZ<\/p>\n<p>100% bumbac organic<\/p>\n<p>100% muselin\u0103 de m\u0103tase, tul de poliester 100%<\/p>\n<p>M\u0103rime unic\u0103 \u2013 se potrive\u0219te de la m\u0103sura 34 supradimensionat pana la un 38 lejer.<\/p>\n<p><strong>Cur\u0103\u021bare uscat\u0103<\/strong><\/p>\n<p>Acest produs este realizat din \u021bes\u0103turi furnizate de produc\u0103tori certifica\u021bi conform standardelor europene.<\/p>\n<p>Imprimeurile sunt realizate cu vopsea ecologic\u0103 OEKO-TEX\u00ae.<\/p>\n<p>Acest produs este testat \u00een atelierul nostru \u0219i nu prezint\u0103 riscuri pentru s\u0103n\u0103tate si siguran\u021ba consumatorului.<\/p>\n<hr style=\"color:#404040; height: 1px;\" \/>\n<p><b style=\"text-align: left; font-size:1.8em;\" title=\"TOP CHARMED ROZ - Topuri elegante pentru femei\" name=\"CHARMED TOP PINK - Elegant Women's Tops\"><b style=\"font-weight: normal;\">TOP CHARMED ROZ \u2013 Topuri elegante pentru femei<\/b><\/b><br \/>\n<b style=\"font-weight: normal !important;\">TOP CHARMED ROZ<\/b> &#8211; <strong style=\"font-weight: normal !important;\">Topuri elegante pentru femei<\/strong>. <i style=\"font-style: normal !important;\">Roz fermecat<\/i> vine \u00eentr-o form\u0103 relaxat\u0103, cu aplica\u021bii stratificate de volane \u00een jurul zonei umerilor. I Love Parlor | \u00cembr\u0103c\u0103minte pentru femei \u0219i <a style=\"font-weight: normal !important;\" title=\"Moda pentru femei\" href=\"https:\/\/www.parlor.ro\/ro\/\">Moda pentru femei<\/a>Designuri de salon de Veronica Zaharia. Designul con\u0219tient este nucleul m\u0103rcii noastre. Se traduce prin reinterpretarea articolelor noastre cele mai bine v\u00e2ndute cu un consum minim de resurse. Credem \u00een designul durabil din punct de vedere emo\u021bional \u0219i proiect\u0103m pentru reutilizare. R\u0103sfoi\u021bi rochiile noastre pentru femei. <a style=\"font-weight: normal !important;\" title=\"magazin\" href=\"https:\/\/www.parlor.ro\/ro\/magazin\/\">aici<\/a> (pantaloni, fuste, rochii, jachete, salopete, topuri) \u0219i g\u0103se\u0219te-\u021bi rochia ACUM! Sau vizita\u021bi showroom-ul nostru pentru a v\u0103 g\u0103si rochia perfect\u0103 \/ suna\u021bi pentru programare la 0747501974! Recomand\u0103ri de cump\u0103r\u0103turi pentru tine: <a style=\"font-weight: normal !important;\" title=\"PRODIGY TOP ROZ\" href=\"https:\/\/www.parlor.ro\/ro\/produs\/top-minune-roz\/\">PRODIGY TOP ROZ<\/a>, <a style=\"font-weight: normal !important;\" title=\"TOP CHARMED ALB\" href=\"https:\/\/www.parlor.ro\/ro\/produs\/fermecat-top-alb\/\">TOP CHARMED ALB<\/a>. P\u00c2N\u0102 LA 50% REDUCERE Azi! <\/p>","protected":false},"excerpt":{"rendered":"<p><span lang=\"EN-US\">Tricou dramatic roz fermecat, um\u0103r deschis, vine \u00eentr-o form\u0103 relaxat\u0103 care este aplicat\u0103 cu straturi de volane \u00een jurul zonei umerilor. <\/span><\/p>\n<p>#MadeinRomania<\/p>\n<p>#FabricatinRomania<\/p>\n<p>Suntem incantati sa v\u0103 dezv\u0103luim modelele noastre si \u00een showroom: suna\u021bi pentru programare 0747501974.<\/p>\n<p>Modelul are 175 cm \u00een\u0103l\u021bime, 52 kg \u0219i poart\u0103 OS.<\/p>","protected":false},"featured_media":12573,"template":"","meta":[],"product_brand":[],"product_cat":[97,141,102],"product_tag":[],"class_list":{"0":"post-12679","1":"product","2":"type-product","3":"status-publish","4":"has-post-thumbnail","6":"product_cat-i--parlor","7":"product_cat-new","8":"product_cat-tops","9":"pa_size-one-size","10":"pif-has-gallery","12":"first","13":"outofstock","14":"featured","15":"shipping-taxable","16":"purchasable","17":"product-type-variable"},"post_mailing_queue_ids":[],"_links":{"self":[{"href":"https:\/\/www.parlor.ro\/ro\/wp-json\/wp\/v2\/product\/12679","targetHints":{"allow":["GET"]}}],"collection":[{"href":"https:\/\/www.parlor.ro\/ro\/wp-json\/wp\/v2\/product"}],"about":[{"href":"https:\/\/www.parlor.ro\/ro\/wp-json\/wp\/v2\/types\/product"}],"wp:featuredmedia":[{"embeddable":true,"href":"https:\/\/www.parlor.ro\/ro\/wp-json\/wp\/v2\/media\/12573"}],"wp:attachment":[{"href":"https:\/\/www.parlor.ro\/ro\/wp-json\/wp\/v2\/media?parent=12679"}],"wp:term":[{"taxonomy":"product_brand","embeddable":true,"href":"https:\/\/www.parlor.ro\/ro\/wp-json\/wp\/v2\/product_brand?post=12679"},{"taxonomy":"product_cat","embeddable":true,"href":"https:\/\/www.parlor.ro\/ro\/wp-json\/wp\/v2\/product_cat?post=12679"},{"taxonomy":"product_tag","embeddable":true,"href":"https:\/\/www.parlor.ro\/ro\/wp-json\/wp\/v2\/product_tag?post=12679"}],"curies":[{"name":"wp","href":"https:\/\/api.w.org\/{rel}","templated":true}]}}