{"id":12681,"date":"2023-03-27T16:12:43","date_gmt":"2023-03-27T13:12:43","guid":{"rendered":"https:\/\/www.parlor.ro\/?post_type=product&#038;p=12681"},"modified":"2025-03-15T19:17:30","modified_gmt":"2025-03-15T16:17:30","slug":"fermecat-top-alb","status":"publish","type":"product","link":"https:\/\/www.parlor.ro\/ro\/product\/charmed-top-white\/","title":{"rendered":"TOP CHARMED ALB"},"content":{"rendered":"<p>TOP CHARMED ALB<\/p>\n<p>100% bumbac organic<\/p>\n<p>100% organza de m\u0103tase, tul din poliester 100%<\/p>\n<p>M\u0103rime unic\u0103 \u2013 se potrive\u0219te de la m\u0103sura 34 supradimensionat pana la un 38 lejer.<\/p>\n<p><strong>Cur\u0103\u021bare uscat\u0103<\/strong><\/p>\n<p>Acest produs este realizat din \u021bes\u0103turi furnizate de produc\u0103tori certifica\u021bi conform standardelor europene.<\/p>\n<p>Imprimeurile sunt realizate cu vopsea ecologic\u0103 OEKO-TEX\u00ae.<\/p>\n<p>Acest produs este testat \u00een atelierul nostru \u0219i nu prezint\u0103 riscuri pentru s\u0103n\u0103tate si siguran\u021ba consumatorului.<\/p>\n<hr style=\"color:#404040; height: 1px;\" \/>\n<p><b style=\"text-align: left; font-size:1.8em;\" title=\"CHARMED TOP WHITE - Topuri pentru femei Charmed\" name=\"CHARMED TOP WHITE - Charmed Women's Tops\"><b style=\"font-weight: normal;\">CHARMED TOP WHITE \u2013 Topuri pentru femei Charmed<\/b><\/b><br \/>\n<b style=\"font-weight: normal !important;\">TOP CHARMED ALB<\/b> &#8211; <i style=\"font-style: normal !important;\">Topuri pentru femei Charmed<\/i>. Tricou dramatic alb fermecat, um\u0103r deschis, vine \u00eentr-o form\u0103 relaxat\u0103. I Love Parlour | \u00cembr\u0103c\u0103minte pentru femei \u0219i mod\u0103 pentru femei. Salon <a style=\"font-weight: normal !important;\" title=\"Crea\u021biile Parlor\" href=\"https:\/\/www.parlor.ro\/ro\/\">Design<\/a> de <strong style=\"font-weight: normal !important;\">Veronica Zaharia<\/strong>. #ConsciousDesign este nucleul brandului nostru. El se traduce prin reinterpretarea celor mai bine v\u00e2ndute modele ale noastre, evit\u00e2nd astfel producerea de\u0219eurilor in exces. Rochiile noastre sunt atemporale, usor de purtat, potrivite at\u00e2t ziua c\u00e2t si seara. Cum arat\u0103 rochia ta de vis? R\u0103sfoi\u021bi produsele noastre pentru femei <a style=\"font-weight: normal !important;\" title=\"Viziteaza shop-ul nostru online\" href=\"https:\/\/www.parlor.ro\/ro\/magazin\/\">Viziteaza shop-ul nostru online<\/a> (pantaloni, rochii, jachete, salopete, <a style=\"font-weight: normal !important;\" title=\"v\u00e2rfuri fermecate\" href=\"https:\/\/www.parlor.ro\/ro\/categorie-produs\/i-%e2%99%a5-salon\/varfuri\/\">topuri<\/a>) \u0219i g\u0103se\u0219te-\u021bi rochia ACUM! Sau vizita\u021bi showroom-ul nostru pentru a v\u0103 g\u0103si rochia perfect\u0103 \/ suna\u021bi pentru programare la 0747501974! Recomand\u0103ri de cump\u0103r\u0103turi pentru tine: <a style=\"font-weight: normal !important;\" title=\"Top Electric Heart\" href=\"https:\/\/www.parlor.ro\/ro\/produs\/blat-inimii-electrice\/\">Top Electric Heart<\/a>, <a style=\"font-weight: normal !important;\" title=\"Top Second Skin\" href=\"https:\/\/www.parlor.ro\/ro\/produs\/top-cu-pielea-a-doua\/\">Top Second Skin<\/a>. V\u00e2nzare mare! P\u00c2N\u0102 LA 50% REDUCERE Azi! <\/p>","protected":false},"excerpt":{"rendered":"<p>&nbsp;<\/p>\n<p><span lang=\"EN-US\">Tricou alb din tesatura tricotata, cu maneci scurte, umar gol, detalii de volane din tul pe umar. <\/span><\/p>\n<p>#MadeinRomania<\/p>\n<p>#FabricatinRomania<\/p>\n<p>Suntem incantati sa v\u0103 dezv\u0103luim modelele noastre si \u00een showroom: suna\u021bi pentru programare 0747501974.<\/p>\n<p>Modelul are 175 cm \u00een\u0103l\u021bime, 52 kg \u0219i poart\u0103 OS.<\/p>","protected":false},"featured_media":12569,"template":"","meta":[],"product_brand":[],"product_cat":[97,102],"product_tag":[],"class_list":{"0":"post-12681","1":"product","2":"type-product","3":"status-publish","4":"has-post-thumbnail","6":"product_cat-i--parlor","7":"product_cat-tops","8":"pa_size-one-size","9":"pif-has-gallery","11":"first","12":"outofstock","13":"shipping-taxable","14":"purchasable","15":"product-type-variable"},"post_mailing_queue_ids":[],"_links":{"self":[{"href":"https:\/\/www.parlor.ro\/ro\/wp-json\/wp\/v2\/product\/12681","targetHints":{"allow":["GET"]}}],"collection":[{"href":"https:\/\/www.parlor.ro\/ro\/wp-json\/wp\/v2\/product"}],"about":[{"href":"https:\/\/www.parlor.ro\/ro\/wp-json\/wp\/v2\/types\/product"}],"wp:featuredmedia":[{"embeddable":true,"href":"https:\/\/www.parlor.ro\/ro\/wp-json\/wp\/v2\/media\/12569"}],"wp:attachment":[{"href":"https:\/\/www.parlor.ro\/ro\/wp-json\/wp\/v2\/media?parent=12681"}],"wp:term":[{"taxonomy":"product_brand","embeddable":true,"href":"https:\/\/www.parlor.ro\/ro\/wp-json\/wp\/v2\/product_brand?post=12681"},{"taxonomy":"product_cat","embeddable":true,"href":"https:\/\/www.parlor.ro\/ro\/wp-json\/wp\/v2\/product_cat?post=12681"},{"taxonomy":"product_tag","embeddable":true,"href":"https:\/\/www.parlor.ro\/ro\/wp-json\/wp\/v2\/product_tag?post=12681"}],"curies":[{"name":"wp","href":"https:\/\/api.w.org\/{rel}","templated":true}]}}