{"id":12683,"date":"2023-03-27T16:17:12","date_gmt":"2023-03-27T13:17:12","guid":{"rendered":"https:\/\/www.parlor.ro\/?post_type=product&#038;p=12683"},"modified":"2025-07-14T20:07:09","modified_gmt":"2025-07-14T17:07:09","slug":"fermecat-top-negru","status":"publish","type":"product","link":"https:\/\/www.parlor.ro\/ro\/product\/charmed-top-black\/","title":{"rendered":"TOP CHARMED NEGRU"},"content":{"rendered":"<p>TOP CHARMED NEGRU<\/p>\n<p>100% bumbac organic<\/p>\n<p>100% organza de m\u0103tase, tul din poliester 100%<\/p>\n<p>M\u0103rime unic\u0103 \u2013 se potrive\u0219te de la m\u0103sura 34 supradimensionat pana la un 38 lejer.<\/p>\n<p><strong>Cur\u0103\u021bare uscat\u0103<\/strong><\/p>\n<p>Acest produs este realizat din \u021bes\u0103turi furnizate de produc\u0103tori certifica\u021bi conform standardelor europene.<\/p>\n<p>Imprimeurile sunt realizate cu vopsea ecologic\u0103 OEKO-TEX\u00ae.<\/p>\n<p>Acest produs este testat \u00een atelierul nostru \u0219i nu prezint\u0103 riscuri pentru s\u0103n\u0103tate si siguran\u021ba consumatorului.<\/p>\n<hr style=\"color:#404040; height: 1px;\" \/>\n<p><b style=\"text-align: left; font-size:1.8em;\" title=\"TOP CHARMED NEGRU - Topuri fermec\u0103toare pentru femei\" name=\"CHARMED TOP BLACK - Charming Women's Tops\"><b style=\"font-weight: normal;\">TOP CHARMED NEGRU \u2013 Topuri fermec\u0103toare pentru femei<\/b><\/b><br \/>\n<b style=\"font-weight: normal !important;\">TOP CHARMED NEGRU<\/b> &#8211; <strong style=\"font-weight: normal !important;\">Topuri fermec\u0103toare pentru femei<\/strong>Tricou dramatic negru Charmed, cu umeri deschi\u0219i. O vei adora! I Love Parlor | Pentru femei <a style=\"font-weight: normal !important;\" title=\"\u00cembr\u0103c\u0103minte pentru femei\" href=\"https:\/\/www.parlor.ro\/ro\/\">\u00cembr\u0103c\u0103minte pentru femei<\/a> &amp; Moda pentru femei. Design Parlor de <i style=\"font-style: normal !important;\">Veronica Zaharia<\/i>Designul con\u0219tient este nucleul m\u0103rcii noastre. Se traduce prin reinterpretarea articolelor noastre cele mai bine v\u00e2ndute cu un consum minim de resurse. Credem \u00een designul durabil din punct de vedere emo\u021bional \u0219i proiect\u0103m pentru reutilizare. R\u0103sfoi\u021bi rochiile noastre pentru femei. <a style=\"font-weight: normal !important;\" title=\"magazin de femei\" href=\"https:\/\/www.parlor.ro\/ro\/magazin\/\">Parlor Shop<\/a> (pantaloni, fuste, rochii, jachete, salopete, topuri) \u0219i g\u0103se\u0219te-\u021bi rochia ACUM! Sau vizita\u021bi showroom-ul nostru pentru a v\u0103 g\u0103si rochia perfect\u0103 \/ suna\u021bi pentru programare la 0747501974! Recomand\u0103ri de cump\u0103r\u0103turi pentru tine: <a style=\"font-weight: normal !important;\" title=\"TOP CHARMED ALB\" href=\"https:\/\/www.parlor.ro\/ro\/produs\/fermecat-top-alb\/\">TOP CHARMED ALB<\/a>, <a style=\"font-weight: normal !important;\" title=\"TOP CHARMED ROZ\" href=\"https:\/\/www.parlor.ro\/ro\/produs\/top-fermecat-roz\/\">TOP CHARMED ROZ<\/a>. Cel mai bun pre\u021b! P\u00c2N\u0102 LA 50% REDUCERE Azi! <\/p>","protected":false},"excerpt":{"rendered":"<p><span lang=\"EN-US\">Tricou negru din tesatura tricotata, cu maneci scurte, umar gol, detalii de volane din tul pe umar. <\/span><\/p>\n<p>#MadeinRomania<\/p>\n<p>#FabricatinRomania<\/p>\n<p>Suntem incantati sa v\u0103 dezv\u0103luim modelele noastre si \u00een showroom: suna\u021bi pentru programare 0747501974.<\/p>\n<p>Modelul are 175 cm \u00een\u0103l\u021bime, 52 kg \u0219i poart\u0103 OS.<\/p>","protected":false},"featured_media":12605,"template":"","meta":[],"product_brand":[],"product_cat":[97,102],"product_tag":[],"class_list":{"0":"post-12683","1":"product","2":"type-product","3":"status-publish","4":"has-post-thumbnail","6":"product_cat-i--parlor","7":"product_cat-tops","8":"pa_size-one-size","9":"pif-has-gallery","11":"first","12":"outofstock","13":"featured","14":"shipping-taxable","15":"purchasable","16":"product-type-variable"},"post_mailing_queue_ids":[],"_links":{"self":[{"href":"https:\/\/www.parlor.ro\/ro\/wp-json\/wp\/v2\/product\/12683","targetHints":{"allow":["GET"]}}],"collection":[{"href":"https:\/\/www.parlor.ro\/ro\/wp-json\/wp\/v2\/product"}],"about":[{"href":"https:\/\/www.parlor.ro\/ro\/wp-json\/wp\/v2\/types\/product"}],"wp:featuredmedia":[{"embeddable":true,"href":"https:\/\/www.parlor.ro\/ro\/wp-json\/wp\/v2\/media\/12605"}],"wp:attachment":[{"href":"https:\/\/www.parlor.ro\/ro\/wp-json\/wp\/v2\/media?parent=12683"}],"wp:term":[{"taxonomy":"product_brand","embeddable":true,"href":"https:\/\/www.parlor.ro\/ro\/wp-json\/wp\/v2\/product_brand?post=12683"},{"taxonomy":"product_cat","embeddable":true,"href":"https:\/\/www.parlor.ro\/ro\/wp-json\/wp\/v2\/product_cat?post=12683"},{"taxonomy":"product_tag","embeddable":true,"href":"https:\/\/www.parlor.ro\/ro\/wp-json\/wp\/v2\/product_tag?post=12683"}],"curies":[{"name":"wp","href":"https:\/\/api.w.org\/{rel}","templated":true}]}}