{"id":12708,"date":"2023-04-05T15:32:22","date_gmt":"2023-04-05T12:32:22","guid":{"rendered":"https:\/\/www.parlor.ro\/?post_type=product&#038;p=12708"},"modified":"2025-03-27T14:04:20","modified_gmt":"2025-03-27T11:04:20","slug":"top-stralucitor-de-noapte","status":"publish","type":"product","link":"https:\/\/www.parlor.ro\/ro\/product\/night-glow-top\/","title":{"rendered":"Top Night Glow"},"content":{"rendered":"<p>Top Night Glow<\/p>\n<p>100% poliester deadstock<\/p>\n<p>Imprimare OEKO-TEX\u00ae Standard 100<\/p>\n<p><strong>Sp\u0103lare delicat\u0103 la ma\u0219in\u0103<\/strong><\/p>\n<p>Acest produs este realizat din \u021bes\u0103turi furnizate de produc\u0103tori certifica\u021bi conform standardelor europene.<\/p>\n<p>Imprimeurile sunt realizate cu vopsea ecologic\u0103 OEKO-TEX\u00ae.<\/p>\n<p>Acest produs este testat \u00een atelierul nostru \u0219i nu prezint\u0103 riscuri pentru s\u0103n\u0103tate si siguran\u021ba consumatorului.<\/p>\n<hr style=\"color: #404040; height: 1px;\" \/>\n<p><b style=\"text-align: left; font-size: 1.8em;\" title=\"Top Night Glow - Rochie uimitoare pentru femei\"><b style=\"font-weight: normal;\">Night Glow Top \u2013 Rochie uimitoare pentru femei<\/b><\/b><br \/>\n<b style=\"font-weight: normal !important;\">Top Night Glow<\/b> &#8211; <i style=\"font-style: normal !important;\">Rochie special\u0103 pentru femei<\/i>. Realizat intr-o culoare mov foarte aprins, cu maneci umflate, inspirat din anii 60. Preturi mici azi!. <strong style=\"font-weight: normal !important;\">I \u2665 Parlor<\/strong> | \u00cembr\u0103c\u0103minte pentru femei \u0219i mod\u0103 pentru femei <a style=\"font-weight: normal !important;\" title=\"Crea\u021biile Parlor\" href=\"https:\/\/www.parlor.ro\/ro\/\">Crea\u021biile Parlor<\/a> sunt cel mai simplu mod de a-\u021bi inveseli look-ul de zi cu zi. Rochiile noastre sunt atemporale, usor de purtat, potrivite at\u00e2t ziua c\u00e2t si seara . <a style=\"font-weight: normal !important;\" title=\"Topuri de dam\u0103\" href=\"https:\/\/www.parlor.ro\/ro\/categorie-produs\/i-%e2%99%a5-salon\/varfuri\/\">Topuri<\/a> <a style=\"font-weight: normal !important;\" title=\"Magazin de designer\" href=\"https:\/\/www.parlor.ro\/ro\/magazin\/\">aici<\/a> \u0219i g\u0103se\u0219te-\u021bi rochia ACUM! Sau vizita\u021bi showroom-ul nostru pentru a g\u0103si rochia de vis \/ sun\u0103 pentru programare 0747501974! Recomand\u0103ri de cump\u0103r\u0103turi pentru tine: <a style=\"font-weight: normal !important;\" title=\"Kimono Love Affair\" href=\"https:\/\/www.parlor.ro\/ro\/produs\/kimono-de-dragoste\/\">Kimono Love Affair<\/a>, <a style=\"font-weight: normal !important;\" title=\"Rochie Summer Breeze\" href=\"https:\/\/www.parlor.ro\/ro\/produs\/rochie-briza-de-vara\/\">Rochie Summer Breeze<\/a>. P\u00c2N\u0102 LA 50% REDUCERE Azi!<\/p>","protected":false},"excerpt":{"rendered":"<p>Top cu m\u00e2nec\u0103 scurta bufant\u0103, mov imprimat cu inimi roz, decolteu V si \u00eenchidere cu cordon la spate.<\/p>\n<p>#MadeinRomania<\/p>\n<p>#FabricatinRomania<\/p>\n<p>Suntem incantati sa v\u0103 dezv\u0103luim modelele noastre si \u00een showroom: suna\u021bi pentru programare 0747501974.<\/p>\n<p>Modelul are 175 cm \u00een\u0103l\u021bime, 52 kg \u0219i poart\u0103 m\u0103rimea 36.<\/p>","protected":false},"featured_media":12706,"template":"","meta":[],"product_brand":[],"product_cat":[97,102],"product_tag":[],"class_list":{"0":"post-12708","1":"product","2":"type-product","3":"status-publish","4":"has-post-thumbnail","6":"product_cat-i--parlor","7":"product_cat-tops","8":"pa_size-124","9":"pa_size-74","10":"pa_size-75","11":"pif-has-gallery","13":"first","14":"outofstock","15":"shipping-taxable","16":"purchasable","17":"product-type-variable"},"post_mailing_queue_ids":[],"_links":{"self":[{"href":"https:\/\/www.parlor.ro\/ro\/wp-json\/wp\/v2\/product\/12708","targetHints":{"allow":["GET"]}}],"collection":[{"href":"https:\/\/www.parlor.ro\/ro\/wp-json\/wp\/v2\/product"}],"about":[{"href":"https:\/\/www.parlor.ro\/ro\/wp-json\/wp\/v2\/types\/product"}],"wp:featuredmedia":[{"embeddable":true,"href":"https:\/\/www.parlor.ro\/ro\/wp-json\/wp\/v2\/media\/12706"}],"wp:attachment":[{"href":"https:\/\/www.parlor.ro\/ro\/wp-json\/wp\/v2\/media?parent=12708"}],"wp:term":[{"taxonomy":"product_brand","embeddable":true,"href":"https:\/\/www.parlor.ro\/ro\/wp-json\/wp\/v2\/product_brand?post=12708"},{"taxonomy":"product_cat","embeddable":true,"href":"https:\/\/www.parlor.ro\/ro\/wp-json\/wp\/v2\/product_cat?post=12708"},{"taxonomy":"product_tag","embeddable":true,"href":"https:\/\/www.parlor.ro\/ro\/wp-json\/wp\/v2\/product_tag?post=12708"}],"curies":[{"name":"wp","href":"https:\/\/api.w.org\/{rel}","templated":true}]}}