{"id":12710,"date":"2023-04-05T15:39:28","date_gmt":"2023-04-05T12:39:28","guid":{"rendered":"https:\/\/www.parlor.ro\/?post_type=product&#038;p=12710"},"modified":"2025-08-17T14:39:53","modified_gmt":"2025-08-17T11:39:53","slug":"kimono-de-dragoste","status":"publish","type":"product","link":"https:\/\/www.parlor.ro\/ro\/product\/love-affair-kimono\/","title":{"rendered":"Kimono Love Affair"},"content":{"rendered":"<p>Kimono Love Affair<\/p>\n<p>Voal din poliester 100%<\/p>\n<p>Imprimare OEKO-TEX\u00ae Standard 100<\/p>\n<p><strong>Sp\u0103lare delicat\u0103 la ma\u0219in\u0103<\/strong><\/p>\n<p>M\u0103rimea unic\u0103 se potrive\u0219te de la 34 la 40<\/p>\n<p>Acest produs este realizat din \u021bes\u0103turi furnizate de produc\u0103tori certifica\u021bi conform standardelor europene.<\/p>\n<p>Imprimeurile sunt realizate cu vopsea ecologic\u0103 OEKO-TEX\u00ae.<\/p>\n<p>Acest produs este testat \u00een atelierul nostru \u0219i nu prezint\u0103 riscuri pentru s\u0103n\u0103tate si siguran\u021ba consumatorului.<\/p>\n<hr style=\"color: #404040; height: 1px;\" \/>\n<p><b style=\"text-align: left; font-size: 1.8em;\" title=\"Kimono Love Affair - Rochie uimitoare pentru femei\"><b style=\"font-weight: normal;\">Kimono Love Affair \u2013 Rochie uimitoare pentru femei<\/b><\/b><br \/>\n<b style=\"font-weight: normal !important;\">Kimono Love Affair<\/b> &#8211; <i style=\"font-style: normal !important;\">Rochie special\u0103 pentru femei<\/i>. Kimono din voal imprimat cu animal print si inima roz pe spate.. Preturi mici azi! I Love Parlour | <strong style=\"font-weight: normal !important;\">\u00cembr\u0103c\u0103minte pentru femei<\/strong> &amp; <a style=\"font-weight: normal !important;\" title=\"Moda pentru femei\" href=\"https:\/\/www.parlor.ro\/ro\/\">Moda pentru femei<\/a>. Design Parlor de Veronica Zaharia. #ConsciousDesign este nucleul brandului nostru. El se traduce prin reinterpretarea celor mai bine v\u00e2ndute modele ale noastre, evit\u00e2nd astfel producerea de\u0219eurilor in exces. Rochiile noastre sunt atemporale, usor de purtat, potrivite at\u00e2t ziua c\u00e2t si seara . Cum arat\u0103 rochia ta de vis? R\u0103sfoi\u021bi rochiile noastre pentru femei <a style=\"font-weight: normal !important;\" title=\"Magazin de \u00eembr\u0103c\u0103minte\" href=\"https:\/\/www.parlor.ro\/ro\/magazin\/\">Parlor Shop<\/a> (pantaloni, rochii, jachete, salopete, <a style=\"font-weight: normal !important;\" title=\"Topuri de dam\u0103\" href=\"https:\/\/www.parlor.ro\/ro\/categorie-produs\/i-%e2%99%a5-salon\/varfuri\/\">topuri<\/a>) \u0219i g\u0103se\u0219te-\u021bi rochia ACUM! Sau vizita\u021bi showroom-ul nostru pentru a g\u0103si rochia de vis \/ sun\u0103 pentru programare 0747501974! Recomand\u0103ri de cump\u0103r\u0103turi pentru tine: <a style=\"font-weight: normal !important;\" title=\"Top Second Skin\" href=\"https:\/\/www.parlor.ro\/ro\/produs\/top-cu-pielea-a-doua\/\">Top Second Skin<\/a>, <a style=\"font-weight: normal !important;\" title=\"Rochie Bloom\" href=\"https:\/\/www.parlor.ro\/ro\/produs\/rochie-inflorita\/\">Rochie Bloom<\/a>. P\u00c2N\u0102 LA 50% REDUCERE Azi!<\/p>","protected":false},"excerpt":{"rendered":"[sales_countdown_timer id=\"salescountdowntimer\"]\n<p>Love Affair soft veil kimono style blouse, it\u2019s your perfect choice for day-to-day look or going out evenings. Made from deadstock polyester veil, OEKO-TEX\u00ae in-house print animal print, 60\u2019s inspired, with bold neon colors. <b>\u00a0<\/b>#MadeinRomania<\/p>\n<p>#FabricatinRomania<\/p>\n<p>We are happy to reveal our designs in our showroom \/ call for appointment 0747501974 .<\/p>\n<p>&nbsp;<\/p>\n","protected":false},"featured_media":12600,"template":"","meta":[],"product_brand":[],"product_cat":[97,141,102],"product_tag":[],"class_list":{"0":"post-12710","1":"product","2":"type-product","3":"status-publish","4":"has-post-thumbnail","6":"product_cat-i--parlor","7":"product_cat-new","8":"product_cat-tops","9":"pa_size-one-size","10":"pif-has-gallery","12":"first","13":"instock","14":"sale","15":"shipping-taxable","16":"purchasable","17":"product-type-variable"},"post_mailing_queue_ids":[],"_links":{"self":[{"href":"https:\/\/www.parlor.ro\/ro\/wp-json\/wp\/v2\/product\/12710","targetHints":{"allow":["GET"]}}],"collection":[{"href":"https:\/\/www.parlor.ro\/ro\/wp-json\/wp\/v2\/product"}],"about":[{"href":"https:\/\/www.parlor.ro\/ro\/wp-json\/wp\/v2\/types\/product"}],"wp:featuredmedia":[{"embeddable":true,"href":"https:\/\/www.parlor.ro\/ro\/wp-json\/wp\/v2\/media\/12600"}],"wp:attachment":[{"href":"https:\/\/www.parlor.ro\/ro\/wp-json\/wp\/v2\/media?parent=12710"}],"wp:term":[{"taxonomy":"product_brand","embeddable":true,"href":"https:\/\/www.parlor.ro\/ro\/wp-json\/wp\/v2\/product_brand?post=12710"},{"taxonomy":"product_cat","embeddable":true,"href":"https:\/\/www.parlor.ro\/ro\/wp-json\/wp\/v2\/product_cat?post=12710"},{"taxonomy":"product_tag","embeddable":true,"href":"https:\/\/www.parlor.ro\/ro\/wp-json\/wp\/v2\/product_tag?post=12710"}],"curies":[{"name":"wp","href":"https:\/\/api.w.org\/{rel}","templated":true}]}}