{"id":12714,"date":"2023-04-05T15:34:07","date_gmt":"2023-04-05T12:34:07","guid":{"rendered":"https:\/\/www.parlor.ro\/?post_type=product&#038;p=12714"},"modified":"2025-11-06T18:13:55","modified_gmt":"2025-11-06T15:13:55","slug":"top-cu-pielea-a-doua","status":"publish","type":"product","link":"https:\/\/www.parlor.ro\/ro\/product\/second-skin-top\/","title":{"rendered":"Top Second Skin"},"content":{"rendered":"<p>Top Second Skin<\/p>\n<div><span lang=\"EN-US\">80% poliester, 20% elastan<\/span><\/div>\n<p>Imprimare OEKO-TEX\u00ae Standard 100<\/p>\n<p><strong>Sp\u0103lare delicat\u0103 la ma\u0219in\u0103<\/strong><\/p>\n<p>Acest produs este realizat din \u021bes\u0103turi furnizate de produc\u0103tori certifica\u021bi conform standardelor europene.<\/p>\n<p>Imprimeurile sunt realizate cu vopsea ecologic\u0103 OEKO-TEX\u00ae.<\/p>\n<p>Acest produs este testat \u00een atelierul nostru \u0219i nu prezint\u0103 riscuri pentru s\u0103n\u0103tate si siguran\u021ba consumatorului.<\/p>\n<hr style=\"color: #404040; height: 1px;\" \/>\n<p><b style=\"text-align: left; font-size: 1.8em;\" title=\"Top a doua piele - Rochie de dam\u0103 de salon\"><b style=\"font-weight: normal;\">Top Second Skin \u2013 Rochie de dam\u0103 Parlor<\/b><\/b><br \/>\nTop Second Skin <a style=\"font-weight: normal !important;\" title=\"Rochie de dam\u0103 de salon\" href=\"https:\/\/www.parlor.ro\/ro\/\">Rochie Parlor<\/a>. Top cu guler \u00eenalt jerseu, imprimat cu inimi ro\u0219ii.  Purtati-l cu colan\u021bii asortati si cu fusta Wicked. Pret uimitor azi! I Love Parlor | <b style=\"font-weight: normal !important;\">\u00cembr\u0103c\u0103minte pentru femei<\/b> &amp; <i style=\"font-style: normal !important;\">Moda pentru femei<\/i>. <strong style=\"font-weight: normal !important;\">Crea\u021biile Parlor<\/strong> sunt cel mai simplu mod de a-\u021bi inveseli look-ul de zi cu zi. Rochiile noastre sunt atemporale, usor de purtat, potrivite at\u00e2t ziua c\u00e2t si seara . <a style=\"font-weight: normal !important;\" title=\"Magazin de rochii\" href=\"https:\/\/www.parlor.ro\/ro\/magazin\/\">Magazin de rochii<\/a> (pantaloni, rochii, jachete, salopete, <a style=\"font-weight: normal !important;\" title=\"Topuri de dam\u0103\" href=\"https:\/\/www.parlor.ro\/ro\/categorie-produs\/i-%e2%99%a5-salon\/varfuri\/\">topuri<\/a>) \u0219i g\u0103se\u0219te-\u021bi rochia ACUM! Sau vizita\u021bi showroom-ul nostru pentru a g\u0103si rochia de vis \/ sun\u0103 pentru programare 0747501974! Recomand\u0103ri de cump\u0103r\u0103turi pentru tine: <a style=\"font-weight: normal !important;\" title=\"Rochie Night Dream\" href=\"https:\/\/www.parlor.ro\/ro\/produs\/rochie-de-vis-de-noapte\/\">Rochie Night Dream<\/a>, <a style=\"font-weight: normal !important;\" title=\"Kimono Love Affair\" href=\"https:\/\/www.parlor.ro\/ro\/produs\/kimono-de-dragoste\/\">Kimono Love Affair<\/a>. P\u00c2N\u0102 LA 50% REDUCERE Azi!<\/p>","protected":false},"excerpt":{"rendered":"<p>Top cu guler \u00eenalt jerseu, imprimat cu inimi ro\u0219ii.\u00a0<a href=\"https:\/\/www.parlor.ro\/ro\/?post_type=product&amp;p=12712&amp;preview=true\"> Purtati-l<\/a>\u00a0cu colan\u021bii <a href=\"https:\/\/www.parlor.ro\/ro\/?post_type=product&amp;p=12692&amp;preview=true\">asortati si cu fusta Wicked. <\/a>Fabricat din poliester 80%, elastan 20%, imprimeu  OEKO-TEX\u00ae.inspirat din anii 60.<\/p>\n<p>#MadeinRomania<\/p>\n<p>#FabricatinRomania<\/p>\n<p>Suntem incantati sa v\u0103 dezv\u0103luim modelele noastre si \u00een showroom: suna\u021bi pentru programare 0747501974.<\/p>\n<p><strong>Produsul va fi livrat in 5 zile lucratoare.\u00a0<\/strong><\/p>\n<p>&nbsp;<\/p>\n<p>&nbsp;<\/p>","protected":false},"featured_media":12592,"template":"","meta":[],"product_brand":[],"product_cat":[97,141,102],"product_tag":[],"class_list":{"0":"post-12714","1":"product","2":"type-product","3":"status-publish","4":"has-post-thumbnail","6":"product_cat-i--parlor","7":"product_cat-new","8":"product_cat-tops","9":"pa_size-124","10":"pa_size-74","11":"pa_size-75","12":"pif-has-gallery","14":"first","15":"instock","16":"shipping-taxable","17":"purchasable","18":"product-type-variable"},"post_mailing_queue_ids":[],"_links":{"self":[{"href":"https:\/\/www.parlor.ro\/ro\/wp-json\/wp\/v2\/product\/12714","targetHints":{"allow":["GET"]}}],"collection":[{"href":"https:\/\/www.parlor.ro\/ro\/wp-json\/wp\/v2\/product"}],"about":[{"href":"https:\/\/www.parlor.ro\/ro\/wp-json\/wp\/v2\/types\/product"}],"wp:featuredmedia":[{"embeddable":true,"href":"https:\/\/www.parlor.ro\/ro\/wp-json\/wp\/v2\/media\/12592"}],"wp:attachment":[{"href":"https:\/\/www.parlor.ro\/ro\/wp-json\/wp\/v2\/media?parent=12714"}],"wp:term":[{"taxonomy":"product_brand","embeddable":true,"href":"https:\/\/www.parlor.ro\/ro\/wp-json\/wp\/v2\/product_brand?post=12714"},{"taxonomy":"product_cat","embeddable":true,"href":"https:\/\/www.parlor.ro\/ro\/wp-json\/wp\/v2\/product_cat?post=12714"},{"taxonomy":"product_tag","embeddable":true,"href":"https:\/\/www.parlor.ro\/ro\/wp-json\/wp\/v2\/product_tag?post=12714"}],"curies":[{"name":"wp","href":"https:\/\/api.w.org\/{rel}","templated":true}]}}