{"id":12715,"date":"2023-04-05T15:29:28","date_gmt":"2023-04-05T12:29:28","guid":{"rendered":"https:\/\/www.parlor.ro\/?post_type=product&#038;p=12715"},"modified":"2025-09-02T14:27:04","modified_gmt":"2025-09-02T11:27:04","slug":"blat-inimii-electrice","status":"publish","type":"product","link":"https:\/\/www.parlor.ro\/ro\/product\/electric-heart-top\/","title":{"rendered":"Top Electric Heart"},"content":{"rendered":"<p>100% poliester deadstock<\/p>\n<p>Imprimare OEKO-TEX\u00ae Standard 100<\/p>\n<p>Sp\u0103lare delicat\u0103 la ma\u0219in\u0103<\/p>\n<hr style=\"color: #404040; height: 1px;\" \/>\n<p><b style=\"text-align: left; font-size: 1.8em;\" title=\"Top cu inim\u0103 electric\u0103 - Rochie \u0219ic pentru dam\u0103\"><b style=\"font-weight: normal;\">Top Electric Heart \u2013 Rochie \u0219ic pentru femei<\/b><\/b><br \/>\n<b style=\"font-weight: normal !important;\">Top Electric Heart<\/b> &#8211; <strong style=\"font-weight: normal !important;\">Rochie de dam\u0103 chic<\/strong>. Bustiera neagra cu imprimeu de inimi rosii, cupe triunghi si bretele reglabile, se inchide cu funda la spate. <i style=\"font-style: normal !important;\">I \u2665 Parlor<\/i> | \u00cembr\u0103c\u0103minte pentru femei \u0219i mod\u0103 pentru femei. Design Parlor de <a style=\"font-weight: normal !important;\" title=\"Veronica Zaharia\" href=\"https:\/\/www.parlor.ro\/ro\/\">Veronica Zaharia<\/a>. #ConsciousDesign este nucleul brandului nostru. El se traduce prin reinterpretarea celor mai bine v\u00e2ndute modele ale noastre, evit\u00e2nd astfel producerea de\u0219eurilor in exces. Rochiile noastre sunt atemporale, usor de purtat, potrivite at\u00e2t ziua c\u00e2t si seara. Cum arat\u0103 rochia ta de vis? R\u0103sfoi\u021bi <a style=\"font-weight: normal !important;\" title=\"Topuri de dam\u0103\" href=\"https:\/\/www.parlor.ro\/ro\/categorie-produs\/i-%e2%99%a5-salon\/varfuri\/\">Topuri de dam\u0103<\/a> <a style=\"font-weight: normal !important;\" title=\"Magazin de designer\" href=\"https:\/\/www.parlor.ro\/ro\/magazin\/\">Parlor Shop<\/a> \u0219i g\u0103se\u0219te-\u021bi rochia ACUM! Sau vizita\u021bi showroom-ul nostru pentru a g\u0103si rochia de vis \/ sun\u0103 pentru programare 0747501974! Recomand\u0103ri de cump\u0103r\u0103turi pentru tine: <a style=\"font-weight: normal !important;\" title=\"Kimono Love Affair\" href=\"https:\/\/www.parlor.ro\/ro\/produs\/kimono-de-dragoste\/\">Kimono Love Affair<\/a>, <a style=\"font-weight: normal !important;\" title=\"Rochie Blushing\" href=\"https:\/\/www.parlor.ro\/ro\/produs\/rochie-rosie\/\">Rochie Blushing<\/a>. P\u00c2N\u0102 LA 50% REDUCERE Azi! Cel mai bun pre\u021b!<\/p>","protected":false},"excerpt":{"rendered":"<p>Bustiera neagra cu imprimeu de inimi rosii, cupe triunghi si  bretele reglabile, se inchide cu funda la spate<\/p>\n<p>Fabricat din poliester mort, imprimeu intern OEKO-TEX\u00ae, inspirat din anii 60, cu inimioare destul de colorate.<\/p>\n<p>#MadeinRomania<\/p>\n<p>#FabricatinRomania<\/p>\n<p>Suntem incantati sa v\u0103 dezv\u0103luim modelele noastre si \u00een showroom: suna\u021bi pentru programare 0747501974. <strong>Produsul va fi disponibil pentru livrare la 10 zile de la comanda.<\/strong><\/p>","protected":false},"featured_media":12580,"template":"","meta":[],"product_brand":[],"product_cat":[97,141,102],"product_tag":[],"class_list":{"0":"post-12715","1":"product","2":"type-product","3":"status-publish","4":"has-post-thumbnail","6":"product_cat-i--parlor","7":"product_cat-new","8":"product_cat-tops","9":"pa_size-m-l","10":"pa_size-s-m","11":"pa_size-xs-s","12":"pif-has-gallery","14":"first","15":"outofstock","16":"shipping-taxable","17":"purchasable","18":"product-type-variable"},"post_mailing_queue_ids":[],"_links":{"self":[{"href":"https:\/\/www.parlor.ro\/ro\/wp-json\/wp\/v2\/product\/12715","targetHints":{"allow":["GET"]}}],"collection":[{"href":"https:\/\/www.parlor.ro\/ro\/wp-json\/wp\/v2\/product"}],"about":[{"href":"https:\/\/www.parlor.ro\/ro\/wp-json\/wp\/v2\/types\/product"}],"wp:featuredmedia":[{"embeddable":true,"href":"https:\/\/www.parlor.ro\/ro\/wp-json\/wp\/v2\/media\/12580"}],"wp:attachment":[{"href":"https:\/\/www.parlor.ro\/ro\/wp-json\/wp\/v2\/media?parent=12715"}],"wp:term":[{"taxonomy":"product_brand","embeddable":true,"href":"https:\/\/www.parlor.ro\/ro\/wp-json\/wp\/v2\/product_brand?post=12715"},{"taxonomy":"product_cat","embeddable":true,"href":"https:\/\/www.parlor.ro\/ro\/wp-json\/wp\/v2\/product_cat?post=12715"},{"taxonomy":"product_tag","embeddable":true,"href":"https:\/\/www.parlor.ro\/ro\/wp-json\/wp\/v2\/product_tag?post=12715"}],"curies":[{"name":"wp","href":"https:\/\/api.w.org\/{rel}","templated":true}]}}