{"id":12718,"date":"2023-04-05T15:33:08","date_gmt":"2023-04-05T12:33:08","guid":{"rendered":"https:\/\/www.parlor.ro\/?post_type=product&#038;p=12718"},"modified":"2025-03-27T14:07:42","modified_gmt":"2025-03-27T11:07:42","slug":"fusta-inima-electrica","status":"publish","type":"product","link":"https:\/\/www.parlor.ro\/ro\/product\/electric-heart-skirt\/","title":{"rendered":"Fusta Electric Heart"},"content":{"rendered":"<p>100% poliester deadstock<\/p>\n<p>Imprimare OEKO-TEX\u00ae Standard 100<\/p>\n<p><strong>Sp\u0103lare delicat\u0103 la ma\u0219in\u0103<\/strong><\/p>\n<p>Acest produs este realizat din \u021bes\u0103turi furnizate de produc\u0103tori certifica\u021bi conform standardelor europene.<\/p>\n<p>Imprimeurile sunt realizate cu vopsea ecologic\u0103 OEKO-TEX\u00ae.<\/p>\n<p>Acest produs este testat \u00een atelierul nostru \u0219i nu prezint\u0103 riscuri pentru s\u0103n\u0103tate si siguran\u021ba consumatorului.<\/p>\n<hr style=\"color: #404040; height: 1px;\" \/>\n<p><b style=\"text-align: left; font-size: 1.8em;\" title=\"Fusta Electric Heart - Rochie de designer pentru femei\"><b style=\"font-weight: normal;\">Fusta Electric Heart \u2013 Rochie de designer pentru femei<\/b><\/b><br \/>\n<b style=\"font-weight: normal !important;\">Fusta Electric Heart<\/b> &#8211; <i style=\"font-style: normal !important;\">Rochie de designer pentru femei<\/i>. Fusta Electric Heart inspirat\u0103 din anii 90 are talie reglabil\u0103 \u0219i nasturi din latex. Super preturi azi! I Love Parlour | \u00cembr\u0103c\u0103minte pentru femei \u0219i <a style=\"font-weight: normal !important;\" title=\"Moda pentru femei\" href=\"https:\/\/www.parlor.ro\/ro\/\">Moda pentru femei<\/a>. Design Parlor de Veronica Zaharia. <strong style=\"font-weight: normal !important;\">#ConsciousDesign<\/strong> este nucleul brandului nostru. El se traduce prin reinterpretarea celor mai bine v\u00e2ndute modele ale noastre, evit\u00e2nd astfel producerea de\u0219eurilor in exces.Rochiile noastre \u00eentorc capul, r\u0103coroase f\u0103r\u0103 efort \u0219i pot merge de la zi la sear\u0103 \u00eentr-o clip\u0103. Cum arat\u0103 rochia ta de vis? R\u0103sfoi\u021bi produsele noastre pentru femei <a style=\"font-weight: normal !important;\" title=\"Pantaloni de dam\u0103\" href=\"https:\/\/www.parlor.ro\/ro\/categorie-produs\/i-%e2%99%a5-salon\/fundurile\/\">Fuste<\/a> <a style=\"font-weight: normal !important;\" title=\"Magazin de femei\" href=\"https:\/\/www.parlor.ro\/ro\/magazin\/\">aici<\/a> \u0219i g\u0103se\u0219te-\u021bi rochia ACUM! Sau vizita\u021bi showroom-ul nostru pentru a g\u0103si rochia de vis \/ sun\u0103 pentru programare 0747501974! Recomand\u0103ri de cump\u0103r\u0103turi pentru tine: <a style=\"font-weight: normal !important;\" title=\"Rochie Sunrise\" href=\"https:\/\/www.parlor.ro\/ro\/produs\/rochie-de-rasarit\/\">Rochie Sunrise<\/a>, <a style=\"font-weight: normal !important;\" title=\"Colanti Lust\" href=\"https:\/\/www.parlor.ro\/ro\/produs\/jambiere-de-pofta\/\">Colanti Lust<\/a>. P\u00c2N\u0102 LA 50% REDUCERE Azi!<\/p>","protected":false},"excerpt":{"rendered":"<p>Fusta Electric Heart inspirat\u0103 din anii 90 are talie reglabil\u0103 \u0219i nasturi din latex, cu detaliu de volan asimetric.<\/p>\n<p>#MadeinRomania<\/p>\n<p>#FabricatinRomania<\/p>\n<p>Suntem incantati sa v\u0103 dezv\u0103luim modelele noastre si \u00een showroom: suna\u021bi pentru programare 0747501974.<\/p>\n<p>Modelul are 175 cm \u00een\u0103l\u021bime, 52 kg \u0219i poart\u0103 m\u0103rimea 36.<\/p>","protected":false},"featured_media":12579,"template":"","meta":[],"product_brand":[],"product_cat":[97,100],"product_tag":[],"class_list":{"0":"post-12718","1":"product","2":"type-product","3":"status-publish","4":"has-post-thumbnail","6":"product_cat-i--parlor","7":"product_cat-bottoms","8":"pa_size-124","9":"pa_size-74","10":"pa_size-75","11":"pif-has-gallery","13":"first","14":"outofstock","15":"shipping-taxable","16":"purchasable","17":"product-type-variable"},"post_mailing_queue_ids":[],"_links":{"self":[{"href":"https:\/\/www.parlor.ro\/ro\/wp-json\/wp\/v2\/product\/12718","targetHints":{"allow":["GET"]}}],"collection":[{"href":"https:\/\/www.parlor.ro\/ro\/wp-json\/wp\/v2\/product"}],"about":[{"href":"https:\/\/www.parlor.ro\/ro\/wp-json\/wp\/v2\/types\/product"}],"wp:featuredmedia":[{"embeddable":true,"href":"https:\/\/www.parlor.ro\/ro\/wp-json\/wp\/v2\/media\/12579"}],"wp:attachment":[{"href":"https:\/\/www.parlor.ro\/ro\/wp-json\/wp\/v2\/media?parent=12718"}],"wp:term":[{"taxonomy":"product_brand","embeddable":true,"href":"https:\/\/www.parlor.ro\/ro\/wp-json\/wp\/v2\/product_brand?post=12718"},{"taxonomy":"product_cat","embeddable":true,"href":"https:\/\/www.parlor.ro\/ro\/wp-json\/wp\/v2\/product_cat?post=12718"},{"taxonomy":"product_tag","embeddable":true,"href":"https:\/\/www.parlor.ro\/ro\/wp-json\/wp\/v2\/product_tag?post=12718"}],"curies":[{"name":"wp","href":"https:\/\/api.w.org\/{rel}","templated":true}]}}