{"id":13190,"date":"2023-11-06T15:55:21","date_gmt":"2023-11-06T12:55:21","guid":{"rendered":"https:\/\/www.parlor.ro\/?post_type=product&#038;p=13190"},"modified":"2025-07-07T15:59:32","modified_gmt":"2025-07-07T12:59:32","slug":"blatul-de-condimente-2","status":"publish","type":"product","link":"https:\/\/www.parlor.ro\/ro\/product\/spice-top-2\/","title":{"rendered":"TOP SPICE"},"content":{"rendered":"<p>TOP SPICE<\/p>\n<p>100% bumbac<\/p>\n<p>M\u0103rimea se potrive\u0219te de la 34FR la 38FR.<\/p>\n<p><strong>Sp\u0103lare delicat\u0103 la ma\u0219in\u0103<\/strong><\/p>\n<p>Acest produs este realizat din \u021bes\u0103turi furnizate de produc\u0103tori certifica\u021bi conform standardelor europene.<\/p>\n<p>Imprimeurile sunt realizate cu vopsea ecologic\u0103 OEKO-TEX\u00ae.<\/p>\n<p>Acest produs este testat \u00een atelierul nostru \u0219i nu prezint\u0103 riscuri pentru s\u0103n\u0103tate si siguran\u021ba consumatorului.<\/p>\n<hr style=\"color:#404040; height: 1px;\" \/>\n<p><b style=\"text-align: left; font-size:1.8em;\" title=\"TOP SPICE - #FABRICATinROMANIA Topuri de dam\u0103\" name=\"SPICE TOP - #FABRICATinROMANIA Women's Tops\"><b style=\"font-weight: normal;\">TOP SPICE \u2013 #FABRICATinROMANIA Topuri de dam\u0103<\/b><\/b><br \/>\n<b style=\"font-weight: normal !important;\">TOP SPICE<\/b> &#8211; <strong style=\"font-weight: normal !important;\">Topuri pentru femei #FABRICATinROMANIA<\/strong>. <i style=\"font-style: normal !important;\">Top negru cu guler \u00eenalt<\/i>, cu m\u00e2nec\u0103 lung\u0103, perfect\u0103 pentru tine. I Love Parlor | \u00cembr\u0103c\u0103minte \u0219i mod\u0103 pentru femei. Designuri Parlor de <a style=\"font-weight: normal !important;\" title=\"Veronica Zaharia\" href=\"https:\/\/www.parlor.ro\/ro\/\">Veronica Zaharia<\/a>Inimile noastre tresalt\u0103 de fiecare dat\u0103 c\u00e2nd vedem o femeie purt\u00e2nd un model Parlor din colec\u021biile anterioare. Croielile curate \u0219i impecabile, cele mai bune materiale \u0219i siluetele atemporale sunt cele care fac ca articolele noastre s\u0103 fie ACUM de-a lungul anilor. R\u0103sfoi\u021bi sec\u021biunea noastr\u0103 pentru femei. <a style=\"font-weight: normal !important;\" title=\"Magazinul #FABRICATinROMANIA\" href=\"https:\/\/www.parlor.ro\/ro\/magazin\/\">Parlor Shop<\/a> (pantaloni, rochii, jachete, salopete, <a style=\"font-weight: normal !important;\" title=\"Topuri #FABRICATinROMANIA\" href=\"https:\/\/www.parlor.ro\/ro\/categorie-produs\/i-%e2%99%a5-salon\/varfuri\/\">topuri<\/a>) \u0219i g\u0103se\u0219te-\u021bi rochia ACUM! Sau vizita\u021bi showroom-ul nostru pentru a v\u0103 g\u0103si rochia perfect\u0103 \/ suna\u021bi pentru programare la 0747501974! Recomand\u0103ri de cump\u0103r\u0103turi pentru tine:  <a style=\"font-weight: normal !important;\" title=\"TOP GLAM ALB\" href=\"https:\/\/www.parlor.ro\/ro\/produs\/glam-top-alb\/\">TOP GLAM ALB<\/a>, <a style=\"font-weight: normal !important;\" title=\"TRICOU QUEEN\" href=\"https:\/\/www.parlor.ro\/ro\/produs\/tricou-regina\/\">TRICOU QUEEN<\/a>Super pre\u021buri. Reduceri de p\u00e2n\u0103 la 50% ast\u0103zi! <\/p>","protected":false},"excerpt":{"rendered":"<p>Top negru cu guler \u00eenalt, m\u00e2nec\u0103 lung\u0103.<\/p>\n<p>#MADEin ROMANIA<\/p>\n<p>#FABRICATinROMANIA<\/p>\n<p>&nbsp;<\/p>","protected":false},"featured_media":13249,"template":"","meta":[],"product_brand":[],"product_cat":[97,102],"product_tag":[],"class_list":{"0":"post-13190","1":"product","2":"type-product","3":"status-publish","4":"has-post-thumbnail","6":"product_cat-i--parlor","7":"product_cat-tops","8":"pa_size-one-size","9":"pif-has-gallery","11":"first","12":"outofstock","13":"shipping-taxable","14":"purchasable","15":"product-type-variable"},"post_mailing_queue_ids":[],"_links":{"self":[{"href":"https:\/\/www.parlor.ro\/ro\/wp-json\/wp\/v2\/product\/13190","targetHints":{"allow":["GET"]}}],"collection":[{"href":"https:\/\/www.parlor.ro\/ro\/wp-json\/wp\/v2\/product"}],"about":[{"href":"https:\/\/www.parlor.ro\/ro\/wp-json\/wp\/v2\/types\/product"}],"wp:featuredmedia":[{"embeddable":true,"href":"https:\/\/www.parlor.ro\/ro\/wp-json\/wp\/v2\/media\/13249"}],"wp:attachment":[{"href":"https:\/\/www.parlor.ro\/ro\/wp-json\/wp\/v2\/media?parent=13190"}],"wp:term":[{"taxonomy":"product_brand","embeddable":true,"href":"https:\/\/www.parlor.ro\/ro\/wp-json\/wp\/v2\/product_brand?post=13190"},{"taxonomy":"product_cat","embeddable":true,"href":"https:\/\/www.parlor.ro\/ro\/wp-json\/wp\/v2\/product_cat?post=13190"},{"taxonomy":"product_tag","embeddable":true,"href":"https:\/\/www.parlor.ro\/ro\/wp-json\/wp\/v2\/product_tag?post=13190"}],"curies":[{"name":"wp","href":"https:\/\/api.w.org\/{rel}","templated":true}]}}