{"id":13267,"date":"2023-11-07T11:00:09","date_gmt":"2023-11-07T08:00:09","guid":{"rendered":"https:\/\/www.parlor.ro\/?post_type=product&#038;p=13267"},"modified":"2026-03-18T10:41:27","modified_gmt":"2026-03-18T07:41:27","slug":"top-passion-magenta","status":"publish","type":"product","link":"https:\/\/www.parlor.ro\/ro\/product\/passion-top-magenta\/","title":{"rendered":"TOP PASSION FUCSIA"},"content":{"rendered":"<p>TOP PASSION FUCSIA<\/p>\n<p>100% poliester deadstock<\/p>\n<p><strong>Sp\u0103lare delicat\u0103 la ma\u0219in\u0103<\/strong><\/p>\n<p>Acest produs este realizat din \u021bes\u0103turi furnizate de produc\u0103tori certifica\u021bi conform standardelor europene.<\/p>\n<p>Imprimeurile sunt realizate cu vopsea ecologic\u0103 OEKO-TEX\u00ae.<\/p>\n<p>Acest produs este testat \u00een atelierul nostru \u0219i nu prezint\u0103 riscuri pentru s\u0103n\u0103tate si siguran\u021ba consumatorului.<\/p>\n<hr style=\"color: #404040; height: 1px;\" \/>\n<p><b style=\"text-align: left; font-size: 1.8em;\" title=\"PASSION TOP MAGENTA - Bluze uimitoare pentru femei\"><b style=\"font-weight: normal;\">PASSION TOP MAGENTA \u2013 Bluze uimitoare pentru femei<\/b><\/b><br \/>\n<b style=\"font-weight: normal !important;\">TOP PASSION FUCSIA<\/b> &#8211; <strong style=\"font-weight: normal !important;\">Topuri uimitoare pentru femei<\/strong>. <i style=\"font-style: normal !important;\">Top Passion fucsia<\/i> este drapat pentru a capta lumina \u0219i se deschide generos \u00een spate. I Love Parlor | <a style=\"font-weight: normal !important;\" title=\"\u00cembr\u0103c\u0103minte pentru femei\" href=\"https:\/\/www.parlor.ro\/ro\/\">\u00cembr\u0103c\u0103minte pentru femei<\/a> &amp; Moda pentru femei. Design Parlor de Veronica Zaharia. #ConsciousDesign este nucleul brandului nostru. El se traduce prin reinterpretarea celor mai bine v\u00e2ndute modele ale noastre, evit\u00e2nd astfel producerea de\u0219eurilor in exces. Rochiile noastre sunt atemporale, usor de purtat, potrivite at\u00e2t ziua c\u00e2t si seara. Cum arat\u0103 rochia ta de vis? R\u0103sfoi\u021bi rochiile noastre pentru femei. <a style=\"font-weight: normal !important;\" title=\"magazin uimitor\" href=\"https:\/\/www.parlor.ro\/ro\/magazin\/\">Parlor Shop<\/a> (pantaloni, rochii, jachete, salopete, <a style=\"font-weight: normal !important;\" title=\"topuri uimitoare\" href=\"https:\/\/www.parlor.ro\/ro\/categorie-produs\/i-%e2%99%a5-salon\/varfuri\/\">topuri<\/a>) \u0219i g\u0103se\u0219te-\u021bi rochia ACUM! Sau vizita\u021bi showroom-ul nostru pentru a v\u0103 g\u0103si rochia perfect\u0103 \/ suna\u021bi pentru programare la 0747501974! Recomand\u0103ri de cump\u0103r\u0103turi pentru tine: <a style=\"font-weight: normal !important;\" title=\"PASSION TOP CAMEL\" href=\"https:\/\/www.parlor.ro\/ro\/produs\/pasiune-top-camila\/\">PASSION TOP CAMEL<\/a>, <a style=\"font-weight: normal !important;\" title=\"TOP BUBBLY\" href=\"https:\/\/www.parlor.ro\/ro\/produs\/top-cu-bule\/\">TOP BUBBLY<\/a>. Cel mai bun pre\u021b ast\u0103zi! P\u00c2N\u0102 LA 50% OFF!<\/p>","protected":false},"excerpt":{"rendered":"<p>Top drapat fucsia peliculizat cu patina lucioasa, si spate gol.<\/p>\n<p>&nbsp;<\/p>\n<p>#MadeinRomania<\/p>\n<p>#FabricatinRomania<\/p>\n<p>Suntem incantati sa v\u0103 dezv\u0103luim modelele noastre si \u00een showroom: suna\u021bi pentru programare 0747501974.<\/p>","protected":false},"featured_media":13212,"template":"","meta":[],"product_brand":[],"product_cat":[97,102],"product_tag":[],"class_list":{"0":"post-13267","1":"product","2":"type-product","3":"status-publish","4":"has-post-thumbnail","6":"product_cat-i--parlor","7":"product_cat-tops","8":"pa_size-one-size","9":"pif-has-gallery","11":"first","12":"outofstock","13":"shipping-taxable","14":"purchasable","15":"product-type-variable"},"post_mailing_queue_ids":[],"_links":{"self":[{"href":"https:\/\/www.parlor.ro\/ro\/wp-json\/wp\/v2\/product\/13267","targetHints":{"allow":["GET"]}}],"collection":[{"href":"https:\/\/www.parlor.ro\/ro\/wp-json\/wp\/v2\/product"}],"about":[{"href":"https:\/\/www.parlor.ro\/ro\/wp-json\/wp\/v2\/types\/product"}],"wp:featuredmedia":[{"embeddable":true,"href":"https:\/\/www.parlor.ro\/ro\/wp-json\/wp\/v2\/media\/13212"}],"wp:attachment":[{"href":"https:\/\/www.parlor.ro\/ro\/wp-json\/wp\/v2\/media?parent=13267"}],"wp:term":[{"taxonomy":"product_brand","embeddable":true,"href":"https:\/\/www.parlor.ro\/ro\/wp-json\/wp\/v2\/product_brand?post=13267"},{"taxonomy":"product_cat","embeddable":true,"href":"https:\/\/www.parlor.ro\/ro\/wp-json\/wp\/v2\/product_cat?post=13267"},{"taxonomy":"product_tag","embeddable":true,"href":"https:\/\/www.parlor.ro\/ro\/wp-json\/wp\/v2\/product_tag?post=13267"}],"curies":[{"name":"wp","href":"https:\/\/api.w.org\/{rel}","templated":true}]}}