{"id":13276,"date":"2023-11-06T15:56:46","date_gmt":"2023-11-06T12:56:46","guid":{"rendered":"https:\/\/www.parlor.ro\/?post_type=product&#038;p=13276"},"modified":"2026-01-13T09:46:31","modified_gmt":"2026-01-13T06:46:31","slug":"rochie-senzuala","status":"publish","type":"product","link":"https:\/\/www.parlor.ro\/ro\/product\/sensual-dress\/","title":{"rendered":"ROCHIE SENSUAL"},"content":{"rendered":"<p>ROCHIE SENSUAL<\/p>\n<p>100% poliester deadstock<\/p>\n<p><strong>Sp\u0103lare delicat\u0103 la ma\u0219in\u0103<\/strong><\/p>\n<p>Acest produs este realizat din \u021bes\u0103turi furnizate de produc\u0103tori certifica\u021bi conform standardelor europene.<\/p>\n<p>Imprimeurile sunt realizate cu vopsea ecologic\u0103 OEKO-TEX\u00ae.<\/p>\n<p>Acest produs este testat \u00een atelierul nostru \u0219i nu prezint\u0103 riscuri pentru s\u0103n\u0103tate si siguran\u021ba consumatorului.<\/p>\n<hr style=\"color: #404040; height: 1px;\" \/>\n<p><b style=\"text-align: left; font-size: 1.8em;\" title=\"ROCHIE SENSUAL\u0102 - Rochie Sensual pentru Dam\u0103\"><b style=\"font-weight: normal;\">ROCHIE SENSUAL \u2013 Rochie SENSUAL pentru femei<\/b><\/b><br \/>\n<b style=\"font-weight: normal !important;\">ROCHIE SENSUAL<\/b> &#8211; <i style=\"font-style: normal !important;\">Rochie Senzual\u0103 pentru Femei<\/i>. <strong style=\"font-weight: normal !important;\">Rochia Sensual<\/strong> se asigur\u0103 c\u0103 toate privirile sunt asupra ta. I Love Parlour | \u00cembr\u0103c\u0103minte pentru femei \u0219i pentru femei <a style=\"font-weight: normal !important;\" title=\"Moda pentru femei\" href=\"https:\/\/www.parlor.ro\/ro\/\">pentru femei<\/a>. Design Parlor de Veronica Zaharia. #ConsciousDesign este nucleul brandului nostru. El se traduce prin reinterpretarea celor mai bine v\u00e2ndute modele ale noastre, evit\u00e2nd astfel producerea de\u0219eurilor in exces. Cum arat\u0103 rochia ta de vis? R\u0103sfoieste <a style=\"font-weight: normal !important;\" title=\"Magazin Parlor\" href=\"https:\/\/www.parlor.ro\/ro\/magazin\/\">Parlor<\/a> Magazin de rochii (partea de jos, <a style=\"font-weight: normal !important;\" title=\"rochii senzuale\" href=\"https:\/\/www.parlor.ro\/ro\/categorie-produs\/i-%e2%99%a5-salon\/rochii\/\">rochii<\/a>, jachete, salopet\u0103, topuri) \u0219i g\u0103se\u0219te-\u021bi rochia ACUM! Sau vizita\u021bi showroom-ul nostru pentru a v\u0103 g\u0103si rochia perfect\u0103 \/ suna\u021bi pentru programare la 0747501974! Recomand\u0103ri de cump\u0103r\u0103turi pentru tine: <a style=\"font-weight: normal !important;\" title=\"Rochie Wild Neon\" href=\"https:\/\/www.parlor.ro\/ro\/produs\/rochie-de-neon-salbatic\/\">Rochie Wild Neon<\/a>, <a style=\"font-weight: normal !important;\" title=\"ROCHIE SWEET\" href=\"https:\/\/www.parlor.ro\/ro\/produs\/rochie-dulce-2\/\">ROCHIE SWEET<\/a>. Preturi foarte mici azi! P\u00c2N\u0102 LA 50% OFF!<\/p>","protected":false},"excerpt":{"rendered":"[sales_countdown_timer id=\"salescountdowntimer\"]\n<p>With it s shimmering coat over the perfect red and the bold V neck and backline, the Sensual dress ensures all eyes are on you.<\/p>\n<p>#MadeinRomania<\/p>\n<p>#FabricatinRomania<\/p>\n<p>We are happy to reveal our designs in our showroom \/ call for appointment 0747501974 .<\/p>\n","protected":false},"featured_media":13220,"template":"","meta":[],"product_brand":[],"product_cat":[97,99],"product_tag":[],"class_list":{"0":"post-13276","1":"product","2":"type-product","3":"status-publish","4":"has-post-thumbnail","6":"product_cat-i--parlor","7":"product_cat-dresses","8":"pa_size-124","9":"pa_size-74","10":"pa_size-75","11":"pif-has-gallery","13":"first","14":"instock","15":"sale","16":"featured","17":"shipping-taxable","18":"purchasable","19":"product-type-variable"},"post_mailing_queue_ids":[],"_links":{"self":[{"href":"https:\/\/www.parlor.ro\/ro\/wp-json\/wp\/v2\/product\/13276","targetHints":{"allow":["GET"]}}],"collection":[{"href":"https:\/\/www.parlor.ro\/ro\/wp-json\/wp\/v2\/product"}],"about":[{"href":"https:\/\/www.parlor.ro\/ro\/wp-json\/wp\/v2\/types\/product"}],"wp:featuredmedia":[{"embeddable":true,"href":"https:\/\/www.parlor.ro\/ro\/wp-json\/wp\/v2\/media\/13220"}],"wp:attachment":[{"href":"https:\/\/www.parlor.ro\/ro\/wp-json\/wp\/v2\/media?parent=13276"}],"wp:term":[{"taxonomy":"product_brand","embeddable":true,"href":"https:\/\/www.parlor.ro\/ro\/wp-json\/wp\/v2\/product_brand?post=13276"},{"taxonomy":"product_cat","embeddable":true,"href":"https:\/\/www.parlor.ro\/ro\/wp-json\/wp\/v2\/product_cat?post=13276"},{"taxonomy":"product_tag","embeddable":true,"href":"https:\/\/www.parlor.ro\/ro\/wp-json\/wp\/v2\/product_tag?post=13276"}],"curies":[{"name":"wp","href":"https:\/\/api.w.org\/{rel}","templated":true}]}}